{"id":1196,"date":"2020-06-29T12:41:46","date_gmt":"2020-06-29T12:41:46","guid":{"rendered":"https:\/\/focus112.com\/sobre-nosotros\/"},"modified":"2025-05-19T08:04:29","modified_gmt":"2025-05-19T08:04:29","slug":"sobre-nosotros","status":"publish","type":"page","link":"https:\/\/focus112.com\/es\/sobre-nosotros\/","title":{"rendered":"Sobre nosotros"},"content":{"rendered":"\t\t<div data-elementor-type=\"wp-page\" data-elementor-id=\"1196\" class=\"elementor elementor-1196 elementor-105\">\n\t\t\t\t\t\t<section class=\"elementor-section elementor-top-section elementor-element elementor-element-50b3a37 elementor-section-full_width qode_elementor_container_inner elementor-section-height-default elementor-section-height-default parallax_section_no\" data-id=\"50b3a37\" data-element_type=\"section\" data-e-type=\"section\">\n\t\t\t\t\t\t<div class=\"elementor-container elementor-column-gap-default\">\n\t\t\t\t\t<div class=\"elementor-column elementor-col-100 elementor-top-column elementor-element elementor-element-2bdce5a\" data-id=\"2bdce5a\" data-element_type=\"column\" data-e-type=\"column\">\n\t\t\t<div class=\"elementor-widget-wrap elementor-element-populated\">\n\t\t\t\t\t\t<div class=\"elementor-element elementor-element-7abc70e elementor-widget elementor-widget-heading\" data-id=\"7abc70e\" data-element_type=\"widget\" data-e-type=\"widget\" data-widget_type=\"heading.default\">\n\t\t\t\t<div class=\"elementor-widget-container\">\n\t\t\t\t\t<h2 class=\"elementor-heading-title elementor-size-default\">DATOS DE INTER\u00c9S<\/h2>\t\t\t\t<\/div>\n\t\t\t\t<\/div>\n\t\t\t\t<div class=\"elementor-element elementor-element-5b5399f elementor-widget elementor-widget-heading\" data-id=\"5b5399f\" data-element_type=\"widget\" data-e-type=\"widget\" data-widget_type=\"heading.default\">\n\t\t\t\t<div class=\"elementor-widget-container\">\n\t\t\t\t\t<h5 class=\"elementor-heading-title elementor-size-default\">Fundada en 2004, Focus Data ha obtenido resultados excepcionales con su paquete modular de gesti\u00f3n de solicitudes en todo el mundo. Tras obtener la verificaci\u00f3n ISO 27001, Focus Data se compromete a mantener los m\u00e1s altos niveles de seguridad de la informaci\u00f3n para sus socios y clientes. <\/h5>\t\t\t\t<\/div>\n\t\t\t\t<\/div>\n\t\t\t\t\t<\/div>\n\t\t<\/div>\n\t\t\t\t\t<\/div>\n\t\t<\/section>\n\t\t\t\t<section class=\"elementor-section elementor-top-section elementor-element elementor-element-8dd2583 elementor-section-full_width qode_elementor_container_inner elementor-section-height-default elementor-section-height-default parallax_section_no\" data-id=\"8dd2583\" data-element_type=\"section\" data-e-type=\"section\">\n\t\t\t\t\t\t<div class=\"elementor-container elementor-column-gap-default\">\n\t\t\t\t\t<div class=\"elementor-column elementor-col-50 elementor-top-column elementor-element elementor-element-9724e15\" data-id=\"9724e15\" data-element_type=\"column\" data-e-type=\"column\">\n\t\t\t<div class=\"elementor-widget-wrap elementor-element-populated\">\n\t\t\t\t\t\t<div class=\"elementor-element elementor-element-23de1c3 elementor-widget elementor-widget-image\" data-id=\"23de1c3\" data-element_type=\"widget\" data-e-type=\"widget\" data-widget_type=\"image.default\">\n\t\t\t\t<div class=\"elementor-widget-container\">\n\t\t\t\t\t\t\t\t\t\t\t\t\t\t\t<img fetchpriority=\"high\" decoding=\"async\" width=\"950\" height=\"831\" src=\"https:\/\/focus112.com\/wp-content\/uploads\/2024\/11\/about-us-raygreen.jpg\" class=\"attachment-full size-full wp-image-1197\" alt=\"\" srcset=\"https:\/\/focus112.com\/wp-content\/uploads\/2024\/11\/about-us-raygreen.jpg 950w, https:\/\/focus112.com\/wp-content\/uploads\/2024\/11\/about-us-raygreen-300x262.jpg 300w, https:\/\/focus112.com\/wp-content\/uploads\/2024\/11\/about-us-raygreen-768x672.jpg 768w, https:\/\/focus112.com\/wp-content\/uploads\/2024\/11\/about-us-raygreen-700x612.jpg 700w\" sizes=\"(max-width: 950px) 100vw, 950px\" \/>\t\t\t\t\t\t\t\t\t\t\t\t\t\t\t<\/div>\n\t\t\t\t<\/div>\n\t\t\t\t\t<\/div>\n\t\t<\/div>\n\t\t\t\t<div class=\"elementor-column elementor-col-50 elementor-top-column elementor-element elementor-element-acdce36\" data-id=\"acdce36\" data-element_type=\"column\" data-e-type=\"column\">\n\t\t\t<div class=\"elementor-widget-wrap elementor-element-populated\">\n\t\t\t\t\t\t<div class=\"elementor-element elementor-element-822688d elementor-widget elementor-widget-text-editor\" data-id=\"822688d\" data-element_type=\"widget\" data-e-type=\"widget\" data-widget_type=\"text-editor.default\">\n\t\t\t\t<div class=\"elementor-widget-container\">\n\t\t\t\t\t\t\t\t\t<p>La soluci\u00f3n de gesti\u00f3n de divulgaci\u00f3n de Focus Data, Focus112, permite a los operadores de red cumplir las \u00f3rdenes judiciales y las citaciones de la polic\u00eda para ayudar a atrapar a los delincuentes y salvar vidas.<\/p><p><br><\/p>\n<p>Focus112 gestiona los procesos de cumplimiento y automatiza la recuperaci\u00f3n de datos entre los organismos encargados de hacer cumplir la ley y los operadores de redes m\u00f3viles.<\/p><p><br><\/p>\n<p>Cuando se comete un delito, las fuerzas de seguridad suelen recurrir a los datos de localizaci\u00f3n de los tel\u00e9fonos m\u00f3viles para ayudar a resolverlo. Para recibir estos datos, trabajan con los operadores de red para obtener la informaci\u00f3n correcta. Focus112 automatiza este proceso, proporcionando r\u00e1pidamente los datos correctos.  <\/p><p><br><\/p>\n<p>Al gestionar la interfaz entre las empresas de telefon\u00eda m\u00f3vil y las solicitudes de las fuerzas de seguridad, Focus112 garantiza el cumplimiento de los requisitos legales al tiempo que minimiza la carga para los proveedores de red.<\/p>\t\t\t\t\t\t\t\t<\/div>\n\t\t\t\t<\/div>\n\t\t\t\t\t<\/div>\n\t\t<\/div>\n\t\t\t\t\t<\/div>\n\t\t<\/section>\n\t\t\t\t<section class=\"elementor-section elementor-top-section elementor-element elementor-element-bf026ad elementor-section-full_width qode_elementor_container_inner elementor-section-height-default elementor-section-height-default parallax_section_no\" data-id=\"bf026ad\" data-element_type=\"section\" data-e-type=\"section\">\n\t\t\t\t\t\t<div class=\"elementor-container elementor-column-gap-default\">\n\t\t\t\t\t<div class=\"elementor-column elementor-col-100 elementor-top-column elementor-element elementor-element-8eda540\" data-id=\"8eda540\" data-element_type=\"column\" data-e-type=\"column\">\n\t\t\t<div class=\"elementor-widget-wrap elementor-element-populated\">\n\t\t\t\t\t\t<div class=\"elementor-element elementor-element-08e5667 elementor-widget elementor-widget-heading\" data-id=\"08e5667\" data-element_type=\"widget\" data-e-type=\"widget\" data-widget_type=\"heading.default\">\n\t\t\t\t<div class=\"elementor-widget-container\">\n\t\t\t\t\t<h2 class=\"elementor-heading-title elementor-size-default\">Ray Green, Director General\n<\/h2>\t\t\t\t<\/div>\n\t\t\t\t<\/div>\n\t\t\t\t<div class=\"elementor-element elementor-element-a325de4 elementor-widget__width-initial elementor-widget elementor-widget-text-editor\" data-id=\"a325de4\" data-element_type=\"widget\" data-e-type=\"widget\" data-widget_type=\"text-editor.default\">\n\t\t\t\t<div class=\"elementor-widget-container\">\n\t\t\t\t\t\t\t\t\t<p>Con m\u00e1s de tres d\u00e9cadas de experiencia en an\u00e1lisis de datos e investigaci\u00f3n, Ray Green fund\u00f3 Focus Data en 2004. Al frente de un equipo de analistas empresariales, desarrolladores, probadores y gestores de proyectos, Ray construy\u00f3 el sistema Focus112, que gestiona las relaciones entre las empresas de telefon\u00eda m\u00f3vil y las Fuerzas y Cuerpos de Seguridad. <\/p><p> <\/p><p>Ray comenz\u00f3 su carrera en el Servicio de Aduanas e Impuestos Especiales de SM. Despu\u00e9s pas\u00f3 cinco a\u00f1os en Control Risks Group, una consultor\u00eda de seguridad especializada en realizar investigaciones y gestionar incidentes de seguridad para empresas de Fortune 500 y FT 100. <\/p><p> <\/p><p>En 1995, tras obtener un diploma de posgrado en Gesti\u00f3n de la Seguridad por la Universidad de Loughborough, Ray se incorpor\u00f3 a la multinacional de telecomunicaciones Vodafone, como responsable de fraudes e investigaciones. Fue pionero en t\u00e9cnicas de detecci\u00f3n, an\u00e1lisis y seguimiento del fraude. Transfiri\u00f3 esas habilidades para ayudar a las fuerzas de seguridad y ha proporcionado pruebas periciales en muchos juicios de alto nivel.  <\/p>\t\t\t\t\t\t\t\t<\/div>\n\t\t\t\t<\/div>\n\t\t\t\t\t<\/div>\n\t\t<\/div>\n\t\t\t\t\t<\/div>\n\t\t<\/section>\n\t\t\t\t<\/div>\n\t\t","protected":false},"excerpt":{"rendered":"<p>DATOS DE INTER\u00c9S Fundada en 2004, Focus Data ha obtenido resultados excepcionales con su paquete modular de gesti\u00f3n de solicitudes en todo el mundo. Tras obtener la verificaci\u00f3n ISO 27001, Focus Data se compromete a mantener los m\u00e1s altos niveles de seguridad de la informaci\u00f3n&#8230;<\/p>\n","protected":false},"author":1,"featured_media":0,"parent":0,"menu_order":0,"comment_status":"closed","ping_status":"closed","template":"full_width.php","meta":{"_monsterinsights_skip_tracking":false,"_monsterinsights_sitenote_active":false,"_monsterinsights_sitenote_note":"","_monsterinsights_sitenote_category":0,"footnotes":""},"class_list":["post-1196","page","type-page","status-publish","hentry"],"yoast_head":"<!-- This site is optimized with the Yoast SEO plugin v27.4 - https:\/\/yoast.com\/product\/yoast-seo-wordpress\/ -->\n<title>Sobre nosotros - FOCUS112 - Managing Subpoenas and Court orders from Police<\/title>\n<meta name=\"robots\" content=\"index, follow, max-snippet:-1, max-image-preview:large, max-video-preview:-1\" \/>\n<link rel=\"canonical\" href=\"https:\/\/focus112.com\/about-us\/\" \/>\n<meta property=\"og:locale\" content=\"es_ES\" \/>\n<meta property=\"og:type\" content=\"article\" \/>\n<meta property=\"og:title\" content=\"Sobre nosotros - FOCUS112 - Managing Subpoenas and Court orders from Police\" \/>\n<meta property=\"og:description\" content=\"DATOS DE INTER\u00c9S Fundada en 2004, Focus Data ha obtenido resultados excepcionales con su paquete modular de gesti\u00f3n de solicitudes en todo el mundo. Tras obtener la verificaci\u00f3n ISO 27001, Focus Data se compromete a mantener los m\u00e1s altos niveles de seguridad de la informaci\u00f3n...\" \/>\n<meta property=\"og:url\" content=\"https:\/\/focus112.com\/about-us\/\" \/>\n<meta property=\"og:site_name\" content=\"FOCUS112 - Managing Subpoenas and Court orders from Police\" \/>\n<meta property=\"article:modified_time\" content=\"2025-05-19T08:04:29+00:00\" \/>\n<meta property=\"og:image\" content=\"https:\/\/focus112.com\/wp-content\/uploads\/2024\/11\/about-us-raygreen.jpg\" \/>\n\t<meta property=\"og:image:width\" content=\"950\" \/>\n\t<meta property=\"og:image:height\" content=\"831\" \/>\n\t<meta property=\"og:image:type\" content=\"image\/jpeg\" \/>\n<meta name=\"twitter:card\" content=\"summary_large_image\" \/>\n<meta name=\"twitter:label1\" content=\"Tiempo de lectura\" \/>\n\t<meta name=\"twitter:data1\" content=\"2 minutos\" \/>\n<script type=\"application\/ld+json\" class=\"yoast-schema-graph\">{\"@context\":\"https:\\\/\\\/schema.org\",\"@graph\":[{\"@type\":\"WebPage\",\"@id\":\"https:\\\/\\\/focus112.com\\\/about-us\\\/\",\"url\":\"https:\\\/\\\/focus112.com\\\/about-us\\\/\",\"name\":\"Sobre nosotros - FOCUS112 - Managing Subpoenas and Court orders from Police\",\"isPartOf\":{\"@id\":\"https:\\\/\\\/focus112.com\\\/#website\"},\"primaryImageOfPage\":{\"@id\":\"https:\\\/\\\/focus112.com\\\/about-us\\\/#primaryimage\"},\"image\":{\"@id\":\"https:\\\/\\\/focus112.com\\\/about-us\\\/#primaryimage\"},\"thumbnailUrl\":\"https:\\\/\\\/focus112.com\\\/wp-content\\\/uploads\\\/2024\\\/11\\\/about-us-raygreen.jpg\",\"datePublished\":\"2020-06-29T12:41:46+00:00\",\"dateModified\":\"2025-05-19T08:04:29+00:00\",\"breadcrumb\":{\"@id\":\"https:\\\/\\\/focus112.com\\\/about-us\\\/#breadcrumb\"},\"inLanguage\":\"es\",\"potentialAction\":[{\"@type\":\"ReadAction\",\"target\":[\"https:\\\/\\\/focus112.com\\\/about-us\\\/\"]}]},{\"@type\":\"ImageObject\",\"inLanguage\":\"es\",\"@id\":\"https:\\\/\\\/focus112.com\\\/about-us\\\/#primaryimage\",\"url\":\"https:\\\/\\\/focus112.com\\\/wp-content\\\/uploads\\\/2024\\\/11\\\/about-us-raygreen.jpg\",\"contentUrl\":\"https:\\\/\\\/focus112.com\\\/wp-content\\\/uploads\\\/2024\\\/11\\\/about-us-raygreen.jpg\"},{\"@type\":\"BreadcrumbList\",\"@id\":\"https:\\\/\\\/focus112.com\\\/about-us\\\/#breadcrumb\",\"itemListElement\":[{\"@type\":\"ListItem\",\"position\":1,\"name\":\"Home\",\"item\":\"https:\\\/\\\/focus112.com\\\/es\\\/\"},{\"@type\":\"ListItem\",\"position\":2,\"name\":\"Sobre nosotros\"}]},{\"@type\":\"WebSite\",\"@id\":\"https:\\\/\\\/focus112.com\\\/#website\",\"url\":\"https:\\\/\\\/focus112.com\\\/\",\"name\":\"FOCUS112 - Managing Subpoenas and Court orders from Police\",\"description\":\"Legal Compliance Management Software\",\"publisher\":{\"@id\":\"https:\\\/\\\/focus112.com\\\/#organization\"},\"potentialAction\":[{\"@type\":\"SearchAction\",\"target\":{\"@type\":\"EntryPoint\",\"urlTemplate\":\"https:\\\/\\\/focus112.com\\\/?s={search_term_string}\"},\"query-input\":{\"@type\":\"PropertyValueSpecification\",\"valueRequired\":true,\"valueName\":\"search_term_string\"}}],\"inLanguage\":\"es\"},{\"@type\":\"Organization\",\"@id\":\"https:\\\/\\\/focus112.com\\\/#organization\",\"name\":\"Focus Data Services Ltd\",\"alternateName\":\"Focus112\",\"url\":\"https:\\\/\\\/focus112.com\\\/\",\"logo\":{\"@type\":\"ImageObject\",\"inLanguage\":\"es\",\"@id\":\"https:\\\/\\\/focus112.com\\\/#\\\/schema\\\/logo\\\/image\\\/\",\"url\":\"https:\\\/\\\/focus112.com\\\/wp-content\\\/uploads\\\/2024\\\/11\\\/FocusDataLogo-180w.png\",\"contentUrl\":\"https:\\\/\\\/focus112.com\\\/wp-content\\\/uploads\\\/2024\\\/11\\\/FocusDataLogo-180w.png\",\"width\":180,\"height\":74,\"caption\":\"Focus Data Services Ltd\"},\"image\":{\"@id\":\"https:\\\/\\\/focus112.com\\\/#\\\/schema\\\/logo\\\/image\\\/\"}}]}<\/script>\n<!-- \/ Yoast SEO plugin. -->","yoast_head_json":{"title":"Sobre nosotros - FOCUS112 - Managing Subpoenas and Court orders from Police","robots":{"index":"index","follow":"follow","max-snippet":"max-snippet:-1","max-image-preview":"max-image-preview:large","max-video-preview":"max-video-preview:-1"},"canonical":"https:\/\/focus112.com\/about-us\/","og_locale":"es_ES","og_type":"article","og_title":"Sobre nosotros - FOCUS112 - Managing Subpoenas and Court orders from Police","og_description":"DATOS DE INTER\u00c9S Fundada en 2004, Focus Data ha obtenido resultados excepcionales con su paquete modular de gesti\u00f3n de solicitudes en todo el mundo. Tras obtener la verificaci\u00f3n ISO 27001, Focus Data se compromete a mantener los m\u00e1s altos niveles de seguridad de la informaci\u00f3n...","og_url":"https:\/\/focus112.com\/about-us\/","og_site_name":"FOCUS112 - Managing Subpoenas and Court orders from Police","article_modified_time":"2025-05-19T08:04:29+00:00","og_image":[{"width":950,"height":831,"url":"https:\/\/focus112.com\/wp-content\/uploads\/2024\/11\/about-us-raygreen.jpg","type":"image\/jpeg"}],"twitter_card":"summary_large_image","twitter_misc":{"Tiempo de lectura":"2 minutos"},"schema":{"@context":"https:\/\/schema.org","@graph":[{"@type":"WebPage","@id":"https:\/\/focus112.com\/about-us\/","url":"https:\/\/focus112.com\/about-us\/","name":"Sobre nosotros - FOCUS112 - Managing Subpoenas and Court orders from Police","isPartOf":{"@id":"https:\/\/focus112.com\/#website"},"primaryImageOfPage":{"@id":"https:\/\/focus112.com\/about-us\/#primaryimage"},"image":{"@id":"https:\/\/focus112.com\/about-us\/#primaryimage"},"thumbnailUrl":"https:\/\/focus112.com\/wp-content\/uploads\/2024\/11\/about-us-raygreen.jpg","datePublished":"2020-06-29T12:41:46+00:00","dateModified":"2025-05-19T08:04:29+00:00","breadcrumb":{"@id":"https:\/\/focus112.com\/about-us\/#breadcrumb"},"inLanguage":"es","potentialAction":[{"@type":"ReadAction","target":["https:\/\/focus112.com\/about-us\/"]}]},{"@type":"ImageObject","inLanguage":"es","@id":"https:\/\/focus112.com\/about-us\/#primaryimage","url":"https:\/\/focus112.com\/wp-content\/uploads\/2024\/11\/about-us-raygreen.jpg","contentUrl":"https:\/\/focus112.com\/wp-content\/uploads\/2024\/11\/about-us-raygreen.jpg"},{"@type":"BreadcrumbList","@id":"https:\/\/focus112.com\/about-us\/#breadcrumb","itemListElement":[{"@type":"ListItem","position":1,"name":"Home","item":"https:\/\/focus112.com\/es\/"},{"@type":"ListItem","position":2,"name":"Sobre nosotros"}]},{"@type":"WebSite","@id":"https:\/\/focus112.com\/#website","url":"https:\/\/focus112.com\/","name":"FOCUS112 - Managing Subpoenas and Court orders from Police","description":"Legal Compliance Management Software","publisher":{"@id":"https:\/\/focus112.com\/#organization"},"potentialAction":[{"@type":"SearchAction","target":{"@type":"EntryPoint","urlTemplate":"https:\/\/focus112.com\/?s={search_term_string}"},"query-input":{"@type":"PropertyValueSpecification","valueRequired":true,"valueName":"search_term_string"}}],"inLanguage":"es"},{"@type":"Organization","@id":"https:\/\/focus112.com\/#organization","name":"Focus Data Services Ltd","alternateName":"Focus112","url":"https:\/\/focus112.com\/","logo":{"@type":"ImageObject","inLanguage":"es","@id":"https:\/\/focus112.com\/#\/schema\/logo\/image\/","url":"https:\/\/focus112.com\/wp-content\/uploads\/2024\/11\/FocusDataLogo-180w.png","contentUrl":"https:\/\/focus112.com\/wp-content\/uploads\/2024\/11\/FocusDataLogo-180w.png","width":180,"height":74,"caption":"Focus Data Services Ltd"},"image":{"@id":"https:\/\/focus112.com\/#\/schema\/logo\/image\/"}}]}},"_links":{"self":[{"href":"https:\/\/focus112.com\/es\/wp-json\/wp\/v2\/pages\/1196","targetHints":{"allow":["GET"]}}],"collection":[{"href":"https:\/\/focus112.com\/es\/wp-json\/wp\/v2\/pages"}],"about":[{"href":"https:\/\/focus112.com\/es\/wp-json\/wp\/v2\/types\/page"}],"author":[{"embeddable":true,"href":"https:\/\/focus112.com\/es\/wp-json\/wp\/v2\/users\/1"}],"replies":[{"embeddable":true,"href":"https:\/\/focus112.com\/es\/wp-json\/wp\/v2\/comments?post=1196"}],"version-history":[{"count":1,"href":"https:\/\/focus112.com\/es\/wp-json\/wp\/v2\/pages\/1196\/revisions"}],"predecessor-version":[{"id":1198,"href":"https:\/\/focus112.com\/es\/wp-json\/wp\/v2\/pages\/1196\/revisions\/1198"}],"wp:attachment":[{"href":"https:\/\/focus112.com\/es\/wp-json\/wp\/v2\/media?parent=1196"}],"curies":[{"name":"wp","href":"https:\/\/api.w.org\/{rel}","templated":true}]}}