{"id":1200,"date":"2024-12-12T08:51:53","date_gmt":"2024-12-12T08:51:53","guid":{"rendered":"https:\/\/focus112.com\/servicios-de-consultoria\/"},"modified":"2025-05-19T08:09:39","modified_gmt":"2025-05-19T08:09:39","slug":"servicios-de-consultoria","status":"publish","type":"page","link":"https:\/\/focus112.com\/es\/servicios-de-consultoria\/","title":{"rendered":"Servicios de Consultor\u00eda"},"content":{"rendered":"\t\t<div data-elementor-type=\"wp-page\" data-elementor-id=\"1200\" class=\"elementor elementor-1200 elementor-754\">\n\t\t\t\t\t\t<section class=\"elementor-section elementor-top-section elementor-element elementor-element-4c79cb6 elementor-section-full_width qode_elementor_container_inner elementor-section-height-default elementor-section-height-default parallax_section_no\" data-id=\"4c79cb6\" data-element_type=\"section\" data-e-type=\"section\">\n\t\t\t\t\t\t<div class=\"elementor-container elementor-column-gap-default\">\n\t\t\t\t\t<div class=\"elementor-column elementor-col-100 elementor-top-column elementor-element elementor-element-e610e06\" data-id=\"e610e06\" data-element_type=\"column\" data-e-type=\"column\">\n\t\t\t<div class=\"elementor-widget-wrap elementor-element-populated\">\n\t\t\t\t\t\t<div class=\"elementor-element elementor-element-03ca2b5 elementor-widget elementor-widget-heading\" data-id=\"03ca2b5\" data-element_type=\"widget\" data-e-type=\"widget\" data-widget_type=\"heading.default\">\n\t\t\t\t<div class=\"elementor-widget-container\">\n\t\t\t\t\t<h2 class=\"elementor-heading-title elementor-size-default\">Optimizar las funciones de las fuerzas de seguridad<br>Relaciones<\/h2>\t\t\t\t<\/div>\n\t\t\t\t<\/div>\n\t\t\t\t<div class=\"elementor-element elementor-element-c049587 elementor-widget elementor-widget-text-editor\" data-id=\"c049587\" data-element_type=\"widget\" data-e-type=\"widget\" data-widget_type=\"text-editor.default\">\n\t\t\t\t<div class=\"elementor-widget-container\">\n\t\t\t\t\t\t\t\t\t<div><p>Las Relaciones con las Fuerzas y Cuerpos de Seguridad, los Equipos de Divulgaci\u00f3n o las Unidades de Cumplimiento no son funciones empresariales t\u00edpicas que operen dentro de los conjuntos de reglas empresariales t\u00edpicos. Las acciones de estos equipos tienen consecuencias importantes. Se confiar\u00e1 en la informaci\u00f3n producida para tomar decisiones legales importantes con implicaciones importantes, y las acciones de la direcci\u00f3n y el personal pueden ser examinadas en un tribunal meses o a\u00f1os despu\u00e9s.<\/p><p>Trabajando con proveedores de servicios de telecomunicaciones, reguladores, fuerzas de seguridad y policiales, Focus Data ofrece un servicio completo de consultor\u00eda, garantizando que el cumplimiento legal y la gesti\u00f3n de la divulgaci\u00f3n se ajusten a la normativa y la pol\u00edtica locales de protecci\u00f3n de datos para una divulgaci\u00f3n de datos controlada y auditada.<\/p><p> <\/p><\/div><div> <\/div><p>Responder manualmente a las solicitudes de datos de las fuerzas de seguridad supone una demanda interminable de recursos para las redes de telecomunicaciones. Sin embargo, cada segundo cuenta. Las respuestas r\u00e1pidas, precisas y las reclamaciones son esenciales para todas las partes.<\/p><p>Nuestro potente sistema automatizado permite a una empresa recibir y registrar r\u00e1pidamente citaciones, \u00f3rdenes judiciales y otras demandas. La soluci\u00f3n recupera autom\u00e1ticamente los datos brutos de los sistemas back-end y presenta informaci\u00f3n clara, procesable y conforme en cuesti\u00f3n de minutos.<\/p>\t\t\t\t\t\t\t\t<\/div>\n\t\t\t\t<\/div>\n\t\t\t\t\t<\/div>\n\t\t<\/div>\n\t\t\t\t\t<\/div>\n\t\t<\/section>\n\t\t\t\t<section class=\"elementor-section elementor-top-section elementor-element elementor-element-58f1ae8 elementor-section-full_width qode_elementor_container_inner elementor-section-height-default elementor-section-height-default parallax_section_no\" data-id=\"58f1ae8\" data-element_type=\"section\" data-e-type=\"section\">\n\t\t\t\t\t\t<div class=\"elementor-container elementor-column-gap-default\">\n\t\t\t\t\t<div class=\"elementor-column elementor-col-100 elementor-top-column elementor-element elementor-element-c38a825\" data-id=\"c38a825\" data-element_type=\"column\" data-e-type=\"column\">\n\t\t\t<div class=\"elementor-widget-wrap elementor-element-populated\">\n\t\t\t\t\t\t<div class=\"elementor-element elementor-element-20e7725 elementor-widget elementor-widget-heading\" data-id=\"20e7725\" data-element_type=\"widget\" data-e-type=\"widget\" data-widget_type=\"heading.default\">\n\t\t\t\t<div class=\"elementor-widget-container\">\n\t\t\t\t\t<h2 class=\"elementor-heading-title elementor-size-default\">El servicio de consultor\u00eda de Focus Data puede<\/h2>\t\t\t\t<\/div>\n\t\t\t\t<\/div>\n\t\t\t\t\t<\/div>\n\t\t<\/div>\n\t\t\t\t\t<\/div>\n\t\t<\/section>\n\t\t\t\t<section class=\"elementor-section elementor-top-section elementor-element elementor-element-738f97a elementor-section-full_width qode_elementor_container_inner elementor-section-height-default elementor-section-height-default parallax_section_no\" data-id=\"738f97a\" data-element_type=\"section\" data-e-type=\"section\">\n\t\t\t\t\t\t<div class=\"elementor-container elementor-column-gap-default\">\n\t\t\t\t\t<div class=\"elementor-column elementor-col-25 elementor-top-column elementor-element elementor-element-98ab528\" data-id=\"98ab528\" data-element_type=\"column\" data-e-type=\"column\">\n\t\t\t<div class=\"elementor-widget-wrap elementor-element-populated\">\n\t\t\t\t\t\t<div class=\"elementor-element elementor-element-97be5e1 elementor-widget elementor-widget-bridge_icon_text\" data-id=\"97be5e1\" data-element_type=\"widget\" data-e-type=\"widget\" data-widget_type=\"bridge_icon_text.default\">\n\t\t\t\t<div class=\"elementor-widget-container\">\n\t\t\t\t\t<div class='q_icon_with_title tiny normal_icon center qode-iwt-content-alignment-left '><div class=\"icon_holder \" style=\" \"><span data-icon-type=\"normal\" style=\"font-size: 25px\" class=\"qode_iwt_icon_holder q_font_awsome_icon   \"><span aria-hidden=\"true\" class=\"qode_icon_font_elegant icon_lock_alt qode_iwt_icon_element\"><\/span><\/span><\/div><div class=\"icon_text_holder\" style=\"\"><div class=\"icon_text_inner\" style=\"\"><h4 class=\"icon_title\" style=\"\">operaciones<\/h4><p style=''>Ayudar a los equipos a revisar las operaciones actuales y proporcionar asesoramiento experto sobre las mejores pr\u00e1cticas y la optimizaci\u00f3n de los procesos<\/p><\/div><\/div><\/div>\t\t\t\t<\/div>\n\t\t\t\t<\/div>\n\t\t\t\t\t<\/div>\n\t\t<\/div>\n\t\t\t\t<div class=\"elementor-column elementor-col-25 elementor-top-column elementor-element elementor-element-5786977\" data-id=\"5786977\" data-element_type=\"column\" data-e-type=\"column\">\n\t\t\t<div class=\"elementor-widget-wrap elementor-element-populated\">\n\t\t\t\t\t\t<div class=\"elementor-element elementor-element-53ae4ed elementor-widget elementor-widget-bridge_icon_text\" data-id=\"53ae4ed\" data-element_type=\"widget\" data-e-type=\"widget\" data-widget_type=\"bridge_icon_text.default\">\n\t\t\t\t<div class=\"elementor-widget-container\">\n\t\t\t\t\t<div class='q_icon_with_title tiny normal_icon center qode-iwt-content-alignment-left '><div class=\"icon_holder \" style=\" \"><span data-icon-type=\"normal\" style=\"font-size: 25px\" class=\"qode_iwt_icon_holder q_font_awsome_icon   \"><span aria-hidden=\"true\" class=\"qode_icon_font_elegant icon_chat_alt qode_iwt_icon_element\"><\/span><\/span><\/div><div class=\"icon_text_holder\" style=\"\"><div class=\"icon_text_inner\" style=\"\"><h4 class=\"icon_title\" style=\"\">ideas<\/h4><p style=''>Aportar experiencias en concepto, dise\u00f1o, despliegue, operaciones y gesti\u00f3n. Focus Data est\u00e1 aqu\u00ed para garantizar que los objetivos empresariales se alcancen con eficacia<\/p><\/div><\/div><\/div>\t\t\t\t<\/div>\n\t\t\t\t<\/div>\n\t\t\t\t\t<\/div>\n\t\t<\/div>\n\t\t\t\t<div class=\"elementor-column elementor-col-25 elementor-top-column elementor-element elementor-element-6a71d94\" data-id=\"6a71d94\" data-element_type=\"column\" data-e-type=\"column\">\n\t\t\t<div class=\"elementor-widget-wrap elementor-element-populated\">\n\t\t\t\t\t\t<div class=\"elementor-element elementor-element-6b3984b elementor-widget elementor-widget-bridge_icon_text\" data-id=\"6b3984b\" data-element_type=\"widget\" data-e-type=\"widget\" data-widget_type=\"bridge_icon_text.default\">\n\t\t\t\t<div class=\"elementor-widget-container\">\n\t\t\t\t\t<div class='q_icon_with_title tiny normal_icon center qode-iwt-content-alignment-left '><div class=\"icon_holder \" style=\" \"><span data-icon-type=\"normal\" style=\"font-size: 25px\" class=\"qode_iwt_icon_holder q_font_awsome_icon   \"><span aria-hidden=\"true\" class=\"qode_icon_font_elegant icon_lightbulb_alt qode_iwt_icon_element\"><\/span><\/span><\/div><div class=\"icon_text_holder\" style=\"\"><div class=\"icon_text_inner\" style=\"\"><h4 class=\"icon_title\" style=\"\">experiencia<\/h4><p style=''>Aportar experiencia t\u00e9cnica y visi\u00f3n comercial para realizar proyectos de aplicaci\u00f3n de la ley, solicitud y gesti\u00f3n de la divulgaci\u00f3n.  <\/p><\/div><\/div><\/div>\t\t\t\t<\/div>\n\t\t\t\t<\/div>\n\t\t\t\t\t<\/div>\n\t\t<\/div>\n\t\t\t\t<div class=\"elementor-column elementor-col-25 elementor-top-column elementor-element elementor-element-f567c39\" data-id=\"f567c39\" data-element_type=\"column\" data-e-type=\"column\">\n\t\t\t<div class=\"elementor-widget-wrap elementor-element-populated\">\n\t\t\t\t\t\t<div class=\"elementor-element elementor-element-0ced165 elementor-widget elementor-widget-bridge_icon_text\" data-id=\"0ced165\" data-element_type=\"widget\" data-e-type=\"widget\" data-widget_type=\"bridge_icon_text.default\">\n\t\t\t\t<div class=\"elementor-widget-container\">\n\t\t\t\t\t<div class='q_icon_with_title tiny normal_icon center qode-iwt-content-alignment-left '><div class=\"icon_holder \" style=\" \"><span data-icon-type=\"normal\" style=\"font-size: 25px\" class=\"qode_iwt_icon_holder q_font_awsome_icon   \"><span aria-hidden=\"true\" class=\"qode_icon_font_elegant icon_cone_alt qode_iwt_icon_element\"><\/span><\/span><\/div><div class=\"icon_text_holder\" style=\"\"><div class=\"icon_text_inner\" style=\"\"><h4 class=\"icon_title\" style=\"\">trabajo en equipo<\/h4><p style=''>Combinar equipos multidisciplinares de consultores y especialistas t\u00e9cnicos de primer nivel para permitir la entrega en cada punto del ciclo de vida de un proyecto.<\/p><\/div><\/div><\/div>\t\t\t\t<\/div>\n\t\t\t\t<\/div>\n\t\t\t\t\t<\/div>\n\t\t<\/div>\n\t\t\t\t\t<\/div>\n\t\t<\/section>\n\t\t\t\t<\/div>\n\t\t","protected":false},"excerpt":{"rendered":"<p>Optimizar las funciones de las fuerzas de seguridadRelaciones Las Relaciones con las Fuerzas y Cuerpos de Seguridad, los Equipos de Divulgaci\u00f3n o las Unidades de Cumplimiento no son funciones empresariales t\u00edpicas que operen dentro de los conjuntos de reglas empresariales t\u00edpicos. Las acciones de estos&#8230;<\/p>\n","protected":false},"author":1,"featured_media":0,"parent":0,"menu_order":0,"comment_status":"closed","ping_status":"closed","template":"full_width.php","meta":{"_monsterinsights_skip_tracking":false,"_monsterinsights_sitenote_active":false,"_monsterinsights_sitenote_note":"","_monsterinsights_sitenote_category":0,"footnotes":""},"class_list":["post-1200","page","type-page","status-publish","hentry"],"yoast_head":"<!-- This site is optimized with the Yoast SEO plugin v27.4 - https:\/\/yoast.com\/product\/yoast-seo-wordpress\/ -->\n<title>Servicios de Consultor\u00eda - FOCUS112 - Managing Subpoenas and Court orders from Police<\/title>\n<meta name=\"robots\" content=\"index, follow, max-snippet:-1, max-image-preview:large, max-video-preview:-1\" \/>\n<link rel=\"canonical\" href=\"https:\/\/focus112.com\/services\/\" \/>\n<meta property=\"og:locale\" content=\"es_ES\" \/>\n<meta property=\"og:type\" content=\"article\" \/>\n<meta property=\"og:title\" content=\"Servicios de Consultor\u00eda - FOCUS112 - Managing Subpoenas and Court orders from Police\" \/>\n<meta property=\"og:description\" content=\"Optimizar las funciones de las fuerzas de seguridadRelaciones Las Relaciones con las Fuerzas y Cuerpos de Seguridad, los Equipos de Divulgaci\u00f3n o las Unidades de Cumplimiento no son funciones empresariales t\u00edpicas que operen dentro de los conjuntos de reglas empresariales t\u00edpicos. Las acciones de estos...\" \/>\n<meta property=\"og:url\" content=\"https:\/\/focus112.com\/services\/\" \/>\n<meta property=\"og:site_name\" content=\"FOCUS112 - Managing Subpoenas and Court orders from Police\" \/>\n<meta property=\"article:modified_time\" content=\"2025-05-19T08:09:39+00:00\" \/>\n<meta name=\"twitter:card\" content=\"summary_large_image\" \/>\n<meta name=\"twitter:label1\" content=\"Tiempo de lectura\" \/>\n\t<meta name=\"twitter:data1\" content=\"2 minutos\" \/>\n<script type=\"application\/ld+json\" class=\"yoast-schema-graph\">{\"@context\":\"https:\\\/\\\/schema.org\",\"@graph\":[{\"@type\":\"WebPage\",\"@id\":\"https:\\\/\\\/focus112.com\\\/services\\\/\",\"url\":\"https:\\\/\\\/focus112.com\\\/services\\\/\",\"name\":\"Servicios de Consultor\u00eda - FOCUS112 - Managing Subpoenas and Court orders from Police\",\"isPartOf\":{\"@id\":\"https:\\\/\\\/focus112.com\\\/#website\"},\"datePublished\":\"2024-12-12T08:51:53+00:00\",\"dateModified\":\"2025-05-19T08:09:39+00:00\",\"breadcrumb\":{\"@id\":\"https:\\\/\\\/focus112.com\\\/services\\\/#breadcrumb\"},\"inLanguage\":\"es\",\"potentialAction\":[{\"@type\":\"ReadAction\",\"target\":[\"https:\\\/\\\/focus112.com\\\/services\\\/\"]}]},{\"@type\":\"BreadcrumbList\",\"@id\":\"https:\\\/\\\/focus112.com\\\/services\\\/#breadcrumb\",\"itemListElement\":[{\"@type\":\"ListItem\",\"position\":1,\"name\":\"Home\",\"item\":\"https:\\\/\\\/focus112.com\\\/es\\\/\"},{\"@type\":\"ListItem\",\"position\":2,\"name\":\"Servicios de Consultor\u00eda\"}]},{\"@type\":\"WebSite\",\"@id\":\"https:\\\/\\\/focus112.com\\\/#website\",\"url\":\"https:\\\/\\\/focus112.com\\\/\",\"name\":\"FOCUS112 - Managing Subpoenas and Court orders from Police\",\"description\":\"Legal Compliance Management Software\",\"publisher\":{\"@id\":\"https:\\\/\\\/focus112.com\\\/#organization\"},\"potentialAction\":[{\"@type\":\"SearchAction\",\"target\":{\"@type\":\"EntryPoint\",\"urlTemplate\":\"https:\\\/\\\/focus112.com\\\/?s={search_term_string}\"},\"query-input\":{\"@type\":\"PropertyValueSpecification\",\"valueRequired\":true,\"valueName\":\"search_term_string\"}}],\"inLanguage\":\"es\"},{\"@type\":\"Organization\",\"@id\":\"https:\\\/\\\/focus112.com\\\/#organization\",\"name\":\"Focus Data Services Ltd\",\"alternateName\":\"Focus112\",\"url\":\"https:\\\/\\\/focus112.com\\\/\",\"logo\":{\"@type\":\"ImageObject\",\"inLanguage\":\"es\",\"@id\":\"https:\\\/\\\/focus112.com\\\/#\\\/schema\\\/logo\\\/image\\\/\",\"url\":\"https:\\\/\\\/focus112.com\\\/wp-content\\\/uploads\\\/2024\\\/11\\\/FocusDataLogo-180w.png\",\"contentUrl\":\"https:\\\/\\\/focus112.com\\\/wp-content\\\/uploads\\\/2024\\\/11\\\/FocusDataLogo-180w.png\",\"width\":180,\"height\":74,\"caption\":\"Focus Data Services Ltd\"},\"image\":{\"@id\":\"https:\\\/\\\/focus112.com\\\/#\\\/schema\\\/logo\\\/image\\\/\"}}]}<\/script>\n<!-- \/ Yoast SEO plugin. -->","yoast_head_json":{"title":"Servicios de Consultor\u00eda - FOCUS112 - Managing Subpoenas and Court orders from Police","robots":{"index":"index","follow":"follow","max-snippet":"max-snippet:-1","max-image-preview":"max-image-preview:large","max-video-preview":"max-video-preview:-1"},"canonical":"https:\/\/focus112.com\/services\/","og_locale":"es_ES","og_type":"article","og_title":"Servicios de Consultor\u00eda - FOCUS112 - Managing Subpoenas and Court orders from Police","og_description":"Optimizar las funciones de las fuerzas de seguridadRelaciones Las Relaciones con las Fuerzas y Cuerpos de Seguridad, los Equipos de Divulgaci\u00f3n o las Unidades de Cumplimiento no son funciones empresariales t\u00edpicas que operen dentro de los conjuntos de reglas empresariales t\u00edpicos. Las acciones de estos...","og_url":"https:\/\/focus112.com\/services\/","og_site_name":"FOCUS112 - Managing Subpoenas and Court orders from Police","article_modified_time":"2025-05-19T08:09:39+00:00","twitter_card":"summary_large_image","twitter_misc":{"Tiempo de lectura":"2 minutos"},"schema":{"@context":"https:\/\/schema.org","@graph":[{"@type":"WebPage","@id":"https:\/\/focus112.com\/services\/","url":"https:\/\/focus112.com\/services\/","name":"Servicios de Consultor\u00eda - FOCUS112 - Managing Subpoenas and Court orders from Police","isPartOf":{"@id":"https:\/\/focus112.com\/#website"},"datePublished":"2024-12-12T08:51:53+00:00","dateModified":"2025-05-19T08:09:39+00:00","breadcrumb":{"@id":"https:\/\/focus112.com\/services\/#breadcrumb"},"inLanguage":"es","potentialAction":[{"@type":"ReadAction","target":["https:\/\/focus112.com\/services\/"]}]},{"@type":"BreadcrumbList","@id":"https:\/\/focus112.com\/services\/#breadcrumb","itemListElement":[{"@type":"ListItem","position":1,"name":"Home","item":"https:\/\/focus112.com\/es\/"},{"@type":"ListItem","position":2,"name":"Servicios de Consultor\u00eda"}]},{"@type":"WebSite","@id":"https:\/\/focus112.com\/#website","url":"https:\/\/focus112.com\/","name":"FOCUS112 - Managing Subpoenas and Court orders from Police","description":"Legal Compliance Management Software","publisher":{"@id":"https:\/\/focus112.com\/#organization"},"potentialAction":[{"@type":"SearchAction","target":{"@type":"EntryPoint","urlTemplate":"https:\/\/focus112.com\/?s={search_term_string}"},"query-input":{"@type":"PropertyValueSpecification","valueRequired":true,"valueName":"search_term_string"}}],"inLanguage":"es"},{"@type":"Organization","@id":"https:\/\/focus112.com\/#organization","name":"Focus Data Services Ltd","alternateName":"Focus112","url":"https:\/\/focus112.com\/","logo":{"@type":"ImageObject","inLanguage":"es","@id":"https:\/\/focus112.com\/#\/schema\/logo\/image\/","url":"https:\/\/focus112.com\/wp-content\/uploads\/2024\/11\/FocusDataLogo-180w.png","contentUrl":"https:\/\/focus112.com\/wp-content\/uploads\/2024\/11\/FocusDataLogo-180w.png","width":180,"height":74,"caption":"Focus Data Services Ltd"},"image":{"@id":"https:\/\/focus112.com\/#\/schema\/logo\/image\/"}}]}},"_links":{"self":[{"href":"https:\/\/focus112.com\/es\/wp-json\/wp\/v2\/pages\/1200","targetHints":{"allow":["GET"]}}],"collection":[{"href":"https:\/\/focus112.com\/es\/wp-json\/wp\/v2\/pages"}],"about":[{"href":"https:\/\/focus112.com\/es\/wp-json\/wp\/v2\/types\/page"}],"author":[{"embeddable":true,"href":"https:\/\/focus112.com\/es\/wp-json\/wp\/v2\/users\/1"}],"replies":[{"embeddable":true,"href":"https:\/\/focus112.com\/es\/wp-json\/wp\/v2\/comments?post=1200"}],"version-history":[{"count":1,"href":"https:\/\/focus112.com\/es\/wp-json\/wp\/v2\/pages\/1200\/revisions"}],"predecessor-version":[{"id":1201,"href":"https:\/\/focus112.com\/es\/wp-json\/wp\/v2\/pages\/1200\/revisions\/1201"}],"wp:attachment":[{"href":"https:\/\/focus112.com\/es\/wp-json\/wp\/v2\/media?parent=1200"}],"curies":[{"name":"wp","href":"https:\/\/api.w.org\/{rel}","templated":true}]}}