{"id":1205,"date":"2024-12-10T11:19:08","date_gmt":"2024-12-10T11:19:08","guid":{"rendered":"https:\/\/focus112.com\/politica-de-cookies\/"},"modified":"2025-05-19T08:10:06","modified_gmt":"2025-05-19T08:10:06","slug":"politica-de-cookies","status":"publish","type":"page","link":"https:\/\/focus112.com\/es\/politica-de-cookies\/","title":{"rendered":"Pol\u00edtica de cookies"},"content":{"rendered":"\t\t<div data-elementor-type=\"wp-page\" data-elementor-id=\"1205\" class=\"elementor elementor-1205 elementor-733\">\n\t\t\t\t<div class=\"elementor-element elementor-element-3b927d3d e-flex e-con-boxed parallax_section_no qode_elementor_container_no e-con e-parent\" data-id=\"3b927d3d\" data-element_type=\"container\" data-e-type=\"container\">\n\t\t\t\t\t<div class=\"e-con-inner\">\n\t\t\t\t<div class=\"elementor-element elementor-element-1d46648c elementor-widget elementor-widget-text-editor\" data-id=\"1d46648c\" data-element_type=\"widget\" data-e-type=\"widget\" data-widget_type=\"text-editor.default\">\n\t\t\t\t<div class=\"elementor-widget-container\">\n\t\t\t\t\t\t\t\t\t<h4>C\u00f3mo utiliza Focus Data Services las cookies<\/h4>\n<p>Las cookies no pueden utilizarse para identificarte personalmente.<\/p>\n<p>Estos datos se utilizan para mejorar los servicios que te prestamos mediante, por ejemplo:<\/p>\n<ul>\n<li>permitir que un servicio reconozca tu dispositivo para que no tengas que dar la misma informaci\u00f3n varias veces durante una tarea<\/li>\n<li>reconocer que es posible que ya hayas dado un nombre de usuario y una contrase\u00f1a para no tener que hacerlo para cada p\u00e1gina web solicitada<\/li>\n<li>medir cu\u00e1ntas personas utilizan los servicios, para que sean m\u00e1s f\u00e1ciles de usar y haya capacidad suficiente para garantizar su rapidez<\/li>\n<li>analizar datos que nos ayuden a comprender c\u00f3mo utilizas nuestros servicios para poder mejorarlos<\/li>\n<\/ul>\n<p>&nbsp;<\/p>\n<p>Las cookies se almacenan en la memoria del ordenador s\u00f3lo durante tu sesi\u00f3n de navegaci\u00f3n y se borran autom\u00e1ticamente de tu ordenador cuando se cierra el navegador.<\/p>\n<p>&nbsp;<\/p>\n<p>Estas cookies suelen almacenar un identificador de sesi\u00f3n que no identifica personalmente a los usuarios, lo que te permite pasar de una p\u00e1gina a otra sin tener que iniciar sesi\u00f3n repetidamente. Las cookies de sesi\u00f3n nunca se escriben en el disco duro y no recogen ninguna informaci\u00f3n de tu ordenador. <\/p>\n<p>&nbsp;<\/p>\n<p>Las cookies de sesi\u00f3n caducan al final de la sesi\u00f3n de tu navegador y dejan de ser accesibles despu\u00e9s de que la sesi\u00f3n haya estado inactiva durante un tiempo determinado, normalmente 20 minutos.<\/p>\n<p>&nbsp;<\/p>\n<h4>Nuestro uso de Cookies de terceros<\/h4>\n<p>Utilizamos el software Google Analytics para ayudarnos a mejorar la usabilidad de nuestro sitio web; el tipo de informaci\u00f3n recopilada se refiere a la cantidad de tiempo pasado en el sitio web y las p\u00e1ginas visitadas. No se guarda ninguna informaci\u00f3n personal. <\/p>\n<p>&nbsp;<\/p>\n<h4>Estas son las cookies activas que estamos utilizando en tu navegador en este momento<\/h4>\n<p>&nbsp;<\/p>\n<p>&nbsp;<\/p>\n<table class=\"cookies wide-fat\"><thead><tr><td>Cookie Name<\/td><td>Cookie Category<\/td><td>Description<\/td><td>Duration<\/td><\/tr><\/thead><tr><td>wordpress_<\/td><td>2<\/td><td>WordPress cookie for a logged in user.<\/td><td>session<\/td><\/tr><tr><td>wordpress_logged_in_<\/td><td>2<\/td><td>WordPress cookie for a logged in user<\/td><td>session<\/td><\/tr><tr><td>wordpress_test_<\/td><td>2<\/td><td>WordPress cookie for a logged in user<\/td><td>session<\/td><\/tr><tr><td>wordpress_test_cookie<\/td><td>2<\/td><td>WordPress test cookie<\/td><td>session<\/td><\/tr><tr><td>wp-settings-<\/td><td>1<\/td><td>WordPress also sets a few wp-settings-[UID] cookies.\nThe number on the end is your individual user ID from the users database table. \nThis is used to customize your view of admin interface, and possibly also the main site interface. \n<\/td><td>1 year<\/td><\/tr><tr><td>wp-settings-time-<\/td><td>2<\/td><td>WordPress also sets a few wp-settings-{time}-[UID] cookies. The number on the end is your individual user ID from the users database table. This is used to customize your view of admin interface, and possibly also the main site interface.\n<\/td><td>1 year<\/td><\/tr><tr><td>PHPSESSID<\/td><td>1<\/td><td>To identify your unique session on the website<\/td><td>session<\/td><\/tr><tr><td>SESS<\/td><td>1<\/td><td>To ensure that you are recognised when you move from page to page within the site and that any information you have entered is remembered.<\/td><td>session<\/td><\/tr><tr><td>__utma<\/td><td>2<\/td><td>This cookie keeps track of the number of times a visitor has been to the site pertaining to the cookie, when their first visit was, and when their last visit occurred. Google Analytics uses the information from this cookie to calculate things like Days and Visits to purchase.<\/td><td>permanent<\/td><\/tr><tr><td>__utmb<\/td><td>2<\/td><td>__utmb is a Google Analytics cookie. It takes a timestamp of the exact moment in time when a visitor enters a site.<\/td><td>session<\/td><\/tr><tr><td>__utmc<\/td><td>2<\/td><td>__utmc takes a timestamp of the exact moment in time when a visitor leaves a site.<\/td><td>30 mins<\/td><\/tr><tr><td>__utmz<\/td><td>2<\/td><td>Keeps track of where the visitor came from, what search engine you used, what link you clicked on, what keyword you used, and where they were in the world when you accessed a website. This cookie is how Google Analytics knows to whom and to what source \/ medium \/ keyword to assign the credit for a Goal Conversion or an Ecommerce Transaction. \n<\/td><td>6 months<\/td><\/tr><\/table>\t\t\t\t\t\t\t\t<\/div>\n\t\t\t\t<\/div>\n\t\t\t\t\t<\/div>\n\t\t\t\t<\/div>\n\t\t\t\t<\/div>\n\t\t","protected":false},"excerpt":{"rendered":"<p>C\u00f3mo utiliza Focus Data Services las cookies Las cookies no pueden utilizarse para identificarte personalmente. Estos datos se utilizan para mejorar los servicios que te prestamos mediante, por ejemplo: permitir que un servicio reconozca tu dispositivo para que no tengas que dar la misma informaci\u00f3n&#8230;<\/p>\n","protected":false},"author":1,"featured_media":0,"parent":0,"menu_order":0,"comment_status":"closed","ping_status":"closed","template":"","meta":{"_monsterinsights_skip_tracking":false,"_monsterinsights_sitenote_active":false,"_monsterinsights_sitenote_note":"","_monsterinsights_sitenote_category":0,"footnotes":""},"class_list":["post-1205","page","type-page","status-publish","hentry"],"yoast_head":"<!-- This site is optimized with the Yoast SEO plugin v27.5 - https:\/\/yoast.com\/product\/yoast-seo-wordpress\/ -->\n<title>Pol\u00edtica de cookies - FOCUS112 - Managing Subpoenas and Court orders from Police<\/title>\n<meta name=\"robots\" content=\"index, follow, max-snippet:-1, max-image-preview:large, max-video-preview:-1\" \/>\n<link rel=\"canonical\" href=\"https:\/\/focus112.com\/cookie-policy\/\" \/>\n<meta property=\"og:locale\" content=\"es_ES\" \/>\n<meta property=\"og:type\" content=\"article\" \/>\n<meta property=\"og:title\" content=\"Pol\u00edtica de cookies - FOCUS112 - Managing Subpoenas and Court orders from Police\" \/>\n<meta property=\"og:description\" content=\"C\u00f3mo utiliza Focus Data Services las cookies Las cookies no pueden utilizarse para identificarte personalmente. Estos datos se utilizan para mejorar los servicios que te prestamos mediante, por ejemplo: permitir que un servicio reconozca tu dispositivo para que no tengas que dar la misma informaci\u00f3n...\" \/>\n<meta property=\"og:url\" content=\"https:\/\/focus112.com\/cookie-policy\/\" \/>\n<meta property=\"og:site_name\" content=\"FOCUS112 - Managing Subpoenas and Court orders from Police\" \/>\n<meta property=\"article:modified_time\" content=\"2025-05-19T08:10:06+00:00\" \/>\n<meta name=\"twitter:card\" content=\"summary_large_image\" \/>\n<meta name=\"twitter:label1\" content=\"Tiempo de lectura\" \/>\n\t<meta name=\"twitter:data1\" content=\"2 minutos\" \/>\n<script type=\"application\/ld+json\" class=\"yoast-schema-graph\">{\"@context\":\"https:\\\/\\\/schema.org\",\"@graph\":[{\"@type\":\"WebPage\",\"@id\":\"https:\\\/\\\/focus112.com\\\/cookie-policy\\\/\",\"url\":\"https:\\\/\\\/focus112.com\\\/cookie-policy\\\/\",\"name\":\"Pol\u00edtica de cookies - FOCUS112 - Managing Subpoenas and Court orders from Police\",\"isPartOf\":{\"@id\":\"https:\\\/\\\/focus112.com\\\/#website\"},\"datePublished\":\"2024-12-10T11:19:08+00:00\",\"dateModified\":\"2025-05-19T08:10:06+00:00\",\"breadcrumb\":{\"@id\":\"https:\\\/\\\/focus112.com\\\/cookie-policy\\\/#breadcrumb\"},\"inLanguage\":\"es\",\"potentialAction\":[{\"@type\":\"ReadAction\",\"target\":[\"https:\\\/\\\/focus112.com\\\/cookie-policy\\\/\"]}]},{\"@type\":\"BreadcrumbList\",\"@id\":\"https:\\\/\\\/focus112.com\\\/cookie-policy\\\/#breadcrumb\",\"itemListElement\":[{\"@type\":\"ListItem\",\"position\":1,\"name\":\"Home\",\"item\":\"https:\\\/\\\/focus112.com\\\/es\\\/\"},{\"@type\":\"ListItem\",\"position\":2,\"name\":\"Pol\u00edtica de cookies\"}]},{\"@type\":\"WebSite\",\"@id\":\"https:\\\/\\\/focus112.com\\\/#website\",\"url\":\"https:\\\/\\\/focus112.com\\\/\",\"name\":\"FOCUS112 - Managing Subpoenas and Court orders from Police\",\"description\":\"Legal Compliance Management Software\",\"publisher\":{\"@id\":\"https:\\\/\\\/focus112.com\\\/#organization\"},\"potentialAction\":[{\"@type\":\"SearchAction\",\"target\":{\"@type\":\"EntryPoint\",\"urlTemplate\":\"https:\\\/\\\/focus112.com\\\/?s={search_term_string}\"},\"query-input\":{\"@type\":\"PropertyValueSpecification\",\"valueRequired\":true,\"valueName\":\"search_term_string\"}}],\"inLanguage\":\"es\"},{\"@type\":\"Organization\",\"@id\":\"https:\\\/\\\/focus112.com\\\/#organization\",\"name\":\"Focus Data Services Ltd\",\"alternateName\":\"Focus112\",\"url\":\"https:\\\/\\\/focus112.com\\\/\",\"logo\":{\"@type\":\"ImageObject\",\"inLanguage\":\"es\",\"@id\":\"https:\\\/\\\/focus112.com\\\/#\\\/schema\\\/logo\\\/image\\\/\",\"url\":\"https:\\\/\\\/focus112.com\\\/wp-content\\\/uploads\\\/2024\\\/11\\\/FocusDataLogo-180w.png\",\"contentUrl\":\"https:\\\/\\\/focus112.com\\\/wp-content\\\/uploads\\\/2024\\\/11\\\/FocusDataLogo-180w.png\",\"width\":180,\"height\":74,\"caption\":\"Focus Data Services Ltd\"},\"image\":{\"@id\":\"https:\\\/\\\/focus112.com\\\/#\\\/schema\\\/logo\\\/image\\\/\"}}]}<\/script>\n<!-- \/ Yoast SEO plugin. -->","yoast_head_json":{"title":"Pol\u00edtica de cookies - FOCUS112 - Managing Subpoenas and Court orders from Police","robots":{"index":"index","follow":"follow","max-snippet":"max-snippet:-1","max-image-preview":"max-image-preview:large","max-video-preview":"max-video-preview:-1"},"canonical":"https:\/\/focus112.com\/cookie-policy\/","og_locale":"es_ES","og_type":"article","og_title":"Pol\u00edtica de cookies - FOCUS112 - Managing Subpoenas and Court orders from Police","og_description":"C\u00f3mo utiliza Focus Data Services las cookies Las cookies no pueden utilizarse para identificarte personalmente. Estos datos se utilizan para mejorar los servicios que te prestamos mediante, por ejemplo: permitir que un servicio reconozca tu dispositivo para que no tengas que dar la misma informaci\u00f3n...","og_url":"https:\/\/focus112.com\/cookie-policy\/","og_site_name":"FOCUS112 - Managing Subpoenas and Court orders from Police","article_modified_time":"2025-05-19T08:10:06+00:00","twitter_card":"summary_large_image","twitter_misc":{"Tiempo de lectura":"2 minutos"},"schema":{"@context":"https:\/\/schema.org","@graph":[{"@type":"WebPage","@id":"https:\/\/focus112.com\/cookie-policy\/","url":"https:\/\/focus112.com\/cookie-policy\/","name":"Pol\u00edtica de cookies - FOCUS112 - Managing Subpoenas and Court orders from Police","isPartOf":{"@id":"https:\/\/focus112.com\/#website"},"datePublished":"2024-12-10T11:19:08+00:00","dateModified":"2025-05-19T08:10:06+00:00","breadcrumb":{"@id":"https:\/\/focus112.com\/cookie-policy\/#breadcrumb"},"inLanguage":"es","potentialAction":[{"@type":"ReadAction","target":["https:\/\/focus112.com\/cookie-policy\/"]}]},{"@type":"BreadcrumbList","@id":"https:\/\/focus112.com\/cookie-policy\/#breadcrumb","itemListElement":[{"@type":"ListItem","position":1,"name":"Home","item":"https:\/\/focus112.com\/es\/"},{"@type":"ListItem","position":2,"name":"Pol\u00edtica de cookies"}]},{"@type":"WebSite","@id":"https:\/\/focus112.com\/#website","url":"https:\/\/focus112.com\/","name":"FOCUS112 - Managing Subpoenas and Court orders from Police","description":"Legal Compliance Management Software","publisher":{"@id":"https:\/\/focus112.com\/#organization"},"potentialAction":[{"@type":"SearchAction","target":{"@type":"EntryPoint","urlTemplate":"https:\/\/focus112.com\/?s={search_term_string}"},"query-input":{"@type":"PropertyValueSpecification","valueRequired":true,"valueName":"search_term_string"}}],"inLanguage":"es"},{"@type":"Organization","@id":"https:\/\/focus112.com\/#organization","name":"Focus Data Services Ltd","alternateName":"Focus112","url":"https:\/\/focus112.com\/","logo":{"@type":"ImageObject","inLanguage":"es","@id":"https:\/\/focus112.com\/#\/schema\/logo\/image\/","url":"https:\/\/focus112.com\/wp-content\/uploads\/2024\/11\/FocusDataLogo-180w.png","contentUrl":"https:\/\/focus112.com\/wp-content\/uploads\/2024\/11\/FocusDataLogo-180w.png","width":180,"height":74,"caption":"Focus Data Services Ltd"},"image":{"@id":"https:\/\/focus112.com\/#\/schema\/logo\/image\/"}}]}},"_links":{"self":[{"href":"https:\/\/focus112.com\/es\/wp-json\/wp\/v2\/pages\/1205","targetHints":{"allow":["GET"]}}],"collection":[{"href":"https:\/\/focus112.com\/es\/wp-json\/wp\/v2\/pages"}],"about":[{"href":"https:\/\/focus112.com\/es\/wp-json\/wp\/v2\/types\/page"}],"author":[{"embeddable":true,"href":"https:\/\/focus112.com\/es\/wp-json\/wp\/v2\/users\/1"}],"replies":[{"embeddable":true,"href":"https:\/\/focus112.com\/es\/wp-json\/wp\/v2\/comments?post=1205"}],"version-history":[{"count":1,"href":"https:\/\/focus112.com\/es\/wp-json\/wp\/v2\/pages\/1205\/revisions"}],"predecessor-version":[{"id":1206,"href":"https:\/\/focus112.com\/es\/wp-json\/wp\/v2\/pages\/1205\/revisions\/1206"}],"wp:attachment":[{"href":"https:\/\/focus112.com\/es\/wp-json\/wp\/v2\/media?parent=1205"}],"curies":[{"name":"wp","href":"https:\/\/api.w.org\/{rel}","templated":true}]}}