{"id":1207,"date":"2024-12-12T09:28:55","date_gmt":"2024-12-12T09:28:55","guid":{"rendered":"https:\/\/focus112.com\/nuestros-clientes\/"},"modified":"2025-05-19T08:10:38","modified_gmt":"2025-05-19T08:10:38","slug":"nuestros-clientes","status":"publish","type":"page","link":"https:\/\/focus112.com\/es\/nuestros-clientes\/","title":{"rendered":"Nuestros clientes"},"content":{"rendered":"\t\t<div data-elementor-type=\"wp-page\" data-elementor-id=\"1207\" class=\"elementor elementor-1207 elementor-801\">\n\t\t\t\t\t\t<section class=\"elementor-section elementor-top-section elementor-element elementor-element-26ea532 elementor-section-full_width elementor-section-height-default elementor-section-height-default parallax_section_no qode_elementor_container_no\" data-id=\"26ea532\" data-element_type=\"section\" data-e-type=\"section\">\n\t\t\t\t\t\t<div class=\"elementor-container elementor-column-gap-default\">\n\t\t\t\t\t<div class=\"elementor-column elementor-col-100 elementor-top-column elementor-element elementor-element-1e8283c\" data-id=\"1e8283c\" data-element_type=\"column\" data-e-type=\"column\">\n\t\t\t<div class=\"elementor-widget-wrap\">\n\t\t\t\t\t\t\t<\/div>\n\t\t<\/div>\n\t\t\t\t\t<\/div>\n\t\t<\/section>\n\t\t\t\t<section class=\"elementor-section elementor-top-section elementor-element elementor-element-2ee37dc elementor-section-full_width qode_elementor_container_inner elementor-section-height-default elementor-section-height-default parallax_section_no\" data-id=\"2ee37dc\" data-element_type=\"section\" data-e-type=\"section\">\n\t\t\t\t\t\t<div class=\"elementor-container elementor-column-gap-default\">\n\t\t\t\t\t<div class=\"elementor-column elementor-col-100 elementor-top-column elementor-element elementor-element-b401de6\" data-id=\"b401de6\" data-element_type=\"column\" data-e-type=\"column\">\n\t\t\t<div class=\"elementor-widget-wrap elementor-element-populated\">\n\t\t\t\t\t\t<div class=\"elementor-element elementor-element-ef0401f elementor-widget elementor-widget-heading\" data-id=\"ef0401f\" data-element_type=\"widget\" data-e-type=\"widget\" data-widget_type=\"heading.default\">\n\t\t\t\t<div class=\"elementor-widget-container\">\n\t\t\t\t\t<h2 class=\"elementor-heading-title elementor-size-default\">Historias de \u00e9xito de Focus112<\/h2>\t\t\t\t<\/div>\n\t\t\t\t<\/div>\n\t\t\t\t\t<\/div>\n\t\t<\/div>\n\t\t\t\t\t<\/div>\n\t\t<\/section>\n\t\t\t\t<section class=\"elementor-section elementor-top-section elementor-element elementor-element-f838b62 elementor-section-full_width qode_elementor_container_inner elementor-section-height-default elementor-section-height-default parallax_section_no\" data-id=\"f838b62\" data-element_type=\"section\" data-e-type=\"section\">\n\t\t\t\t\t\t<div class=\"elementor-container elementor-column-gap-default\">\n\t\t\t\t\t<div class=\"elementor-column elementor-col-33 elementor-top-column elementor-element elementor-element-312d2776\" data-id=\"312d2776\" data-element_type=\"column\" data-e-type=\"column\">\n\t\t\t<div class=\"elementor-widget-wrap elementor-element-populated\">\n\t\t\t\t\t\t<div class=\"elementor-element elementor-element-fa52a0f elementor-widget elementor-widget-image\" data-id=\"fa52a0f\" data-element_type=\"widget\" data-e-type=\"widget\" data-widget_type=\"image.default\">\n\t\t\t\t<div class=\"elementor-widget-container\">\n\t\t\t\t\t\t\t\t\t\t\t\t\t\t\t<img fetchpriority=\"high\" decoding=\"async\" width=\"950\" height=\"610\" src=\"https:\/\/focus112.com\/wp-content\/uploads\/2025\/01\/automation.jpg\" class=\"attachment-full size-full wp-image-1208\" alt=\"\" srcset=\"https:\/\/focus112.com\/wp-content\/uploads\/2025\/01\/automation.jpg 950w, https:\/\/focus112.com\/wp-content\/uploads\/2025\/01\/automation-300x193.jpg 300w, https:\/\/focus112.com\/wp-content\/uploads\/2025\/01\/automation-768x493.jpg 768w, https:\/\/focus112.com\/wp-content\/uploads\/2025\/01\/automation-700x449.jpg 700w\" sizes=\"(max-width: 950px) 100vw, 950px\" \/>\t\t\t\t\t\t\t\t\t\t\t\t\t\t\t<\/div>\n\t\t\t\t<\/div>\n\t\t\t\t<div class=\"elementor-element elementor-element-5cdaa4c4 elementor-widget elementor-widget-spacer\" data-id=\"5cdaa4c4\" data-element_type=\"widget\" data-e-type=\"widget\" data-widget_type=\"spacer.default\">\n\t\t\t\t<div class=\"elementor-widget-container\">\n\t\t\t\t\t\t\t<div class=\"elementor-spacer\">\n\t\t\t<div class=\"elementor-spacer-inner\"><\/div>\n\t\t<\/div>\n\t\t\t\t\t\t<\/div>\n\t\t\t\t<\/div>\n\t\t\t\t<div class=\"elementor-element elementor-element-1fb5bf28 elementor-widget elementor-widget-heading\" data-id=\"1fb5bf28\" data-element_type=\"widget\" data-e-type=\"widget\" data-widget_type=\"heading.default\">\n\t\t\t\t<div class=\"elementor-widget-container\">\n\t\t\t\t\t<h3 class=\"elementor-heading-title elementor-size-default\">La automatizaci\u00f3n permite la aspiraci\u00f3n empresarial<\/h3>\t\t\t\t<\/div>\n\t\t\t\t<\/div>\n\t\t\t\t<div class=\"elementor-element elementor-element-3304f6cf elementor-widget elementor-widget-spacer\" data-id=\"3304f6cf\" data-element_type=\"widget\" data-e-type=\"widget\" data-widget_type=\"spacer.default\">\n\t\t\t\t<div class=\"elementor-widget-container\">\n\t\t\t\t\t\t\t<div class=\"elementor-spacer\">\n\t\t\t<div class=\"elementor-spacer-inner\"><\/div>\n\t\t<\/div>\n\t\t\t\t\t\t<\/div>\n\t\t\t\t<\/div>\n\t\t\t\t<div class=\"elementor-element elementor-element-3045781 elementor-widget elementor-widget-text-editor\" data-id=\"3045781\" data-element_type=\"widget\" data-e-type=\"widget\" data-widget_type=\"text-editor.default\">\n\t\t\t\t<div class=\"elementor-widget-container\">\n\t\t\t\t\t\t\t\t\tUn proveedor de servicios de comunicaciones, responsable de gestionar 100.000 solicitudes al a\u00f1o, recurri\u00f3 a Focus Data para que le ayudara a equilibrar la velocidad de suministro con la seguridad de los datos.\t\t\t\t\t\t\t\t<\/div>\n\t\t\t\t<\/div>\n\t\t\t\t<div class=\"elementor-element elementor-element-1e911e75 elementor-widget elementor-widget-spacer\" data-id=\"1e911e75\" data-element_type=\"widget\" data-e-type=\"widget\" data-widget_type=\"spacer.default\">\n\t\t\t\t<div class=\"elementor-widget-container\">\n\t\t\t\t\t\t\t<div class=\"elementor-spacer\">\n\t\t\t<div class=\"elementor-spacer-inner\"><\/div>\n\t\t<\/div>\n\t\t\t\t\t\t<\/div>\n\t\t\t\t<\/div>\n\t\t\t\t<div class=\"elementor-element elementor-element-192e581f elementor-widget elementor-widget-bridge_button_v2\" data-id=\"192e581f\" data-element_type=\"widget\" data-e-type=\"widget\" data-widget_type=\"bridge_button_v2.default\">\n\t\t\t\t<div class=\"elementor-widget-container\">\n\t\t\t\t\t\n\n\t<a href=\"https:\/\/focus112.com\/our-clients\/automation-enables-business-aspiration\/\" target=\"_self\" style=\"font-family: Inria sans;font-size: 14px;font-weight: 400;text-transform: uppercase;font-style: normal;letter-spacing: 0.5px\" class=\"qode-btn qode-btn-medium qode-btn-simple\"  >\n\t    <span class=\"qode-btn-text\">Leer m\u00e1s<\/span>\t<\/a>\n\n\t\t\t\t<\/div>\n\t\t\t\t<\/div>\n\t\t\t\t\t<\/div>\n\t\t<\/div>\n\t\t\t\t<div class=\"elementor-column elementor-col-33 elementor-top-column elementor-element elementor-element-28109b47\" data-id=\"28109b47\" data-element_type=\"column\" data-e-type=\"column\">\n\t\t\t<div class=\"elementor-widget-wrap elementor-element-populated\">\n\t\t\t\t\t\t<div class=\"elementor-element elementor-element-6423669b elementor-widget elementor-widget-image\" data-id=\"6423669b\" data-element_type=\"widget\" data-e-type=\"widget\" data-widget_type=\"image.default\">\n\t\t\t\t<div class=\"elementor-widget-container\">\n\t\t\t\t\t\t\t\t\t\t\t\t\t\t\t<img decoding=\"async\" width=\"950\" height=\"610\" src=\"https:\/\/focus112.com\/wp-content\/uploads\/2025\/01\/assuring.jpg\" class=\"attachment-full size-full wp-image-1209\" alt=\"\" srcset=\"https:\/\/focus112.com\/wp-content\/uploads\/2025\/01\/assuring.jpg 950w, https:\/\/focus112.com\/wp-content\/uploads\/2025\/01\/assuring-300x193.jpg 300w, https:\/\/focus112.com\/wp-content\/uploads\/2025\/01\/assuring-768x493.jpg 768w, https:\/\/focus112.com\/wp-content\/uploads\/2025\/01\/assuring-700x449.jpg 700w\" sizes=\"(max-width: 950px) 100vw, 950px\" \/>\t\t\t\t\t\t\t\t\t\t\t\t\t\t\t<\/div>\n\t\t\t\t<\/div>\n\t\t\t\t<div class=\"elementor-element elementor-element-60a02500 elementor-widget elementor-widget-spacer\" data-id=\"60a02500\" data-element_type=\"widget\" data-e-type=\"widget\" data-widget_type=\"spacer.default\">\n\t\t\t\t<div class=\"elementor-widget-container\">\n\t\t\t\t\t\t\t<div class=\"elementor-spacer\">\n\t\t\t<div class=\"elementor-spacer-inner\"><\/div>\n\t\t<\/div>\n\t\t\t\t\t\t<\/div>\n\t\t\t\t<\/div>\n\t\t\t\t<div class=\"elementor-element elementor-element-53264f11 elementor-widget elementor-widget-heading\" data-id=\"53264f11\" data-element_type=\"widget\" data-e-type=\"widget\" data-widget_type=\"heading.default\">\n\t\t\t\t<div class=\"elementor-widget-container\">\n\t\t\t\t\t<h3 class=\"elementor-heading-title elementor-size-default\">Garantizar la seguridad nacional<\/h3>\t\t\t\t<\/div>\n\t\t\t\t<\/div>\n\t\t\t\t<div class=\"elementor-element elementor-element-26390a9a elementor-widget elementor-widget-spacer\" data-id=\"26390a9a\" data-element_type=\"widget\" data-e-type=\"widget\" data-widget_type=\"spacer.default\">\n\t\t\t\t<div class=\"elementor-widget-container\">\n\t\t\t\t\t\t\t<div class=\"elementor-spacer\">\n\t\t\t<div class=\"elementor-spacer-inner\"><\/div>\n\t\t<\/div>\n\t\t\t\t\t\t<\/div>\n\t\t\t\t<\/div>\n\t\t\t\t<div class=\"elementor-element elementor-element-418015b3 elementor-widget elementor-widget-text-editor\" data-id=\"418015b3\" data-element_type=\"widget\" data-e-type=\"widget\" data-widget_type=\"text-editor.default\">\n\t\t\t\t<div class=\"elementor-widget-container\">\n\t\t\t\t\t\t\t\t\t<p>Un cuerpo de polic\u00eda de un pa\u00eds que ocupa el 14\u00ba lugar del mundo en tasa de asesinatos instal\u00f3 el sistema Focus112 para facilitar la obtenci\u00f3n de pruebas e inteligencia a trav\u00e9s de todos los proveedores de telecomunicaciones.<\/p>\t\t\t\t\t\t\t\t<\/div>\n\t\t\t\t<\/div>\n\t\t\t\t<div class=\"elementor-element elementor-element-dab6745 elementor-widget elementor-widget-spacer\" data-id=\"dab6745\" data-element_type=\"widget\" data-e-type=\"widget\" data-widget_type=\"spacer.default\">\n\t\t\t\t<div class=\"elementor-widget-container\">\n\t\t\t\t\t\t\t<div class=\"elementor-spacer\">\n\t\t\t<div class=\"elementor-spacer-inner\"><\/div>\n\t\t<\/div>\n\t\t\t\t\t\t<\/div>\n\t\t\t\t<\/div>\n\t\t\t\t<div class=\"elementor-element elementor-element-b94ebe9 elementor-widget elementor-widget-bridge_button_v2\" data-id=\"b94ebe9\" data-element_type=\"widget\" data-e-type=\"widget\" data-widget_type=\"bridge_button_v2.default\">\n\t\t\t\t<div class=\"elementor-widget-container\">\n\t\t\t\t\t\n\n\t<a href=\"https:\/\/focus112.com\/our-clients\/assuring-national-security\/\" target=\"_self\" style=\"font-family: Inria sans;font-size: 14px;font-weight: 400;text-transform: uppercase;font-style: normal;letter-spacing: 0.5px\" class=\"qode-btn qode-btn-medium qode-btn-simple\"  >\n\t    <span class=\"qode-btn-text\">Leer m\u00e1s<\/span>\t<\/a>\n\n\t\t\t\t<\/div>\n\t\t\t\t<\/div>\n\t\t\t\t\t<\/div>\n\t\t<\/div>\n\t\t\t\t<div class=\"elementor-column elementor-col-33 elementor-top-column elementor-element elementor-element-e4f379f\" data-id=\"e4f379f\" data-element_type=\"column\" data-e-type=\"column\">\n\t\t\t<div class=\"elementor-widget-wrap elementor-element-populated\">\n\t\t\t\t\t\t<div class=\"elementor-element elementor-element-804ad56 elementor-widget elementor-widget-image\" data-id=\"804ad56\" data-element_type=\"widget\" data-e-type=\"widget\" data-widget_type=\"image.default\">\n\t\t\t\t<div class=\"elementor-widget-container\">\n\t\t\t\t\t\t\t\t\t\t\t\t\t\t\t<img decoding=\"async\" width=\"950\" height=\"610\" src=\"https:\/\/focus112.com\/wp-content\/uploads\/2025\/01\/handling.jpg\" class=\"attachment-full size-full wp-image-1210\" alt=\"\" srcset=\"https:\/\/focus112.com\/wp-content\/uploads\/2025\/01\/handling.jpg 950w, https:\/\/focus112.com\/wp-content\/uploads\/2025\/01\/handling-300x193.jpg 300w, https:\/\/focus112.com\/wp-content\/uploads\/2025\/01\/handling-768x493.jpg 768w, https:\/\/focus112.com\/wp-content\/uploads\/2025\/01\/handling-700x449.jpg 700w\" sizes=\"(max-width: 950px) 100vw, 950px\" \/>\t\t\t\t\t\t\t\t\t\t\t\t\t\t\t<\/div>\n\t\t\t\t<\/div>\n\t\t\t\t<div class=\"elementor-element elementor-element-2040d9f elementor-widget elementor-widget-spacer\" data-id=\"2040d9f\" data-element_type=\"widget\" data-e-type=\"widget\" data-widget_type=\"spacer.default\">\n\t\t\t\t<div class=\"elementor-widget-container\">\n\t\t\t\t\t\t\t<div class=\"elementor-spacer\">\n\t\t\t<div class=\"elementor-spacer-inner\"><\/div>\n\t\t<\/div>\n\t\t\t\t\t\t<\/div>\n\t\t\t\t<\/div>\n\t\t\t\t<div class=\"elementor-element elementor-element-3d75368 elementor-widget elementor-widget-heading\" data-id=\"3d75368\" data-element_type=\"widget\" data-e-type=\"widget\" data-widget_type=\"heading.default\">\n\t\t\t\t<div class=\"elementor-widget-container\">\n\t\t\t\t\t<h3 class=\"elementor-heading-title elementor-size-default\">Manejar la complejidad<br>con facilidad<\/h3>\t\t\t\t<\/div>\n\t\t\t\t<\/div>\n\t\t\t\t<div class=\"elementor-element elementor-element-91f2cb1 elementor-widget elementor-widget-spacer\" data-id=\"91f2cb1\" data-element_type=\"widget\" data-e-type=\"widget\" data-widget_type=\"spacer.default\">\n\t\t\t\t<div class=\"elementor-widget-container\">\n\t\t\t\t\t\t\t<div class=\"elementor-spacer\">\n\t\t\t<div class=\"elementor-spacer-inner\"><\/div>\n\t\t<\/div>\n\t\t\t\t\t\t<\/div>\n\t\t\t\t<\/div>\n\t\t\t\t<div class=\"elementor-element elementor-element-e26ada9 elementor-widget elementor-widget-text-editor\" data-id=\"e26ada9\" data-element_type=\"widget\" data-e-type=\"widget\" data-widget_type=\"text-editor.default\">\n\t\t\t\t<div class=\"elementor-widget-container\">\n\t\t\t\t\t\t\t\t\t<p>Se contrat\u00f3 a Focus Data para ayudar a esta empresa a gestionar un volumen cada vez mayor de solicitudes de datos por parte de las Fuerzas y Cuerpos de Seguridad, y para mejorar su capacidad de procesar los muy variados formatos en que se hac\u00edan las solicitudes.<\/p>\t\t\t\t\t\t\t\t<\/div>\n\t\t\t\t<\/div>\n\t\t\t\t<div class=\"elementor-element elementor-element-37c2b48 elementor-widget elementor-widget-spacer\" data-id=\"37c2b48\" data-element_type=\"widget\" data-e-type=\"widget\" data-widget_type=\"spacer.default\">\n\t\t\t\t<div class=\"elementor-widget-container\">\n\t\t\t\t\t\t\t<div class=\"elementor-spacer\">\n\t\t\t<div class=\"elementor-spacer-inner\"><\/div>\n\t\t<\/div>\n\t\t\t\t\t\t<\/div>\n\t\t\t\t<\/div>\n\t\t\t\t<div class=\"elementor-element elementor-element-a16d4ce elementor-widget elementor-widget-bridge_button_v2\" data-id=\"a16d4ce\" data-element_type=\"widget\" data-e-type=\"widget\" data-widget_type=\"bridge_button_v2.default\">\n\t\t\t\t<div class=\"elementor-widget-container\">\n\t\t\t\t\t\n\n\t<a href=\"https:\/\/focus112.com\/our-clients\/handling-complexity-with-ease\/\" target=\"_self\" style=\"font-family: Inria sans;font-size: 14px;font-weight: 400;text-transform: uppercase;font-style: normal;letter-spacing: 0.5px\" class=\"qode-btn qode-btn-medium qode-btn-simple\"  >\n\t    <span class=\"qode-btn-text\">Leer m\u00e1s<\/span>\t<\/a>\n\n\t\t\t\t<\/div>\n\t\t\t\t<\/div>\n\t\t\t\t\t<\/div>\n\t\t<\/div>\n\t\t\t\t\t<\/div>\n\t\t<\/section>\n\t\t\t\t<\/div>\n\t\t","protected":false},"excerpt":{"rendered":"<p>Historias de \u00e9xito de Focus112 La automatizaci\u00f3n permite la aspiraci\u00f3n empresarial Un proveedor de servicios de comunicaciones, responsable de gestionar 100.000 solicitudes al a\u00f1o, recurri\u00f3 a Focus Data para que le ayudara a equilibrar la velocidad de suministro con la seguridad de los datos. Leer&#8230;<\/p>\n","protected":false},"author":1,"featured_media":0,"parent":0,"menu_order":0,"comment_status":"closed","ping_status":"closed","template":"","meta":{"_monsterinsights_skip_tracking":false,"_monsterinsights_sitenote_active":false,"_monsterinsights_sitenote_note":"","_monsterinsights_sitenote_category":0,"footnotes":""},"class_list":["post-1207","page","type-page","status-publish","hentry"],"yoast_head":"<!-- This site is optimized with the Yoast SEO plugin v27.3 - https:\/\/yoast.com\/product\/yoast-seo-wordpress\/ -->\n<title>Nuestros clientes - FOCUS112 - Managing Subpoenas and Court orders from Police<\/title>\n<meta name=\"robots\" content=\"index, follow, max-snippet:-1, max-image-preview:large, max-video-preview:-1\" \/>\n<link rel=\"canonical\" href=\"https:\/\/focus112.com\/es\/nuestros-clientes\/\" \/>\n<meta property=\"og:locale\" content=\"es_ES\" \/>\n<meta property=\"og:type\" content=\"article\" \/>\n<meta property=\"og:title\" content=\"Nuestros clientes - FOCUS112 - Managing Subpoenas and Court orders from Police\" \/>\n<meta property=\"og:description\" content=\"Historias de \u00e9xito de Focus112 La automatizaci\u00f3n permite la aspiraci\u00f3n empresarial Un proveedor de servicios de comunicaciones, responsable de gestionar 100.000 solicitudes al a\u00f1o, recurri\u00f3 a Focus Data para que le ayudara a equilibrar la velocidad de suministro con la seguridad de los datos. Leer...\" \/>\n<meta property=\"og:url\" content=\"https:\/\/focus112.com\/es\/nuestros-clientes\/\" \/>\n<meta property=\"og:site_name\" content=\"FOCUS112 - Managing Subpoenas and Court orders from Police\" \/>\n<meta property=\"article:modified_time\" content=\"2025-05-19T08:10:38+00:00\" \/>\n<meta property=\"og:image\" content=\"https:\/\/focus112.com\/wp-content\/uploads\/2025\/01\/automation.jpg\" \/>\n\t<meta property=\"og:image:width\" content=\"950\" \/>\n\t<meta property=\"og:image:height\" content=\"610\" \/>\n\t<meta property=\"og:image:type\" content=\"image\/jpeg\" \/>\n<meta name=\"twitter:card\" content=\"summary_large_image\" \/>\n<meta name=\"twitter:label1\" content=\"Tiempo de lectura\" \/>\n\t<meta name=\"twitter:data1\" content=\"1 minuto\" \/>\n<script type=\"application\/ld+json\" class=\"yoast-schema-graph\">{\"@context\":\"https:\\\/\\\/schema.org\",\"@graph\":[{\"@type\":\"WebPage\",\"@id\":\"https:\\\/\\\/focus112.com\\\/es\\\/nuestros-clientes\\\/\",\"url\":\"https:\\\/\\\/focus112.com\\\/es\\\/nuestros-clientes\\\/\",\"name\":\"Nuestros clientes - FOCUS112 - Managing Subpoenas and Court orders from Police\",\"isPartOf\":{\"@id\":\"https:\\\/\\\/focus112.com\\\/#website\"},\"primaryImageOfPage\":{\"@id\":\"https:\\\/\\\/focus112.com\\\/es\\\/nuestros-clientes\\\/#primaryimage\"},\"image\":{\"@id\":\"https:\\\/\\\/focus112.com\\\/es\\\/nuestros-clientes\\\/#primaryimage\"},\"thumbnailUrl\":\"https:\\\/\\\/focus112.com\\\/wp-content\\\/uploads\\\/2025\\\/01\\\/automation.jpg\",\"datePublished\":\"2024-12-12T09:28:55+00:00\",\"dateModified\":\"2025-05-19T08:10:38+00:00\",\"breadcrumb\":{\"@id\":\"https:\\\/\\\/focus112.com\\\/es\\\/nuestros-clientes\\\/#breadcrumb\"},\"inLanguage\":\"es\",\"potentialAction\":[{\"@type\":\"ReadAction\",\"target\":[\"https:\\\/\\\/focus112.com\\\/es\\\/nuestros-clientes\\\/\"]}]},{\"@type\":\"ImageObject\",\"inLanguage\":\"es\",\"@id\":\"https:\\\/\\\/focus112.com\\\/es\\\/nuestros-clientes\\\/#primaryimage\",\"url\":\"https:\\\/\\\/focus112.com\\\/wp-content\\\/uploads\\\/2025\\\/01\\\/automation.jpg\",\"contentUrl\":\"https:\\\/\\\/focus112.com\\\/wp-content\\\/uploads\\\/2025\\\/01\\\/automation.jpg\"},{\"@type\":\"BreadcrumbList\",\"@id\":\"https:\\\/\\\/focus112.com\\\/es\\\/nuestros-clientes\\\/#breadcrumb\",\"itemListElement\":[{\"@type\":\"ListItem\",\"position\":1,\"name\":\"Home\",\"item\":\"https:\\\/\\\/focus112.com\\\/es\\\/\"},{\"@type\":\"ListItem\",\"position\":2,\"name\":\"Nuestros clientes\"}]},{\"@type\":\"WebSite\",\"@id\":\"https:\\\/\\\/focus112.com\\\/#website\",\"url\":\"https:\\\/\\\/focus112.com\\\/\",\"name\":\"FOCUS112 - Managing Subpoenas and Court orders from Police\",\"description\":\"Legal Compliance Management Software\",\"publisher\":{\"@id\":\"https:\\\/\\\/focus112.com\\\/#organization\"},\"potentialAction\":[{\"@type\":\"SearchAction\",\"target\":{\"@type\":\"EntryPoint\",\"urlTemplate\":\"https:\\\/\\\/focus112.com\\\/?s={search_term_string}\"},\"query-input\":{\"@type\":\"PropertyValueSpecification\",\"valueRequired\":true,\"valueName\":\"search_term_string\"}}],\"inLanguage\":\"es\"},{\"@type\":\"Organization\",\"@id\":\"https:\\\/\\\/focus112.com\\\/#organization\",\"name\":\"Focus Data Services Ltd\",\"alternateName\":\"Focus112\",\"url\":\"https:\\\/\\\/focus112.com\\\/\",\"logo\":{\"@type\":\"ImageObject\",\"inLanguage\":\"es\",\"@id\":\"https:\\\/\\\/focus112.com\\\/#\\\/schema\\\/logo\\\/image\\\/\",\"url\":\"https:\\\/\\\/focus112.com\\\/wp-content\\\/uploads\\\/2024\\\/11\\\/FocusDataLogo-180w.png\",\"contentUrl\":\"https:\\\/\\\/focus112.com\\\/wp-content\\\/uploads\\\/2024\\\/11\\\/FocusDataLogo-180w.png\",\"width\":180,\"height\":74,\"caption\":\"Focus Data Services Ltd\"},\"image\":{\"@id\":\"https:\\\/\\\/focus112.com\\\/#\\\/schema\\\/logo\\\/image\\\/\"}}]}<\/script>\n<!-- \/ Yoast SEO plugin. -->","yoast_head_json":{"title":"Nuestros clientes - FOCUS112 - Managing Subpoenas and Court orders from Police","robots":{"index":"index","follow":"follow","max-snippet":"max-snippet:-1","max-image-preview":"max-image-preview:large","max-video-preview":"max-video-preview:-1"},"canonical":"https:\/\/focus112.com\/es\/nuestros-clientes\/","og_locale":"es_ES","og_type":"article","og_title":"Nuestros clientes - FOCUS112 - Managing Subpoenas and Court orders from Police","og_description":"Historias de \u00e9xito de Focus112 La automatizaci\u00f3n permite la aspiraci\u00f3n empresarial Un proveedor de servicios de comunicaciones, responsable de gestionar 100.000 solicitudes al a\u00f1o, recurri\u00f3 a Focus Data para que le ayudara a equilibrar la velocidad de suministro con la seguridad de los datos. Leer...","og_url":"https:\/\/focus112.com\/es\/nuestros-clientes\/","og_site_name":"FOCUS112 - Managing Subpoenas and Court orders from Police","article_modified_time":"2025-05-19T08:10:38+00:00","og_image":[{"width":950,"height":610,"url":"https:\/\/focus112.com\/wp-content\/uploads\/2025\/01\/automation.jpg","type":"image\/jpeg"}],"twitter_card":"summary_large_image","twitter_misc":{"Tiempo de lectura":"1 minuto"},"schema":{"@context":"https:\/\/schema.org","@graph":[{"@type":"WebPage","@id":"https:\/\/focus112.com\/es\/nuestros-clientes\/","url":"https:\/\/focus112.com\/es\/nuestros-clientes\/","name":"Nuestros clientes - FOCUS112 - Managing Subpoenas and Court orders from Police","isPartOf":{"@id":"https:\/\/focus112.com\/#website"},"primaryImageOfPage":{"@id":"https:\/\/focus112.com\/es\/nuestros-clientes\/#primaryimage"},"image":{"@id":"https:\/\/focus112.com\/es\/nuestros-clientes\/#primaryimage"},"thumbnailUrl":"https:\/\/focus112.com\/wp-content\/uploads\/2025\/01\/automation.jpg","datePublished":"2024-12-12T09:28:55+00:00","dateModified":"2025-05-19T08:10:38+00:00","breadcrumb":{"@id":"https:\/\/focus112.com\/es\/nuestros-clientes\/#breadcrumb"},"inLanguage":"es","potentialAction":[{"@type":"ReadAction","target":["https:\/\/focus112.com\/es\/nuestros-clientes\/"]}]},{"@type":"ImageObject","inLanguage":"es","@id":"https:\/\/focus112.com\/es\/nuestros-clientes\/#primaryimage","url":"https:\/\/focus112.com\/wp-content\/uploads\/2025\/01\/automation.jpg","contentUrl":"https:\/\/focus112.com\/wp-content\/uploads\/2025\/01\/automation.jpg"},{"@type":"BreadcrumbList","@id":"https:\/\/focus112.com\/es\/nuestros-clientes\/#breadcrumb","itemListElement":[{"@type":"ListItem","position":1,"name":"Home","item":"https:\/\/focus112.com\/es\/"},{"@type":"ListItem","position":2,"name":"Nuestros clientes"}]},{"@type":"WebSite","@id":"https:\/\/focus112.com\/#website","url":"https:\/\/focus112.com\/","name":"FOCUS112 - Managing Subpoenas and Court orders from Police","description":"Legal Compliance Management Software","publisher":{"@id":"https:\/\/focus112.com\/#organization"},"potentialAction":[{"@type":"SearchAction","target":{"@type":"EntryPoint","urlTemplate":"https:\/\/focus112.com\/?s={search_term_string}"},"query-input":{"@type":"PropertyValueSpecification","valueRequired":true,"valueName":"search_term_string"}}],"inLanguage":"es"},{"@type":"Organization","@id":"https:\/\/focus112.com\/#organization","name":"Focus Data Services Ltd","alternateName":"Focus112","url":"https:\/\/focus112.com\/","logo":{"@type":"ImageObject","inLanguage":"es","@id":"https:\/\/focus112.com\/#\/schema\/logo\/image\/","url":"https:\/\/focus112.com\/wp-content\/uploads\/2024\/11\/FocusDataLogo-180w.png","contentUrl":"https:\/\/focus112.com\/wp-content\/uploads\/2024\/11\/FocusDataLogo-180w.png","width":180,"height":74,"caption":"Focus Data Services Ltd"},"image":{"@id":"https:\/\/focus112.com\/#\/schema\/logo\/image\/"}}]}},"_links":{"self":[{"href":"https:\/\/focus112.com\/es\/wp-json\/wp\/v2\/pages\/1207","targetHints":{"allow":["GET"]}}],"collection":[{"href":"https:\/\/focus112.com\/es\/wp-json\/wp\/v2\/pages"}],"about":[{"href":"https:\/\/focus112.com\/es\/wp-json\/wp\/v2\/types\/page"}],"author":[{"embeddable":true,"href":"https:\/\/focus112.com\/es\/wp-json\/wp\/v2\/users\/1"}],"replies":[{"embeddable":true,"href":"https:\/\/focus112.com\/es\/wp-json\/wp\/v2\/comments?post=1207"}],"version-history":[{"count":1,"href":"https:\/\/focus112.com\/es\/wp-json\/wp\/v2\/pages\/1207\/revisions"}],"predecessor-version":[{"id":1211,"href":"https:\/\/focus112.com\/es\/wp-json\/wp\/v2\/pages\/1207\/revisions\/1211"}],"wp:attachment":[{"href":"https:\/\/focus112.com\/es\/wp-json\/wp\/v2\/media?parent=1207"}],"curies":[{"name":"wp","href":"https:\/\/api.w.org\/{rel}","templated":true}]}}