{"id":1212,"date":"2025-01-08T15:08:49","date_gmt":"2025-01-08T15:08:49","guid":{"rendered":"https:\/\/focus112.com\/nuestros-clientes\/garantizar-la-seguridad-nacional\/"},"modified":"2025-05-19T08:10:48","modified_gmt":"2025-05-19T08:10:48","slug":"garantizar-la-seguridad-nacional","status":"publish","type":"page","link":"https:\/\/focus112.com\/es\/nuestros-clientes\/garantizar-la-seguridad-nacional\/","title":{"rendered":"Garantizar la seguridad nacional"},"content":{"rendered":"\t\t<div data-elementor-type=\"wp-page\" data-elementor-id=\"1212\" class=\"elementor elementor-1212 elementor-998\">\n\t\t\t\t<div class=\"elementor-element elementor-element-4e31af7 e-flex e-con-boxed parallax_section_no qode_elementor_container_no e-con e-parent\" data-id=\"4e31af7\" data-element_type=\"container\" data-e-type=\"container\">\n\t\t\t\t\t<div class=\"e-con-inner\">\n\t\t<div class=\"elementor-element elementor-element-fc2b0bf e-con-full e-flex parallax_section_no qode_elementor_container_no e-con e-child\" data-id=\"fc2b0bf\" data-element_type=\"container\" data-e-type=\"container\">\n\t\t\t\t<div class=\"elementor-element elementor-element-e768b97 elementor-widget elementor-widget-heading\" data-id=\"e768b97\" data-element_type=\"widget\" data-e-type=\"widget\" data-widget_type=\"heading.default\">\n\t\t\t\t<div class=\"elementor-widget-container\">\n\t\t\t\t\t<h2 class=\"elementor-heading-title elementor-size-default\">Garantizar la seguridad nacional<br><br><\/h2>\t\t\t\t<\/div>\n\t\t\t\t<\/div>\n\t\t\t\t<\/div>\n\t\t<div class=\"elementor-element elementor-element-3cbda91 e-con-full e-flex parallax_section_no qode_elementor_container_no e-con e-child\" data-id=\"3cbda91\" data-element_type=\"container\" data-e-type=\"container\">\n\t\t\t\t<div class=\"elementor-element elementor-element-c77cc48 elementor-widget elementor-widget-image\" data-id=\"c77cc48\" data-element_type=\"widget\" data-e-type=\"widget\" data-widget_type=\"image.default\">\n\t\t\t\t<div class=\"elementor-widget-container\">\n\t\t\t\t\t\t\t\t\t\t\t\t\t\t\t<img fetchpriority=\"high\" decoding=\"async\" width=\"950\" height=\"610\" src=\"https:\/\/focus112.com\/wp-content\/uploads\/2025\/01\/assuring.jpg\" class=\"attachment-large size-large wp-image-1209\" alt=\"\" srcset=\"https:\/\/focus112.com\/wp-content\/uploads\/2025\/01\/assuring.jpg 950w, https:\/\/focus112.com\/wp-content\/uploads\/2025\/01\/assuring-300x193.jpg 300w, https:\/\/focus112.com\/wp-content\/uploads\/2025\/01\/assuring-768x493.jpg 768w, https:\/\/focus112.com\/wp-content\/uploads\/2025\/01\/assuring-700x449.jpg 700w\" sizes=\"(max-width: 950px) 100vw, 950px\" \/>\t\t\t\t\t\t\t\t\t\t\t\t\t\t\t<\/div>\n\t\t\t\t<\/div>\n\t\t\t\t<\/div>\n\t\t\t\t\t<\/div>\n\t\t\t\t<\/div>\n\t\t\t\t<section class=\"elementor-section elementor-top-section elementor-element elementor-element-bb5a919 qode_elementor_container_inner elementor-section-boxed elementor-section-height-default elementor-section-height-default parallax_section_no\" data-id=\"bb5a919\" data-element_type=\"section\" data-e-type=\"section\">\n\t\t\t\t\t\t<div class=\"elementor-container elementor-column-gap-default\">\n\t\t\t\t\t<div class=\"elementor-column elementor-col-100 elementor-top-column elementor-element elementor-element-b254ed7\" data-id=\"b254ed7\" data-element_type=\"column\" data-e-type=\"column\">\n\t\t\t<div class=\"elementor-widget-wrap elementor-element-populated\">\n\t\t\t\t\t\t<div class=\"elementor-element elementor-element-df594ba elementor-widget elementor-widget-text-editor\" data-id=\"df594ba\" data-element_type=\"widget\" data-e-type=\"widget\" data-widget_type=\"text-editor.default\">\n\t\t\t\t<div class=\"elementor-widget-container\">\n\t\t\t\t\t\t\t\t\t<p>Un cuerpo de polic\u00eda de un pa\u00eds que ocupa el 14\u00ba lugar del mundo en tasa de asesinatos instal\u00f3 el sistema Focus112 para facilitar la obtenci\u00f3n de pruebas e inteligencia a trav\u00e9s de todos los proveedores de telecomunicaciones.<\/p><p> <\/p><p>La carga que soportaba el personal de telecomunicaciones se estaba volviendo insostenible y cada vez se tem\u00eda m\u00e1s por su seguridad, al convertirse en una parte cada vez m\u00e1s integral de las operaciones policiales. Se pidi\u00f3 a Focus Data que automatizara la gesti\u00f3n de las solicitudes de las Fuerzas de Seguridad. <\/p><p> <\/p><p>La soluci\u00f3n implantada por Focus Data elimin\u00f3 toda implicaci\u00f3n del personal, con lo que se redujeron los costes generales de la organizaci\u00f3n, al tiempo que se garantizaba la seguridad de su personal. La soluci\u00f3n Focus112 se encarga de toda la administraci\u00f3n y supervisi\u00f3n del servicio las 24 horas del d\u00eda, los 7 d\u00edas de la semana. <\/p><p> <\/p><p>La instalaci\u00f3n se complet\u00f3 en ocho semanas y se integr\u00f3 con los sistemas de la polic\u00eda local y otros organismos para proporcionar una soluci\u00f3n nacional.<\/p>\t\t\t\t\t\t\t\t<\/div>\n\t\t\t\t<\/div>\n\t\t\t\t<div class=\"elementor-element elementor-element-8b7aafc elementor-widget elementor-widget-spacer\" data-id=\"8b7aafc\" data-element_type=\"widget\" data-e-type=\"widget\" data-widget_type=\"spacer.default\">\n\t\t\t\t<div class=\"elementor-widget-container\">\n\t\t\t\t\t\t\t<div class=\"elementor-spacer\">\n\t\t\t<div class=\"elementor-spacer-inner\"><\/div>\n\t\t<\/div>\n\t\t\t\t\t\t<\/div>\n\t\t\t\t<\/div>\n\t\t\t\t<div class=\"elementor-element elementor-element-cdce833 elementor-widget elementor-widget-bridge_button_v2\" data-id=\"cdce833\" data-element_type=\"widget\" data-e-type=\"widget\" data-widget_type=\"bridge_button_v2.default\">\n\t\t\t\t<div class=\"elementor-widget-container\">\n\t\t\t\t\t\n\n\t<a href=\"https:\/\/focus112.com\/our-clients\/\" target=\"_self\" style=\"font-family: Inria sans;font-size: 14px;font-weight: 400;text-transform: uppercase;font-style: normal;letter-spacing: 0.5px\" class=\"qode-btn qode-btn-medium qode-btn-simple\"  >\n\t    <span class=\"qode-btn-text\">volver a nuestros clientes<\/span>\t<\/a>\n\n\t\t\t\t<\/div>\n\t\t\t\t<\/div>\n\t\t\t\t\t<\/div>\n\t\t<\/div>\n\t\t\t\t\t<\/div>\n\t\t<\/section>\n\t\t\t\t<\/div>\n\t\t","protected":false},"excerpt":{"rendered":"<p>Garantizar la seguridad nacional Un cuerpo de polic\u00eda de un pa\u00eds que ocupa el 14\u00ba lugar del mundo en tasa de asesinatos instal\u00f3 el sistema Focus112 para facilitar la obtenci\u00f3n de pruebas e inteligencia a trav\u00e9s de todos los proveedores de telecomunicaciones. La carga que&#8230;<\/p>\n","protected":false},"author":1,"featured_media":0,"parent":1207,"menu_order":0,"comment_status":"closed","ping_status":"closed","template":"","meta":{"_monsterinsights_skip_tracking":false,"_monsterinsights_sitenote_active":false,"_monsterinsights_sitenote_note":"","_monsterinsights_sitenote_category":0,"footnotes":""},"class_list":["post-1212","page","type-page","status-publish","hentry"],"yoast_head":"<!-- This site is optimized with the Yoast SEO plugin v27.4 - https:\/\/yoast.com\/product\/yoast-seo-wordpress\/ -->\n<title>Garantizar la seguridad nacional - FOCUS112 - Managing Subpoenas and Court orders from Police<\/title>\n<meta name=\"robots\" content=\"index, follow, max-snippet:-1, max-image-preview:large, max-video-preview:-1\" \/>\n<link rel=\"canonical\" href=\"https:\/\/focus112.com\/our-clients\/assuring-national-security\/\" \/>\n<meta property=\"og:locale\" content=\"es_ES\" \/>\n<meta property=\"og:type\" content=\"article\" \/>\n<meta property=\"og:title\" content=\"Garantizar la seguridad nacional - FOCUS112 - Managing Subpoenas and Court orders from Police\" \/>\n<meta property=\"og:description\" content=\"Garantizar la seguridad nacional Un cuerpo de polic\u00eda de un pa\u00eds que ocupa el 14\u00ba lugar del mundo en tasa de asesinatos instal\u00f3 el sistema Focus112 para facilitar la obtenci\u00f3n de pruebas e inteligencia a trav\u00e9s de todos los proveedores de telecomunicaciones. La carga que...\" \/>\n<meta property=\"og:url\" content=\"https:\/\/focus112.com\/our-clients\/assuring-national-security\/\" \/>\n<meta property=\"og:site_name\" content=\"FOCUS112 - Managing Subpoenas and Court orders from Police\" \/>\n<meta property=\"article:modified_time\" content=\"2025-05-19T08:10:48+00:00\" \/>\n<meta property=\"og:image\" content=\"https:\/\/focus112.com\/wp-content\/uploads\/2025\/01\/assuring.jpg\" \/>\n\t<meta property=\"og:image:width\" content=\"950\" \/>\n\t<meta property=\"og:image:height\" content=\"610\" \/>\n\t<meta property=\"og:image:type\" content=\"image\/jpeg\" \/>\n<meta name=\"twitter:card\" content=\"summary_large_image\" \/>\n<meta name=\"twitter:label1\" content=\"Tiempo de lectura\" \/>\n\t<meta name=\"twitter:data1\" content=\"1 minuto\" \/>\n<script type=\"application\/ld+json\" class=\"yoast-schema-graph\">{\"@context\":\"https:\\\/\\\/schema.org\",\"@graph\":[{\"@type\":\"WebPage\",\"@id\":\"https:\\\/\\\/focus112.com\\\/our-clients\\\/assuring-national-security\\\/\",\"url\":\"https:\\\/\\\/focus112.com\\\/our-clients\\\/assuring-national-security\\\/\",\"name\":\"Garantizar la seguridad nacional - FOCUS112 - Managing Subpoenas and Court orders from Police\",\"isPartOf\":{\"@id\":\"https:\\\/\\\/focus112.com\\\/#website\"},\"primaryImageOfPage\":{\"@id\":\"https:\\\/\\\/focus112.com\\\/our-clients\\\/assuring-national-security\\\/#primaryimage\"},\"image\":{\"@id\":\"https:\\\/\\\/focus112.com\\\/our-clients\\\/assuring-national-security\\\/#primaryimage\"},\"thumbnailUrl\":\"https:\\\/\\\/focus112.com\\\/wp-content\\\/uploads\\\/2025\\\/01\\\/assuring.jpg\",\"datePublished\":\"2025-01-08T15:08:49+00:00\",\"dateModified\":\"2025-05-19T08:10:48+00:00\",\"breadcrumb\":{\"@id\":\"https:\\\/\\\/focus112.com\\\/our-clients\\\/assuring-national-security\\\/#breadcrumb\"},\"inLanguage\":\"es\",\"potentialAction\":[{\"@type\":\"ReadAction\",\"target\":[\"https:\\\/\\\/focus112.com\\\/our-clients\\\/assuring-national-security\\\/\"]}]},{\"@type\":\"ImageObject\",\"inLanguage\":\"es\",\"@id\":\"https:\\\/\\\/focus112.com\\\/our-clients\\\/assuring-national-security\\\/#primaryimage\",\"url\":\"https:\\\/\\\/focus112.com\\\/wp-content\\\/uploads\\\/2025\\\/01\\\/assuring.jpg\",\"contentUrl\":\"https:\\\/\\\/focus112.com\\\/wp-content\\\/uploads\\\/2025\\\/01\\\/assuring.jpg\"},{\"@type\":\"BreadcrumbList\",\"@id\":\"https:\\\/\\\/focus112.com\\\/our-clients\\\/assuring-national-security\\\/#breadcrumb\",\"itemListElement\":[{\"@type\":\"ListItem\",\"position\":1,\"name\":\"Home\",\"item\":\"https:\\\/\\\/focus112.com\\\/es\\\/\"},{\"@type\":\"ListItem\",\"position\":2,\"name\":\"Nuestros clientes\",\"item\":\"https:\\\/\\\/focus112.com\\\/es\\\/nuestros-clientes\\\/\"},{\"@type\":\"ListItem\",\"position\":3,\"name\":\"Garantizar la seguridad nacional\"}]},{\"@type\":\"WebSite\",\"@id\":\"https:\\\/\\\/focus112.com\\\/#website\",\"url\":\"https:\\\/\\\/focus112.com\\\/\",\"name\":\"FOCUS112 - Managing Subpoenas and Court orders from Police\",\"description\":\"Legal Compliance Management Software\",\"publisher\":{\"@id\":\"https:\\\/\\\/focus112.com\\\/#organization\"},\"potentialAction\":[{\"@type\":\"SearchAction\",\"target\":{\"@type\":\"EntryPoint\",\"urlTemplate\":\"https:\\\/\\\/focus112.com\\\/?s={search_term_string}\"},\"query-input\":{\"@type\":\"PropertyValueSpecification\",\"valueRequired\":true,\"valueName\":\"search_term_string\"}}],\"inLanguage\":\"es\"},{\"@type\":\"Organization\",\"@id\":\"https:\\\/\\\/focus112.com\\\/#organization\",\"name\":\"Focus Data Services Ltd\",\"alternateName\":\"Focus112\",\"url\":\"https:\\\/\\\/focus112.com\\\/\",\"logo\":{\"@type\":\"ImageObject\",\"inLanguage\":\"es\",\"@id\":\"https:\\\/\\\/focus112.com\\\/#\\\/schema\\\/logo\\\/image\\\/\",\"url\":\"https:\\\/\\\/focus112.com\\\/wp-content\\\/uploads\\\/2024\\\/11\\\/FocusDataLogo-180w.png\",\"contentUrl\":\"https:\\\/\\\/focus112.com\\\/wp-content\\\/uploads\\\/2024\\\/11\\\/FocusDataLogo-180w.png\",\"width\":180,\"height\":74,\"caption\":\"Focus Data Services Ltd\"},\"image\":{\"@id\":\"https:\\\/\\\/focus112.com\\\/#\\\/schema\\\/logo\\\/image\\\/\"}}]}<\/script>\n<!-- \/ Yoast SEO plugin. -->","yoast_head_json":{"title":"Garantizar la seguridad nacional - FOCUS112 - Managing Subpoenas and Court orders from Police","robots":{"index":"index","follow":"follow","max-snippet":"max-snippet:-1","max-image-preview":"max-image-preview:large","max-video-preview":"max-video-preview:-1"},"canonical":"https:\/\/focus112.com\/our-clients\/assuring-national-security\/","og_locale":"es_ES","og_type":"article","og_title":"Garantizar la seguridad nacional - FOCUS112 - Managing Subpoenas and Court orders from Police","og_description":"Garantizar la seguridad nacional Un cuerpo de polic\u00eda de un pa\u00eds que ocupa el 14\u00ba lugar del mundo en tasa de asesinatos instal\u00f3 el sistema Focus112 para facilitar la obtenci\u00f3n de pruebas e inteligencia a trav\u00e9s de todos los proveedores de telecomunicaciones. La carga que...","og_url":"https:\/\/focus112.com\/our-clients\/assuring-national-security\/","og_site_name":"FOCUS112 - Managing Subpoenas and Court orders from Police","article_modified_time":"2025-05-19T08:10:48+00:00","og_image":[{"width":950,"height":610,"url":"https:\/\/focus112.com\/wp-content\/uploads\/2025\/01\/assuring.jpg","type":"image\/jpeg"}],"twitter_card":"summary_large_image","twitter_misc":{"Tiempo de lectura":"1 minuto"},"schema":{"@context":"https:\/\/schema.org","@graph":[{"@type":"WebPage","@id":"https:\/\/focus112.com\/our-clients\/assuring-national-security\/","url":"https:\/\/focus112.com\/our-clients\/assuring-national-security\/","name":"Garantizar la seguridad nacional - FOCUS112 - Managing Subpoenas and Court orders from Police","isPartOf":{"@id":"https:\/\/focus112.com\/#website"},"primaryImageOfPage":{"@id":"https:\/\/focus112.com\/our-clients\/assuring-national-security\/#primaryimage"},"image":{"@id":"https:\/\/focus112.com\/our-clients\/assuring-national-security\/#primaryimage"},"thumbnailUrl":"https:\/\/focus112.com\/wp-content\/uploads\/2025\/01\/assuring.jpg","datePublished":"2025-01-08T15:08:49+00:00","dateModified":"2025-05-19T08:10:48+00:00","breadcrumb":{"@id":"https:\/\/focus112.com\/our-clients\/assuring-national-security\/#breadcrumb"},"inLanguage":"es","potentialAction":[{"@type":"ReadAction","target":["https:\/\/focus112.com\/our-clients\/assuring-national-security\/"]}]},{"@type":"ImageObject","inLanguage":"es","@id":"https:\/\/focus112.com\/our-clients\/assuring-national-security\/#primaryimage","url":"https:\/\/focus112.com\/wp-content\/uploads\/2025\/01\/assuring.jpg","contentUrl":"https:\/\/focus112.com\/wp-content\/uploads\/2025\/01\/assuring.jpg"},{"@type":"BreadcrumbList","@id":"https:\/\/focus112.com\/our-clients\/assuring-national-security\/#breadcrumb","itemListElement":[{"@type":"ListItem","position":1,"name":"Home","item":"https:\/\/focus112.com\/es\/"},{"@type":"ListItem","position":2,"name":"Nuestros clientes","item":"https:\/\/focus112.com\/es\/nuestros-clientes\/"},{"@type":"ListItem","position":3,"name":"Garantizar la seguridad nacional"}]},{"@type":"WebSite","@id":"https:\/\/focus112.com\/#website","url":"https:\/\/focus112.com\/","name":"FOCUS112 - Managing Subpoenas and Court orders from Police","description":"Legal Compliance Management Software","publisher":{"@id":"https:\/\/focus112.com\/#organization"},"potentialAction":[{"@type":"SearchAction","target":{"@type":"EntryPoint","urlTemplate":"https:\/\/focus112.com\/?s={search_term_string}"},"query-input":{"@type":"PropertyValueSpecification","valueRequired":true,"valueName":"search_term_string"}}],"inLanguage":"es"},{"@type":"Organization","@id":"https:\/\/focus112.com\/#organization","name":"Focus Data Services Ltd","alternateName":"Focus112","url":"https:\/\/focus112.com\/","logo":{"@type":"ImageObject","inLanguage":"es","@id":"https:\/\/focus112.com\/#\/schema\/logo\/image\/","url":"https:\/\/focus112.com\/wp-content\/uploads\/2024\/11\/FocusDataLogo-180w.png","contentUrl":"https:\/\/focus112.com\/wp-content\/uploads\/2024\/11\/FocusDataLogo-180w.png","width":180,"height":74,"caption":"Focus Data Services Ltd"},"image":{"@id":"https:\/\/focus112.com\/#\/schema\/logo\/image\/"}}]}},"_links":{"self":[{"href":"https:\/\/focus112.com\/es\/wp-json\/wp\/v2\/pages\/1212","targetHints":{"allow":["GET"]}}],"collection":[{"href":"https:\/\/focus112.com\/es\/wp-json\/wp\/v2\/pages"}],"about":[{"href":"https:\/\/focus112.com\/es\/wp-json\/wp\/v2\/types\/page"}],"author":[{"embeddable":true,"href":"https:\/\/focus112.com\/es\/wp-json\/wp\/v2\/users\/1"}],"replies":[{"embeddable":true,"href":"https:\/\/focus112.com\/es\/wp-json\/wp\/v2\/comments?post=1212"}],"version-history":[{"count":1,"href":"https:\/\/focus112.com\/es\/wp-json\/wp\/v2\/pages\/1212\/revisions"}],"predecessor-version":[{"id":1213,"href":"https:\/\/focus112.com\/es\/wp-json\/wp\/v2\/pages\/1212\/revisions\/1213"}],"up":[{"embeddable":true,"href":"https:\/\/focus112.com\/es\/wp-json\/wp\/v2\/pages\/1207"}],"wp:attachment":[{"href":"https:\/\/focus112.com\/es\/wp-json\/wp\/v2\/media?parent=1212"}],"curies":[{"name":"wp","href":"https:\/\/api.w.org\/{rel}","templated":true}]}}