{"id":1513,"date":"2025-07-14T08:18:12","date_gmt":"2025-07-14T08:18:12","guid":{"rendered":"https:\/\/focus112.com\/eliminar-cuenta\/"},"modified":"2025-07-22T09:23:12","modified_gmt":"2025-07-22T09:23:12","slug":"eliminar-cuenta","status":"publish","type":"page","link":"https:\/\/focus112.com\/es\/eliminar-cuenta\/","title":{"rendered":"Eliminar cuenta"},"content":{"rendered":"\t\t<div data-elementor-type=\"wp-page\" data-elementor-id=\"1513\" class=\"elementor elementor-1513 elementor-1291\">\n\t\t\t\t<div class=\"elementor-element elementor-element-3b927d3d e-flex e-con-boxed parallax_section_no qode_elementor_container_no e-con e-parent\" data-id=\"3b927d3d\" data-element_type=\"container\" data-e-type=\"container\">\n\t\t\t\t\t<div class=\"e-con-inner\">\n\t\t\t\t<div class=\"elementor-element elementor-element-1d46648c elementor-widget elementor-widget-text-editor\" data-id=\"1d46648c\" data-element_type=\"widget\" data-e-type=\"widget\" data-widget_type=\"text-editor.default\">\n\t\t\t\t<div class=\"elementor-widget-container\">\n\t\t\t\t\t\t\t\t\t<h4>Borrar informaci\u00f3n de la cuenta de Cellsite Forensics, desarrollado por Focus Data Services.<span style=\"color: #7a7a7a; font-family: Roboto, sans-serif; font-size: 16px;\">&nbsp;<\/span><\/h4><div><span style=\"color: #7a7a7a; font-family: Roboto, sans-serif; font-size: 16px;\"><br><\/span><\/div>\n<div><\/div>\n<h4 class=\"wp-block-heading\">C\u00f3mo solicitar la eliminaci\u00f3n de tu cuenta Cellsite Forensics<\/h4>\n<ul>\n<li>Para solicitar la eliminaci\u00f3n de tu cuenta y datos asociados, ponte en contacto con nuestro equipo de asistencia por correo electr\u00f3nico.&lt;.li&gt;\n<\/li><li>Procesaremos tu solicitud de acuerdo con las leyes de privacidad aplicables y nuestra pol\u00edtica de privacidad.<\/li>\n<li>Puedes ponerte en contacto con el servicio de asistencia en AppSupport@Focus112.com, que responder\u00e1 en un plazo de 96 horas<\/li>\n<\/ul>\n<p>&nbsp;<\/p>\n<p>&nbsp;<\/p>\n<h4>Qu\u00e9 ocurre cuando eliminas tu cuenta:<\/h4>\n<ul>\n<li>Tu informaci\u00f3n personal (Nombre, correo electr\u00f3nico) y todos los datos asociados a tu cuenta (Encuestas) se eliminar\u00e1n permanentemente.<\/li>\n<li>Ya no podr\u00e1s acceder a tu cuenta ni utilizar las funciones de la aplicaci\u00f3n.<\/li>\n<li>Te confirmaremos la finalizaci\u00f3n del proceso de eliminaci\u00f3n por correo electr\u00f3nico.<\/li>\n<li>Esta acci\u00f3n no se puede deshacer.<\/li>\n<\/ul>\t\t\t\t\t\t\t\t<\/div>\n\t\t\t\t<\/div>\n\t\t\t\t\t<\/div>\n\t\t\t\t<\/div>\n\t\t\t\t<\/div>\n\t\t","protected":false},"excerpt":{"rendered":"<p>Borrar informaci\u00f3n de la cuenta de Cellsite Forensics, desarrollado por Focus Data Services.&nbsp; C\u00f3mo solicitar la eliminaci\u00f3n de tu cuenta Cellsite Forensics Para solicitar la eliminaci\u00f3n de tu cuenta y datos asociados, ponte en contacto con nuestro equipo de asistencia por correo electr\u00f3nico.&lt;.li&gt; Procesaremos tu&#8230;<\/p>\n","protected":false},"author":1,"featured_media":0,"parent":0,"menu_order":0,"comment_status":"closed","ping_status":"closed","template":"","meta":{"_monsterinsights_skip_tracking":false,"_monsterinsights_sitenote_active":false,"_monsterinsights_sitenote_note":"","_monsterinsights_sitenote_category":0,"footnotes":""},"class_list":["post-1513","page","type-page","status-publish","hentry"],"yoast_head":"<!-- This site is optimized with the Yoast SEO plugin v27.4 - https:\/\/yoast.com\/product\/yoast-seo-wordpress\/ -->\n<title>Eliminar cuenta - FOCUS112 - Managing Subpoenas and Court orders from Police<\/title>\n<meta name=\"robots\" content=\"index, follow, max-snippet:-1, max-image-preview:large, max-video-preview:-1\" \/>\n<link rel=\"canonical\" href=\"https:\/\/focus112.com\/delete-account\/\" \/>\n<meta property=\"og:locale\" content=\"es_ES\" \/>\n<meta property=\"og:type\" content=\"article\" \/>\n<meta property=\"og:title\" content=\"Eliminar cuenta - FOCUS112 - Managing Subpoenas and Court orders from Police\" \/>\n<meta property=\"og:description\" content=\"Borrar informaci\u00f3n de la cuenta de Cellsite Forensics, desarrollado por Focus Data Services.&nbsp; C\u00f3mo solicitar la eliminaci\u00f3n de tu cuenta Cellsite Forensics Para solicitar la eliminaci\u00f3n de tu cuenta y datos asociados, ponte en contacto con nuestro equipo de asistencia por correo electr\u00f3nico.&lt;.li&gt; Procesaremos tu...\" \/>\n<meta property=\"og:url\" content=\"https:\/\/focus112.com\/delete-account\/\" \/>\n<meta property=\"og:site_name\" content=\"FOCUS112 - Managing Subpoenas and Court orders from Police\" \/>\n<meta property=\"article:modified_time\" content=\"2025-07-22T09:23:12+00:00\" \/>\n<meta name=\"twitter:card\" content=\"summary_large_image\" \/>\n<meta name=\"twitter:label1\" content=\"Tiempo de lectura\" \/>\n\t<meta name=\"twitter:data1\" content=\"1 minuto\" \/>\n<script type=\"application\/ld+json\" class=\"yoast-schema-graph\">{\"@context\":\"https:\\\/\\\/schema.org\",\"@graph\":[{\"@type\":\"WebPage\",\"@id\":\"https:\\\/\\\/focus112.com\\\/delete-account\\\/\",\"url\":\"https:\\\/\\\/focus112.com\\\/delete-account\\\/\",\"name\":\"Eliminar cuenta - FOCUS112 - Managing Subpoenas and Court orders from Police\",\"isPartOf\":{\"@id\":\"https:\\\/\\\/focus112.com\\\/#website\"},\"datePublished\":\"2025-07-14T08:18:12+00:00\",\"dateModified\":\"2025-07-22T09:23:12+00:00\",\"breadcrumb\":{\"@id\":\"https:\\\/\\\/focus112.com\\\/delete-account\\\/#breadcrumb\"},\"inLanguage\":\"es\",\"potentialAction\":[{\"@type\":\"ReadAction\",\"target\":[\"https:\\\/\\\/focus112.com\\\/delete-account\\\/\"]}]},{\"@type\":\"BreadcrumbList\",\"@id\":\"https:\\\/\\\/focus112.com\\\/delete-account\\\/#breadcrumb\",\"itemListElement\":[{\"@type\":\"ListItem\",\"position\":1,\"name\":\"Home\",\"item\":\"https:\\\/\\\/focus112.com\\\/es\\\/\"},{\"@type\":\"ListItem\",\"position\":2,\"name\":\"Eliminar cuenta\"}]},{\"@type\":\"WebSite\",\"@id\":\"https:\\\/\\\/focus112.com\\\/#website\",\"url\":\"https:\\\/\\\/focus112.com\\\/\",\"name\":\"FOCUS112 - Managing Subpoenas and Court orders from Police\",\"description\":\"Legal Compliance Management Software\",\"publisher\":{\"@id\":\"https:\\\/\\\/focus112.com\\\/#organization\"},\"potentialAction\":[{\"@type\":\"SearchAction\",\"target\":{\"@type\":\"EntryPoint\",\"urlTemplate\":\"https:\\\/\\\/focus112.com\\\/?s={search_term_string}\"},\"query-input\":{\"@type\":\"PropertyValueSpecification\",\"valueRequired\":true,\"valueName\":\"search_term_string\"}}],\"inLanguage\":\"es\"},{\"@type\":\"Organization\",\"@id\":\"https:\\\/\\\/focus112.com\\\/#organization\",\"name\":\"Focus Data Services Ltd\",\"alternateName\":\"Focus112\",\"url\":\"https:\\\/\\\/focus112.com\\\/\",\"logo\":{\"@type\":\"ImageObject\",\"inLanguage\":\"es\",\"@id\":\"https:\\\/\\\/focus112.com\\\/#\\\/schema\\\/logo\\\/image\\\/\",\"url\":\"https:\\\/\\\/focus112.com\\\/wp-content\\\/uploads\\\/2024\\\/11\\\/FocusDataLogo-180w.png\",\"contentUrl\":\"https:\\\/\\\/focus112.com\\\/wp-content\\\/uploads\\\/2024\\\/11\\\/FocusDataLogo-180w.png\",\"width\":180,\"height\":74,\"caption\":\"Focus Data Services Ltd\"},\"image\":{\"@id\":\"https:\\\/\\\/focus112.com\\\/#\\\/schema\\\/logo\\\/image\\\/\"}}]}<\/script>\n<!-- \/ Yoast SEO plugin. -->","yoast_head_json":{"title":"Eliminar cuenta - FOCUS112 - Managing Subpoenas and Court orders from Police","robots":{"index":"index","follow":"follow","max-snippet":"max-snippet:-1","max-image-preview":"max-image-preview:large","max-video-preview":"max-video-preview:-1"},"canonical":"https:\/\/focus112.com\/delete-account\/","og_locale":"es_ES","og_type":"article","og_title":"Eliminar cuenta - FOCUS112 - Managing Subpoenas and Court orders from Police","og_description":"Borrar informaci\u00f3n de la cuenta de Cellsite Forensics, desarrollado por Focus Data Services.&nbsp; C\u00f3mo solicitar la eliminaci\u00f3n de tu cuenta Cellsite Forensics Para solicitar la eliminaci\u00f3n de tu cuenta y datos asociados, ponte en contacto con nuestro equipo de asistencia por correo electr\u00f3nico.&lt;.li&gt; Procesaremos tu...","og_url":"https:\/\/focus112.com\/delete-account\/","og_site_name":"FOCUS112 - Managing Subpoenas and Court orders from Police","article_modified_time":"2025-07-22T09:23:12+00:00","twitter_card":"summary_large_image","twitter_misc":{"Tiempo de lectura":"1 minuto"},"schema":{"@context":"https:\/\/schema.org","@graph":[{"@type":"WebPage","@id":"https:\/\/focus112.com\/delete-account\/","url":"https:\/\/focus112.com\/delete-account\/","name":"Eliminar cuenta - FOCUS112 - Managing Subpoenas and Court orders from Police","isPartOf":{"@id":"https:\/\/focus112.com\/#website"},"datePublished":"2025-07-14T08:18:12+00:00","dateModified":"2025-07-22T09:23:12+00:00","breadcrumb":{"@id":"https:\/\/focus112.com\/delete-account\/#breadcrumb"},"inLanguage":"es","potentialAction":[{"@type":"ReadAction","target":["https:\/\/focus112.com\/delete-account\/"]}]},{"@type":"BreadcrumbList","@id":"https:\/\/focus112.com\/delete-account\/#breadcrumb","itemListElement":[{"@type":"ListItem","position":1,"name":"Home","item":"https:\/\/focus112.com\/es\/"},{"@type":"ListItem","position":2,"name":"Eliminar cuenta"}]},{"@type":"WebSite","@id":"https:\/\/focus112.com\/#website","url":"https:\/\/focus112.com\/","name":"FOCUS112 - Managing Subpoenas and Court orders from Police","description":"Legal Compliance Management Software","publisher":{"@id":"https:\/\/focus112.com\/#organization"},"potentialAction":[{"@type":"SearchAction","target":{"@type":"EntryPoint","urlTemplate":"https:\/\/focus112.com\/?s={search_term_string}"},"query-input":{"@type":"PropertyValueSpecification","valueRequired":true,"valueName":"search_term_string"}}],"inLanguage":"es"},{"@type":"Organization","@id":"https:\/\/focus112.com\/#organization","name":"Focus Data Services Ltd","alternateName":"Focus112","url":"https:\/\/focus112.com\/","logo":{"@type":"ImageObject","inLanguage":"es","@id":"https:\/\/focus112.com\/#\/schema\/logo\/image\/","url":"https:\/\/focus112.com\/wp-content\/uploads\/2024\/11\/FocusDataLogo-180w.png","contentUrl":"https:\/\/focus112.com\/wp-content\/uploads\/2024\/11\/FocusDataLogo-180w.png","width":180,"height":74,"caption":"Focus Data Services Ltd"},"image":{"@id":"https:\/\/focus112.com\/#\/schema\/logo\/image\/"}}]}},"_links":{"self":[{"href":"https:\/\/focus112.com\/es\/wp-json\/wp\/v2\/pages\/1513","targetHints":{"allow":["GET"]}}],"collection":[{"href":"https:\/\/focus112.com\/es\/wp-json\/wp\/v2\/pages"}],"about":[{"href":"https:\/\/focus112.com\/es\/wp-json\/wp\/v2\/types\/page"}],"author":[{"embeddable":true,"href":"https:\/\/focus112.com\/es\/wp-json\/wp\/v2\/users\/1"}],"replies":[{"embeddable":true,"href":"https:\/\/focus112.com\/es\/wp-json\/wp\/v2\/comments?post=1513"}],"version-history":[{"count":1,"href":"https:\/\/focus112.com\/es\/wp-json\/wp\/v2\/pages\/1513\/revisions"}],"predecessor-version":[{"id":1514,"href":"https:\/\/focus112.com\/es\/wp-json\/wp\/v2\/pages\/1513\/revisions\/1514"}],"wp:attachment":[{"href":"https:\/\/focus112.com\/es\/wp-json\/wp\/v2\/media?parent=1513"}],"curies":[{"name":"wp","href":"https:\/\/api.w.org\/{rel}","templated":true}]}}