{"id":1517,"date":"2025-07-15T08:23:02","date_gmt":"2025-07-15T08:23:02","guid":{"rendered":"https:\/\/focus112.com\/aterrizaje-4\/"},"modified":"2025-07-22T09:30:12","modified_gmt":"2025-07-22T09:30:12","slug":"aterrizaje-4","status":"publish","type":"page","link":"https:\/\/focus112.com\/es\/aterrizaje-4\/","title":{"rendered":"Aterrizaje 4"},"content":{"rendered":"\t\t<div data-elementor-type=\"wp-page\" data-elementor-id=\"1517\" class=\"elementor elementor-1517 elementor-1374\">\n\t\t\t\t\t\t<section class=\"elementor-section elementor-top-section elementor-element elementor-element-26ea532 elementor-section-full_width elementor-section-height-default elementor-section-height-default parallax_section_no qode_elementor_container_no\" data-id=\"26ea532\" data-element_type=\"section\" data-e-type=\"section\">\n\t\t\t\t\t\t<div class=\"elementor-container elementor-column-gap-default\">\n\t\t\t\t\t<div class=\"elementor-column elementor-col-100 elementor-top-column elementor-element elementor-element-02ed651\" data-id=\"02ed651\" data-element_type=\"column\" data-e-type=\"column\">\n\t\t\t<div class=\"elementor-widget-wrap elementor-element-populated\">\n\t\t\t\t\t\t<div class=\"elementor-element elementor-element-4e180ed elementor-widget elementor-widget-wp-widget-rev-slider-widget\" data-id=\"4e180ed\" data-element_type=\"widget\" data-e-type=\"widget\" data-widget_type=\"wp-widget-rev-slider-widget.default\">\n\t\t\t\t<div class=\"elementor-widget-container\">\n\t\t\t\t\t\n\t\t\t\t<p class=\"rs-p-wp-fix\"><\/p>\n\t\t\t\t<sr7-module data-alias=\"slider-landing-1\" data-id=\"10\" id=\"SR7_10_1\" class=\"rs-ov-hidden\" data-version=\"6.7.21\">\n\t\t\t\t\t<sr7-adjuster><\/sr7-adjuster>\n\t\t\t\t\t<sr7-content>\n\t\t\t\t\t\t<sr7-slide id=\"SR7_10_1-19\" data-key=\"19\">\n\t\t\t\t\t\t\t<h2 id=\"SR7_10_1-19-0\" class=\"sr7-layer\">Focus112 Forensic<br \/>\nCell-site Survey App<br \/>\n<\/h2>\n\t\t\t\t\t\t\t<sr7-txt id=\"SR7_10_1-19-1\" class=\"sr7-layer\"><h3 style=\"color:#FFFFFF;\">Crime Scene analysis and Tower Dump Specification<\/h3><br>The Focus112 Forensic Cell-site Survey App enables your android phone to conduct cell-site surveys. <\/sr7-txt>\n\t\t\t\t\t\t\t<a id=\"SR7_10_1-19-3\" class=\"sr7-layer\" href=\"https:\/\/focus-in.tel\/login\/\" target=\"_self\">Login<\/a>\n\t\t\t\t\t\t\t<a id=\"SR7_10_1-19-5\" class=\"sr7-layer\" href=\"https:\/\/focus112.com\/cell-phone-forensics\/\" target=\"_blank\" rel=\"noopener\"><h3 style=\"color:#FFFFFF;\">Cell Phone Forensics:<\/h3> Retrieving and Interpreting Mobile Device Location Data.<\/a>\n\t\t\t\t\t\t\t<a id=\"SR7_10_1-19-6\" class=\"sr7-layer\" href=\"https:\/\/focus112.com\/cell-phone-forensics\/\" target=\"_blank\" rel=\"noopener\">VIEW WHITEPAPER<\/a>\n\t\t\t\t\t\t<\/sr7-slide>\n\t\t\t\t\t\t<sr7-slide id=\"SR7_10_1-20\" data-key=\"20\">\n\t\t\t\t\t\t<\/sr7-slide>\n\t\t\t\t\t<\/sr7-content>\n\t\t\t\t\t<image_lists style=\"display:none\">\n\t\t\t\t\t\t<img data-src=\"\/\/focus112.com\/wp-content\/uploads\/2024\/12\/slider-dec24-01.jpg\" width=\"0\" height=\"0\" data-dbsrc=\"Ly9mb2N1czExMi5jb20vd3AtY29udGVudC91cGxvYWRzLzIwMjQvMTIvc2xpZGVyLWRlYzI0LTAxLmpwZw==\"\/>\n\t\t\t\t\t\t<img data-src=\"\/\/focus112.com\/wp-content\/uploads\/2025\/07\/white-paper.png\" data-libid=\"1328\" data-lib=\"medialibrary\" title=\"white-paper\" width=\"0\" height=\"0\" data-dbsrc=\"Ly9mb2N1czExMi5jb20vd3AtY29udGVudC91cGxvYWRzLzIwMjUvMDcvd2hpdGUtcGFwZXIucG5n\"\/>\n\t\t\t\t\t<\/image_lists>\n\t\t\t\t<\/sr7-module>\n\t\t\t\t<script>\n\t\t\t\t\tSR7.PMH ??={}; SR7.PMH[\"SR7_10_1\"] = {cn:0,state:false,fn: function() { if (_tpt!==undefined && _tpt.prepareModuleHeight !== undefined) {  _tpt.prepareModuleHeight({id:\"SR7_10_1\",el:[730,730,800,600,800],type:'standard',shdw:'0',gh:[730,730,800,600,800],gw:[1400,1400,1023,700,480],vpt:['-100px&#039;,&#039;-100px&#039;,&#039;-100px&#039;,&#039;-100px&#039;,&#039;-100px'],size:{fullWidth:true, fullHeight:false},mh:'0',onh:0,onw:0,bg:{color:'{\"orig\":\"transparent\",\"type\":\"solid\",\"string\":\"transparent\"}',image:{src:'https:\/\/focus112.com\/wp-content\/uploads\/2024\/12\/slider-dec24-01.jpg',size:'',position:'center center',repeat:''}}});   SR7.PMH[\"SR7_10_1\"].state=true;} else if((SR7.PMH[\"SR7_10_1\"].cn++)<100)\tsetTimeout( SR7.PMH[\"SR7_10_1\"].fn,19);}};SR7.PMH[\"SR7_10_1\" ].fn();\n\t\t\t\t<\/script>\n\t\t\t\t<\/div>\n\t\t\t\t<\/div>\n\t\t\t\t\t<\/div>\n\t\t<\/div>\n\t\t\t\t\t<\/div>\n\t\t<\/section>\n\t\t\t\t<section class=\"elementor-section elementor-top-section elementor-element elementor-element-471c12a elementor-section-full_width qode_elementor_container_inner elementor-section-height-default elementor-section-height-default parallax_section_no\" data-id=\"471c12a\" data-element_type=\"section\" data-e-type=\"section\">\n\t\t\t\t\t\t<div class=\"elementor-container elementor-column-gap-default\">\n\t\t\t\t\t<div class=\"elementor-column elementor-col-50 elementor-top-column elementor-element elementor-element-ac971cb\" data-id=\"ac971cb\" data-element_type=\"column\" data-e-type=\"column\">\n\t\t\t<div class=\"elementor-widget-wrap elementor-element-populated\">\n\t\t\t\t\t\t<div class=\"elementor-element elementor-element-02bf26f elementor-widget elementor-widget-spacer\" data-id=\"02bf26f\" data-element_type=\"widget\" data-e-type=\"widget\" data-widget_type=\"spacer.default\">\n\t\t\t\t<div class=\"elementor-widget-container\">\n\t\t\t\t\t\t\t<div class=\"elementor-spacer\">\n\t\t\t<div class=\"elementor-spacer-inner\"><\/div>\n\t\t<\/div>\n\t\t\t\t\t\t<\/div>\n\t\t\t\t<\/div>\n\t\t\t\t<div class=\"elementor-element elementor-element-0222142 elementor-widget elementor-widget-heading\" data-id=\"0222142\" data-element_type=\"widget\" data-e-type=\"widget\" data-widget_type=\"heading.default\">\n\t\t\t\t<div class=\"elementor-widget-container\">\n\t\t\t\t\t<h3 class=\"elementor-heading-title elementor-size-default\">App de Encuestas sobre emplazamientos celulares  <\/h3>\t\t\t\t<\/div>\n\t\t\t\t<\/div>\n\t\t\t\t<div class=\"elementor-element elementor-element-a1f7598 elementor-widget elementor-widget-spacer\" data-id=\"a1f7598\" data-element_type=\"widget\" data-e-type=\"widget\" data-widget_type=\"spacer.default\">\n\t\t\t\t<div class=\"elementor-widget-container\">\n\t\t\t\t\t\t\t<div class=\"elementor-spacer\">\n\t\t\t<div class=\"elementor-spacer-inner\"><\/div>\n\t\t<\/div>\n\t\t\t\t\t\t<\/div>\n\t\t\t\t<\/div>\n\t\t\t\t<div class=\"elementor-element elementor-element-c049587 elementor-widget elementor-widget-text-editor\" data-id=\"c049587\" data-element_type=\"widget\" data-e-type=\"widget\" data-widget_type=\"text-editor.default\">\n\t\t\t\t<div class=\"elementor-widget-container\">\n\t\t\t\t\t\t\t\t\t<p>La aplicaci\u00f3n Cell-site Survey permite realizar estudios forenses de los emplazamientos de las c\u00e9lulas que dan cobertura a la escena de un crimen.<\/p><p><br>Registra el Id. de la c\u00e9lula, las frecuencias y la intensidad de la se\u00f1al con respecto a la ubicaci\u00f3n GPS. Se pueden marcar los lugares de inter\u00e9s y el agente puede seguir su progreso durante la encuesta. Se puede descargar una copia de trabajo en el tel\u00e9fono. Los resultados de la encuesta se guardan como copia hash (Gold) en un servidor de confianza para su posterior recuperaci\u00f3n.   <\/p>\t\t\t\t\t\t\t\t<\/div>\n\t\t\t\t<\/div>\n\t\t\t\t<div class=\"elementor-element elementor-element-4642f84 elementor-widget elementor-widget-image\" data-id=\"4642f84\" data-element_type=\"widget\" data-e-type=\"widget\" data-widget_type=\"image.default\">\n\t\t\t\t<div class=\"elementor-widget-container\">\n\t\t\t\t\t\t\t\t\t\t\t\t\t\t\t<img fetchpriority=\"high\" decoding=\"async\" width=\"600\" height=\"660\" src=\"https:\/\/focus112.com\/wp-content\/uploads\/2025\/07\/forensic-cell-site.jpg\" class=\"attachment-large size-large wp-image-1392\" alt=\"\" srcset=\"https:\/\/focus112.com\/wp-content\/uploads\/2025\/07\/forensic-cell-site.jpg 600w, https:\/\/focus112.com\/wp-content\/uploads\/2025\/07\/forensic-cell-site-273x300.jpg 273w\" sizes=\"(max-width: 600px) 100vw, 600px\" \/>\t\t\t\t\t\t\t\t\t\t\t\t\t\t\t<\/div>\n\t\t\t\t<\/div>\n\t\t\t\t\t<\/div>\n\t\t<\/div>\n\t\t\t\t<div class=\"elementor-column elementor-col-50 elementor-top-column elementor-element elementor-element-3b5c409\" data-id=\"3b5c409\" data-element_type=\"column\" data-e-type=\"column\">\n\t\t\t<div class=\"elementor-widget-wrap elementor-element-populated\">\n\t\t\t\t\t\t<div class=\"elementor-element elementor-element-1615478 elementor-widget elementor-widget-spacer\" data-id=\"1615478\" data-element_type=\"widget\" data-e-type=\"widget\" data-widget_type=\"spacer.default\">\n\t\t\t\t<div class=\"elementor-widget-container\">\n\t\t\t\t\t\t\t<div class=\"elementor-spacer\">\n\t\t\t<div class=\"elementor-spacer-inner\"><\/div>\n\t\t<\/div>\n\t\t\t\t\t\t<\/div>\n\t\t\t\t<\/div>\n\t\t\t\t<div class=\"elementor-element elementor-element-19a76a0 elementor-widget elementor-widget-heading\" data-id=\"19a76a0\" data-element_type=\"widget\" data-e-type=\"widget\" data-widget_type=\"heading.default\">\n\t\t\t\t<div class=\"elementor-widget-container\">\n\t\t\t\t\t<h3 class=\"elementor-heading-title elementor-size-default\">Caracter\u00edsticas:<\/h3>\t\t\t\t<\/div>\n\t\t\t\t<\/div>\n\t\t\t\t<div class=\"elementor-element elementor-element-c39f7f8 elementor-widget elementor-widget-spacer\" data-id=\"c39f7f8\" data-element_type=\"widget\" data-e-type=\"widget\" data-widget_type=\"spacer.default\">\n\t\t\t\t<div class=\"elementor-widget-container\">\n\t\t\t\t\t\t\t<div class=\"elementor-spacer\">\n\t\t\t<div class=\"elementor-spacer-inner\"><\/div>\n\t\t<\/div>\n\t\t\t\t\t\t<\/div>\n\t\t\t\t<\/div>\n\t\t\t\t<div class=\"elementor-element elementor-element-162e6f9 elementor-widget elementor-widget-text-editor\" data-id=\"162e6f9\" data-element_type=\"widget\" data-e-type=\"widget\" data-widget_type=\"text-editor.default\">\n\t\t\t\t<div class=\"elementor-widget-container\">\n\t\t\t\t\t\t\t\t\t<ul><li>Proporciona un estudio forense de la cobertura del emplazamiento de la c\u00e9lula.<\/li><li>Se puede crear una encuesta e introducir datos clave. (Referencia de la agencia, etc.) <\/li><li>Se muestra un mapa de la ubicaci\u00f3n que permite al Agente controlar el progreso de la encuesta.<\/li><li>Los lugares clave se pueden marcar y etiquetar con localizaci\u00f3n GPS.<\/li><li>La ubicaci\u00f3n y los detalles de las c\u00e9lulas servidoras se registran con localizaci\u00f3n GPS cada x segundos y se muestran en el mapa. Los emplazamientos de las c\u00e9lulas est\u00e1n codificados por colores. <\/li><li>La encuesta se puede pausar y volver a iniciar.<\/li><li>Se puede descargar una copia de trabajo en el tel\u00e9fono al final de la encuesta.<\/li><li>Se transmite una copia con hash probatorio (Gold) a <a href=\"http:\/\/www.focus-in.tel\/\">focus-in.tel, donde<\/a>el funcionario puede acceder a su cuenta y descargarla. Se trata de un servicio premium. <\/li><li>Se mantiene una pista de auditor\u00eda completa para la cadena de pruebas y se puede descargar<\/li><\/ul><p>La aplicaci\u00f3n Focus112 Cell-site Survey funciona en tabletas y tel\u00e9fonos con Android o superior.<\/p>\t\t\t\t\t\t\t\t<\/div>\n\t\t\t\t<\/div>\n\t\t\t\t<div class=\"elementor-element elementor-element-1fc1c1f elementor-widget elementor-widget-spacer\" data-id=\"1fc1c1f\" data-element_type=\"widget\" data-e-type=\"widget\" data-widget_type=\"spacer.default\">\n\t\t\t\t<div class=\"elementor-widget-container\">\n\t\t\t\t\t\t\t<div class=\"elementor-spacer\">\n\t\t\t<div class=\"elementor-spacer-inner\"><\/div>\n\t\t<\/div>\n\t\t\t\t\t\t<\/div>\n\t\t\t\t<\/div>\n\t\t\t\t<div class=\"elementor-element elementor-element-3a038f8 elementor-widget elementor-widget-heading\" data-id=\"3a038f8\" data-element_type=\"widget\" data-e-type=\"widget\" data-widget_type=\"heading.default\">\n\t\t\t\t<div class=\"elementor-widget-container\">\n\t\t\t\t\t<h3 class=\"elementor-heading-title elementor-size-default\">Redes admitidas<\/h3>\t\t\t\t<\/div>\n\t\t\t\t<\/div>\n\t\t\t\t<div class=\"elementor-element elementor-element-1a1b192 elementor-widget elementor-widget-spacer\" data-id=\"1a1b192\" data-element_type=\"widget\" data-e-type=\"widget\" data-widget_type=\"spacer.default\">\n\t\t\t\t<div class=\"elementor-widget-container\">\n\t\t\t\t\t\t\t<div class=\"elementor-spacer\">\n\t\t\t<div class=\"elementor-spacer-inner\"><\/div>\n\t\t<\/div>\n\t\t\t\t\t\t<\/div>\n\t\t\t\t<\/div>\n\t\t\t\t<div class=\"elementor-element elementor-element-4454fcf elementor-widget elementor-widget-text-editor\" data-id=\"4454fcf\" data-element_type=\"widget\" data-e-type=\"widget\" data-widget_type=\"text-editor.default\">\n\t\t\t\t<div class=\"elementor-widget-container\">\n\t\t\t\t\t\t\t\t\t<ul><li>GSMU<\/li><li>MTS<\/li><li>CDMA<\/li><li>LTE<\/li><li>NR<\/li><\/ul><p> <\/p><p>La aplicaci\u00f3n Focus112 Cell-site Survey funciona en tabletas y tel\u00e9fonos con Android o superior.<\/p>\t\t\t\t\t\t\t\t<\/div>\n\t\t\t\t<\/div>\n\t\t\t\t\t<\/div>\n\t\t<\/div>\n\t\t\t\t\t<\/div>\n\t\t<\/section>\n\t\t\t\t<\/div>\n\t\t","protected":false},"excerpt":{"rendered":"<p>App de Encuestas sobre emplazamientos celulares La aplicaci\u00f3n Cell-site Survey permite realizar estudios forenses de los emplazamientos de las c\u00e9lulas que dan cobertura a la escena de un crimen. Registra el Id. de la c\u00e9lula, las frecuencias y la intensidad de la se\u00f1al con respecto&#8230;<\/p>\n","protected":false},"author":1,"featured_media":0,"parent":0,"menu_order":0,"comment_status":"closed","ping_status":"closed","template":"full_width.php","meta":{"_monsterinsights_skip_tracking":false,"_monsterinsights_sitenote_active":false,"_monsterinsights_sitenote_note":"","_monsterinsights_sitenote_category":0,"footnotes":""},"class_list":["post-1517","page","type-page","status-publish","hentry"],"yoast_head":"<!-- This site is optimized with the Yoast SEO plugin v27.3 - https:\/\/yoast.com\/product\/yoast-seo-wordpress\/ -->\n<title>Aterrizaje 4 - FOCUS112 - Managing Subpoenas and Court orders from Police<\/title>\n<meta name=\"robots\" content=\"index, follow, max-snippet:-1, max-image-preview:large, max-video-preview:-1\" \/>\n<link rel=\"canonical\" href=\"https:\/\/focus112.com\/landing4\/\" \/>\n<meta property=\"og:locale\" content=\"es_ES\" \/>\n<meta property=\"og:type\" content=\"article\" \/>\n<meta property=\"og:title\" content=\"Aterrizaje 4 - FOCUS112 - Managing Subpoenas and Court orders from Police\" \/>\n<meta property=\"og:description\" content=\"App de Encuestas sobre emplazamientos celulares La aplicaci\u00f3n Cell-site Survey permite realizar estudios forenses de los emplazamientos de las c\u00e9lulas que dan cobertura a la escena de un crimen. Registra el Id. de la c\u00e9lula, las frecuencias y la intensidad de la se\u00f1al con respecto...\" \/>\n<meta property=\"og:url\" content=\"https:\/\/focus112.com\/landing4\/\" \/>\n<meta property=\"og:site_name\" content=\"FOCUS112 - Managing Subpoenas and Court orders from Police\" \/>\n<meta property=\"article:modified_time\" content=\"2025-07-22T09:30:12+00:00\" \/>\n<meta property=\"og:image\" content=\"https:\/\/focus112.com\/wp-content\/uploads\/2025\/07\/forensic-cell-site.jpg\" \/>\n\t<meta property=\"og:image:width\" content=\"600\" \/>\n\t<meta property=\"og:image:height\" content=\"660\" \/>\n\t<meta property=\"og:image:type\" content=\"image\/jpeg\" \/>\n<meta name=\"twitter:card\" content=\"summary_large_image\" \/>\n<meta name=\"twitter:label1\" content=\"Tiempo de lectura\" \/>\n\t<meta name=\"twitter:data1\" content=\"2 minutos\" \/>\n<script type=\"application\/ld+json\" class=\"yoast-schema-graph\">{\"@context\":\"https:\\\/\\\/schema.org\",\"@graph\":[{\"@type\":\"WebPage\",\"@id\":\"https:\\\/\\\/focus112.com\\\/landing4\\\/\",\"url\":\"https:\\\/\\\/focus112.com\\\/landing4\\\/\",\"name\":\"Aterrizaje 4 - FOCUS112 - Managing Subpoenas and Court orders from Police\",\"isPartOf\":{\"@id\":\"https:\\\/\\\/focus112.com\\\/#website\"},\"primaryImageOfPage\":{\"@id\":\"https:\\\/\\\/focus112.com\\\/landing4\\\/#primaryimage\"},\"image\":{\"@id\":\"https:\\\/\\\/focus112.com\\\/landing4\\\/#primaryimage\"},\"thumbnailUrl\":\"https:\\\/\\\/focus112.com\\\/wp-content\\\/uploads\\\/2025\\\/07\\\/forensic-cell-site.jpg\",\"datePublished\":\"2025-07-15T08:23:02+00:00\",\"dateModified\":\"2025-07-22T09:30:12+00:00\",\"breadcrumb\":{\"@id\":\"https:\\\/\\\/focus112.com\\\/landing4\\\/#breadcrumb\"},\"inLanguage\":\"es\",\"potentialAction\":[{\"@type\":\"ReadAction\",\"target\":[\"https:\\\/\\\/focus112.com\\\/landing4\\\/\"]}]},{\"@type\":\"ImageObject\",\"inLanguage\":\"es\",\"@id\":\"https:\\\/\\\/focus112.com\\\/landing4\\\/#primaryimage\",\"url\":\"https:\\\/\\\/focus112.com\\\/wp-content\\\/uploads\\\/2025\\\/07\\\/forensic-cell-site.jpg\",\"contentUrl\":\"https:\\\/\\\/focus112.com\\\/wp-content\\\/uploads\\\/2025\\\/07\\\/forensic-cell-site.jpg\"},{\"@type\":\"BreadcrumbList\",\"@id\":\"https:\\\/\\\/focus112.com\\\/landing4\\\/#breadcrumb\",\"itemListElement\":[{\"@type\":\"ListItem\",\"position\":1,\"name\":\"Home\",\"item\":\"https:\\\/\\\/focus112.com\\\/es\\\/\"},{\"@type\":\"ListItem\",\"position\":2,\"name\":\"Aterrizaje 4\"}]},{\"@type\":\"WebSite\",\"@id\":\"https:\\\/\\\/focus112.com\\\/#website\",\"url\":\"https:\\\/\\\/focus112.com\\\/\",\"name\":\"FOCUS112 - Managing Subpoenas and Court orders from Police\",\"description\":\"Legal Compliance Management Software\",\"publisher\":{\"@id\":\"https:\\\/\\\/focus112.com\\\/#organization\"},\"potentialAction\":[{\"@type\":\"SearchAction\",\"target\":{\"@type\":\"EntryPoint\",\"urlTemplate\":\"https:\\\/\\\/focus112.com\\\/?s={search_term_string}\"},\"query-input\":{\"@type\":\"PropertyValueSpecification\",\"valueRequired\":true,\"valueName\":\"search_term_string\"}}],\"inLanguage\":\"es\"},{\"@type\":\"Organization\",\"@id\":\"https:\\\/\\\/focus112.com\\\/#organization\",\"name\":\"Focus Data Services Ltd\",\"alternateName\":\"Focus112\",\"url\":\"https:\\\/\\\/focus112.com\\\/\",\"logo\":{\"@type\":\"ImageObject\",\"inLanguage\":\"es\",\"@id\":\"https:\\\/\\\/focus112.com\\\/#\\\/schema\\\/logo\\\/image\\\/\",\"url\":\"https:\\\/\\\/focus112.com\\\/wp-content\\\/uploads\\\/2024\\\/11\\\/FocusDataLogo-180w.png\",\"contentUrl\":\"https:\\\/\\\/focus112.com\\\/wp-content\\\/uploads\\\/2024\\\/11\\\/FocusDataLogo-180w.png\",\"width\":180,\"height\":74,\"caption\":\"Focus Data Services Ltd\"},\"image\":{\"@id\":\"https:\\\/\\\/focus112.com\\\/#\\\/schema\\\/logo\\\/image\\\/\"}}]}<\/script>\n<!-- \/ Yoast SEO plugin. -->","yoast_head_json":{"title":"Aterrizaje 4 - FOCUS112 - Managing Subpoenas and Court orders from Police","robots":{"index":"index","follow":"follow","max-snippet":"max-snippet:-1","max-image-preview":"max-image-preview:large","max-video-preview":"max-video-preview:-1"},"canonical":"https:\/\/focus112.com\/landing4\/","og_locale":"es_ES","og_type":"article","og_title":"Aterrizaje 4 - FOCUS112 - Managing Subpoenas and Court orders from Police","og_description":"App de Encuestas sobre emplazamientos celulares La aplicaci\u00f3n Cell-site Survey permite realizar estudios forenses de los emplazamientos de las c\u00e9lulas que dan cobertura a la escena de un crimen. Registra el Id. de la c\u00e9lula, las frecuencias y la intensidad de la se\u00f1al con respecto...","og_url":"https:\/\/focus112.com\/landing4\/","og_site_name":"FOCUS112 - Managing Subpoenas and Court orders from Police","article_modified_time":"2025-07-22T09:30:12+00:00","og_image":[{"width":600,"height":660,"url":"https:\/\/focus112.com\/wp-content\/uploads\/2025\/07\/forensic-cell-site.jpg","type":"image\/jpeg"}],"twitter_card":"summary_large_image","twitter_misc":{"Tiempo de lectura":"2 minutos"},"schema":{"@context":"https:\/\/schema.org","@graph":[{"@type":"WebPage","@id":"https:\/\/focus112.com\/landing4\/","url":"https:\/\/focus112.com\/landing4\/","name":"Aterrizaje 4 - FOCUS112 - Managing Subpoenas and Court orders from Police","isPartOf":{"@id":"https:\/\/focus112.com\/#website"},"primaryImageOfPage":{"@id":"https:\/\/focus112.com\/landing4\/#primaryimage"},"image":{"@id":"https:\/\/focus112.com\/landing4\/#primaryimage"},"thumbnailUrl":"https:\/\/focus112.com\/wp-content\/uploads\/2025\/07\/forensic-cell-site.jpg","datePublished":"2025-07-15T08:23:02+00:00","dateModified":"2025-07-22T09:30:12+00:00","breadcrumb":{"@id":"https:\/\/focus112.com\/landing4\/#breadcrumb"},"inLanguage":"es","potentialAction":[{"@type":"ReadAction","target":["https:\/\/focus112.com\/landing4\/"]}]},{"@type":"ImageObject","inLanguage":"es","@id":"https:\/\/focus112.com\/landing4\/#primaryimage","url":"https:\/\/focus112.com\/wp-content\/uploads\/2025\/07\/forensic-cell-site.jpg","contentUrl":"https:\/\/focus112.com\/wp-content\/uploads\/2025\/07\/forensic-cell-site.jpg"},{"@type":"BreadcrumbList","@id":"https:\/\/focus112.com\/landing4\/#breadcrumb","itemListElement":[{"@type":"ListItem","position":1,"name":"Home","item":"https:\/\/focus112.com\/es\/"},{"@type":"ListItem","position":2,"name":"Aterrizaje 4"}]},{"@type":"WebSite","@id":"https:\/\/focus112.com\/#website","url":"https:\/\/focus112.com\/","name":"FOCUS112 - Managing Subpoenas and Court orders from Police","description":"Legal Compliance Management Software","publisher":{"@id":"https:\/\/focus112.com\/#organization"},"potentialAction":[{"@type":"SearchAction","target":{"@type":"EntryPoint","urlTemplate":"https:\/\/focus112.com\/?s={search_term_string}"},"query-input":{"@type":"PropertyValueSpecification","valueRequired":true,"valueName":"search_term_string"}}],"inLanguage":"es"},{"@type":"Organization","@id":"https:\/\/focus112.com\/#organization","name":"Focus Data Services Ltd","alternateName":"Focus112","url":"https:\/\/focus112.com\/","logo":{"@type":"ImageObject","inLanguage":"es","@id":"https:\/\/focus112.com\/#\/schema\/logo\/image\/","url":"https:\/\/focus112.com\/wp-content\/uploads\/2024\/11\/FocusDataLogo-180w.png","contentUrl":"https:\/\/focus112.com\/wp-content\/uploads\/2024\/11\/FocusDataLogo-180w.png","width":180,"height":74,"caption":"Focus Data Services Ltd"},"image":{"@id":"https:\/\/focus112.com\/#\/schema\/logo\/image\/"}}]}},"_links":{"self":[{"href":"https:\/\/focus112.com\/es\/wp-json\/wp\/v2\/pages\/1517","targetHints":{"allow":["GET"]}}],"collection":[{"href":"https:\/\/focus112.com\/es\/wp-json\/wp\/v2\/pages"}],"about":[{"href":"https:\/\/focus112.com\/es\/wp-json\/wp\/v2\/types\/page"}],"author":[{"embeddable":true,"href":"https:\/\/focus112.com\/es\/wp-json\/wp\/v2\/users\/1"}],"replies":[{"embeddable":true,"href":"https:\/\/focus112.com\/es\/wp-json\/wp\/v2\/comments?post=1517"}],"version-history":[{"count":1,"href":"https:\/\/focus112.com\/es\/wp-json\/wp\/v2\/pages\/1517\/revisions"}],"predecessor-version":[{"id":1518,"href":"https:\/\/focus112.com\/es\/wp-json\/wp\/v2\/pages\/1517\/revisions\/1518"}],"wp:attachment":[{"href":"https:\/\/focus112.com\/es\/wp-json\/wp\/v2\/media?parent=1517"}],"curies":[{"name":"wp","href":"https:\/\/api.w.org\/{rel}","templated":true}]}}