{"id":1117,"date":"2020-06-29T12:41:46","date_gmt":"2020-06-29T12:41:46","guid":{"rendered":"https:\/\/focus112.com\/a-propos-de-nous\/"},"modified":"2025-05-12T13:40:47","modified_gmt":"2025-05-12T13:40:47","slug":"a-propos-de-nous","status":"publish","type":"page","link":"https:\/\/focus112.com\/fr\/a-propos-de-nous\/","title":{"rendered":"A propos de nous"},"content":{"rendered":"\t\t<div data-elementor-type=\"wp-page\" data-elementor-id=\"1117\" class=\"elementor elementor-1117 elementor-105\">\n\t\t\t\t\t\t<section class=\"elementor-section elementor-top-section elementor-element elementor-element-50b3a37 elementor-section-full_width qode_elementor_container_inner elementor-section-height-default elementor-section-height-default parallax_section_no\" data-id=\"50b3a37\" data-element_type=\"section\" data-e-type=\"section\">\n\t\t\t\t\t\t<div class=\"elementor-container elementor-column-gap-default\">\n\t\t\t\t\t<div class=\"elementor-column elementor-col-100 elementor-top-column elementor-element elementor-element-2bdce5a\" data-id=\"2bdce5a\" data-element_type=\"column\" data-e-type=\"column\">\n\t\t\t<div class=\"elementor-widget-wrap elementor-element-populated\">\n\t\t\t\t\t\t<div class=\"elementor-element elementor-element-7abc70e elementor-widget elementor-widget-heading\" data-id=\"7abc70e\" data-element_type=\"widget\" data-e-type=\"widget\" data-widget_type=\"heading.default\">\n\t\t\t\t<div class=\"elementor-widget-container\">\n\t\t\t\t\t<h2 class=\"elementor-heading-title elementor-size-default\">FOCUS DATA<\/h2>\t\t\t\t<\/div>\n\t\t\t\t<\/div>\n\t\t\t\t<div class=\"elementor-element elementor-element-5b5399f elementor-widget elementor-widget-heading\" data-id=\"5b5399f\" data-element_type=\"widget\" data-e-type=\"widget\" data-widget_type=\"heading.default\">\n\t\t\t\t<div class=\"elementor-widget-container\">\n\t\t\t\t\t<h5 class=\"elementor-heading-title elementor-size-default\">Fond\u00e9e en 2004, Focus Data a obtenu des r\u00e9sultats exceptionnels avec sa suite modulaire de gestion des demandes dans le monde entier. Ayant obtenu la certification ISO 27001, Focus Data s'engage \u00e0 maintenir les normes les plus \u00e9lev\u00e9es en mati\u00e8re de s\u00e9curit\u00e9 de l'information pour ses partenaires et ses clients.<\/h5>\t\t\t\t<\/div>\n\t\t\t\t<\/div>\n\t\t\t\t\t<\/div>\n\t\t<\/div>\n\t\t\t\t\t<\/div>\n\t\t<\/section>\n\t\t\t\t<section class=\"elementor-section elementor-top-section elementor-element elementor-element-8dd2583 elementor-section-full_width qode_elementor_container_inner elementor-section-height-default elementor-section-height-default parallax_section_no\" data-id=\"8dd2583\" data-element_type=\"section\" data-e-type=\"section\">\n\t\t\t\t\t\t<div class=\"elementor-container elementor-column-gap-default\">\n\t\t\t\t\t<div class=\"elementor-column elementor-col-50 elementor-top-column elementor-element elementor-element-9724e15\" data-id=\"9724e15\" data-element_type=\"column\" data-e-type=\"column\">\n\t\t\t<div class=\"elementor-widget-wrap elementor-element-populated\">\n\t\t\t\t\t\t<div class=\"elementor-element elementor-element-23de1c3 elementor-widget elementor-widget-image\" data-id=\"23de1c3\" data-element_type=\"widget\" data-e-type=\"widget\" data-widget_type=\"image.default\">\n\t\t\t\t<div class=\"elementor-widget-container\">\n\t\t\t\t\t\t\t\t\t\t\t\t\t\t\t<img fetchpriority=\"high\" decoding=\"async\" width=\"950\" height=\"831\" src=\"https:\/\/focus112.com\/wp-content\/uploads\/2024\/11\/about-us-raygreen.jpg\" class=\"attachment-full size-full wp-image-1075\" alt=\"\" srcset=\"https:\/\/focus112.com\/wp-content\/uploads\/2024\/11\/about-us-raygreen.jpg 950w, https:\/\/focus112.com\/wp-content\/uploads\/2024\/11\/about-us-raygreen-300x262.jpg 300w, https:\/\/focus112.com\/wp-content\/uploads\/2024\/11\/about-us-raygreen-768x672.jpg 768w, https:\/\/focus112.com\/wp-content\/uploads\/2024\/11\/about-us-raygreen-700x612.jpg 700w\" sizes=\"(max-width: 950px) 100vw, 950px\" \/>\t\t\t\t\t\t\t\t\t\t\t\t\t\t\t<\/div>\n\t\t\t\t<\/div>\n\t\t\t\t\t<\/div>\n\t\t<\/div>\n\t\t\t\t<div class=\"elementor-column elementor-col-50 elementor-top-column elementor-element elementor-element-acdce36\" data-id=\"acdce36\" data-element_type=\"column\" data-e-type=\"column\">\n\t\t\t<div class=\"elementor-widget-wrap elementor-element-populated\">\n\t\t\t\t\t\t<div class=\"elementor-element elementor-element-822688d elementor-widget elementor-widget-text-editor\" data-id=\"822688d\" data-element_type=\"widget\" data-e-type=\"widget\" data-widget_type=\"text-editor.default\">\n\t\t\t\t<div class=\"elementor-widget-container\">\n\t\t\t\t\t\t\t\t\t<p>Focus112, la solution de gestion de la divulgation de Focus Data, permet aux op\u00e9rateurs de r\u00e9seaux de se conformer aux d\u00e9cisions de justice et aux citations \u00e0 compara\u00eetre de la police afin d&rsquo;aider \u00e0 arr\u00eater les criminels et \u00e0 sauver des vies.<\/p><p><br><\/p>\n<p>Focus112 g\u00e8re les processus de conformit\u00e9 et automatise la recherche de donn\u00e9es entre les services de police et les op\u00e9rateurs de r\u00e9seaux mobiles.<\/p><p><br><\/p>\n<p>Lorsqu&rsquo;un crime est commis, les forces de l&rsquo;ordre s&rsquo;appuient souvent sur les donn\u00e9es de localisation des t\u00e9l\u00e9phones portables pour l&rsquo;\u00e9lucider. Pour recevoir ces donn\u00e9es, ils travaillent avec les op\u00e9rateurs de r\u00e9seaux afin d&rsquo;obtenir les bonnes informations. Focus112 automatise ce processus et fournit rapidement les bonnes donn\u00e9es.<\/p><p><br><\/p>\n<p>En g\u00e9rant l&rsquo;interface entre les soci\u00e9t\u00e9s de t\u00e9l\u00e9phonie mobile et les demandes des services r\u00e9pressifs, Focus112 garantit le respect des exigences l\u00e9gales tout en minimisant la charge qui p\u00e8se sur les fournisseurs de r\u00e9seaux.<\/p>\t\t\t\t\t\t\t\t<\/div>\n\t\t\t\t<\/div>\n\t\t\t\t\t<\/div>\n\t\t<\/div>\n\t\t\t\t\t<\/div>\n\t\t<\/section>\n\t\t\t\t<section class=\"elementor-section elementor-top-section elementor-element elementor-element-bf026ad elementor-section-full_width qode_elementor_container_inner elementor-section-height-default elementor-section-height-default parallax_section_no\" data-id=\"bf026ad\" data-element_type=\"section\" data-e-type=\"section\">\n\t\t\t\t\t\t<div class=\"elementor-container elementor-column-gap-default\">\n\t\t\t\t\t<div class=\"elementor-column elementor-col-100 elementor-top-column elementor-element elementor-element-8eda540\" data-id=\"8eda540\" data-element_type=\"column\" data-e-type=\"column\">\n\t\t\t<div class=\"elementor-widget-wrap elementor-element-populated\">\n\t\t\t\t\t\t<div class=\"elementor-element elementor-element-08e5667 elementor-widget elementor-widget-heading\" data-id=\"08e5667\" data-element_type=\"widget\" data-e-type=\"widget\" data-widget_type=\"heading.default\">\n\t\t\t\t<div class=\"elementor-widget-container\">\n\t\t\t\t\t<h2 class=\"elementor-heading-title elementor-size-default\">Ray Green, directeur g\u00e9n\u00e9ral\n<\/h2>\t\t\t\t<\/div>\n\t\t\t\t<\/div>\n\t\t\t\t<div class=\"elementor-element elementor-element-a325de4 elementor-widget__width-initial elementor-widget elementor-widget-text-editor\" data-id=\"a325de4\" data-element_type=\"widget\" data-e-type=\"widget\" data-widget_type=\"text-editor.default\">\n\t\t\t\t<div class=\"elementor-widget-container\">\n\t\t\t\t\t\t\t\t\t<p>Avec plus de trois d\u00e9cennies d&rsquo;exp\u00e9rience dans l&rsquo;analyse et l&rsquo;investigation des donn\u00e9es, Ray Green a fond\u00e9 Focus Data en 2004. \u00c0 la t\u00eate d&rsquo;une \u00e9quipe compos\u00e9e d&rsquo;analystes commerciaux, de d\u00e9veloppeurs, de testeurs et de chefs de projet, Ray a mis au point le syst\u00e8me Focus112 qui g\u00e8re les relations entre les soci\u00e9t\u00e9s de t\u00e9l\u00e9phonie mobile et les forces de l&rsquo;ordre.<\/p><p> <\/p><p>Ray a commenc\u00e9 sa carri\u00e8re au sein de l&rsquo;administration des douanes et accises (HM Customs and Excise). Il a ensuite pass\u00e9 cinq ans au sein du Control Risks Group, un cabinet de conseil en s\u00e9curit\u00e9 sp\u00e9cialis\u00e9 qui m\u00e8ne des enqu\u00eates et g\u00e8re les incidents de s\u00e9curit\u00e9 pour des entreprises du Fortune 500 et du FT 100.<\/p><p> <\/p><p>En 1995, apr\u00e8s avoir obtenu un dipl\u00f4me de troisi\u00e8me cycle en gestion de la s\u00e9curit\u00e9 \u00e0 l&rsquo;universit\u00e9 de Loughborough, Ray a rejoint la soci\u00e9t\u00e9 multinationale de t\u00e9l\u00e9communications Vodafone, o\u00f9 il \u00e9tait responsable des fraudes et des enqu\u00eates. Il a \u00e9t\u00e9 le premier \u00e0 mettre au point des techniques de d\u00e9tection, d&rsquo;analyse et de suivi des fraudes. Il a transf\u00e9r\u00e9 ces comp\u00e9tences pour aider les forces de l&rsquo;ordre et a fourni des preuves d&rsquo;expert dans de nombreux proc\u00e8s tr\u00e8s m\u00e9diatis\u00e9s.<\/p>\t\t\t\t\t\t\t\t<\/div>\n\t\t\t\t<\/div>\n\t\t\t\t\t<\/div>\n\t\t<\/div>\n\t\t\t\t\t<\/div>\n\t\t<\/section>\n\t\t\t\t<\/div>\n\t\t","protected":false},"excerpt":{"rendered":"<p>FOCUS DATA Fond\u00e9e en 2004, Focus Data a obtenu des r\u00e9sultats exceptionnels avec sa suite modulaire de gestion des demandes dans le monde entier. Ayant obtenu la certification ISO 27001, Focus Data s&rsquo;engage \u00e0 maintenir les normes les plus \u00e9lev\u00e9es en mati\u00e8re de s\u00e9curit\u00e9 de&#8230;<\/p>\n","protected":false},"author":1,"featured_media":0,"parent":0,"menu_order":0,"comment_status":"closed","ping_status":"closed","template":"full_width.php","meta":{"_monsterinsights_skip_tracking":false,"_monsterinsights_sitenote_active":false,"_monsterinsights_sitenote_note":"","_monsterinsights_sitenote_category":0,"footnotes":""},"class_list":["post-1117","page","type-page","status-publish","hentry"],"yoast_head":"<!-- This site is optimized with the Yoast SEO plugin v27.3 - https:\/\/yoast.com\/product\/yoast-seo-wordpress\/ -->\n<title>A propos de nous - FOCUS112 - Managing Subpoenas and Court orders from Police<\/title>\n<meta name=\"robots\" content=\"index, follow, max-snippet:-1, max-image-preview:large, max-video-preview:-1\" \/>\n<link rel=\"canonical\" href=\"https:\/\/focus112.com\/about-us\/\" \/>\n<meta property=\"og:locale\" content=\"fr_FR\" \/>\n<meta property=\"og:type\" content=\"article\" \/>\n<meta property=\"og:title\" content=\"A propos de nous - FOCUS112 - Managing Subpoenas and Court orders from Police\" \/>\n<meta property=\"og:description\" content=\"FOCUS DATA Fond\u00e9e en 2004, Focus Data a obtenu des r\u00e9sultats exceptionnels avec sa suite modulaire de gestion des demandes dans le monde entier. Ayant obtenu la certification ISO 27001, Focus Data s&rsquo;engage \u00e0 maintenir les normes les plus \u00e9lev\u00e9es en mati\u00e8re de s\u00e9curit\u00e9 de...\" \/>\n<meta property=\"og:url\" content=\"https:\/\/focus112.com\/about-us\/\" \/>\n<meta property=\"og:site_name\" content=\"FOCUS112 - Managing Subpoenas and Court orders from Police\" \/>\n<meta property=\"article:modified_time\" content=\"2025-05-12T13:40:47+00:00\" \/>\n<meta property=\"og:image\" content=\"https:\/\/focus112.com\/wp-content\/uploads\/2024\/11\/about-us-raygreen.jpg\" \/>\n\t<meta property=\"og:image:width\" content=\"950\" \/>\n\t<meta property=\"og:image:height\" content=\"831\" \/>\n\t<meta property=\"og:image:type\" content=\"image\/jpeg\" \/>\n<meta name=\"twitter:card\" content=\"summary_large_image\" \/>\n<meta name=\"twitter:label1\" content=\"Dur\u00e9e de lecture estim\u00e9e\" \/>\n\t<meta name=\"twitter:data1\" content=\"2 minutes\" \/>\n<script type=\"application\/ld+json\" class=\"yoast-schema-graph\">{\"@context\":\"https:\\\/\\\/schema.org\",\"@graph\":[{\"@type\":\"WebPage\",\"@id\":\"https:\\\/\\\/focus112.com\\\/about-us\\\/\",\"url\":\"https:\\\/\\\/focus112.com\\\/about-us\\\/\",\"name\":\"A propos de nous - FOCUS112 - Managing Subpoenas and Court orders from Police\",\"isPartOf\":{\"@id\":\"https:\\\/\\\/focus112.com\\\/#website\"},\"primaryImageOfPage\":{\"@id\":\"https:\\\/\\\/focus112.com\\\/about-us\\\/#primaryimage\"},\"image\":{\"@id\":\"https:\\\/\\\/focus112.com\\\/about-us\\\/#primaryimage\"},\"thumbnailUrl\":\"https:\\\/\\\/focus112.com\\\/wp-content\\\/uploads\\\/2024\\\/11\\\/about-us-raygreen.jpg\",\"datePublished\":\"2020-06-29T12:41:46+00:00\",\"dateModified\":\"2025-05-12T13:40:47+00:00\",\"breadcrumb\":{\"@id\":\"https:\\\/\\\/focus112.com\\\/about-us\\\/#breadcrumb\"},\"inLanguage\":\"fr-FR\",\"potentialAction\":[{\"@type\":\"ReadAction\",\"target\":[\"https:\\\/\\\/focus112.com\\\/about-us\\\/\"]}]},{\"@type\":\"ImageObject\",\"inLanguage\":\"fr-FR\",\"@id\":\"https:\\\/\\\/focus112.com\\\/about-us\\\/#primaryimage\",\"url\":\"https:\\\/\\\/focus112.com\\\/wp-content\\\/uploads\\\/2024\\\/11\\\/about-us-raygreen.jpg\",\"contentUrl\":\"https:\\\/\\\/focus112.com\\\/wp-content\\\/uploads\\\/2024\\\/11\\\/about-us-raygreen.jpg\"},{\"@type\":\"BreadcrumbList\",\"@id\":\"https:\\\/\\\/focus112.com\\\/about-us\\\/#breadcrumb\",\"itemListElement\":[{\"@type\":\"ListItem\",\"position\":1,\"name\":\"Home\",\"item\":\"https:\\\/\\\/focus112.com\\\/fr\\\/\"},{\"@type\":\"ListItem\",\"position\":2,\"name\":\"A propos de nous\"}]},{\"@type\":\"WebSite\",\"@id\":\"https:\\\/\\\/focus112.com\\\/#website\",\"url\":\"https:\\\/\\\/focus112.com\\\/\",\"name\":\"FOCUS112 - Managing Subpoenas and Court orders from Police\",\"description\":\"Legal Compliance Management Software\",\"publisher\":{\"@id\":\"https:\\\/\\\/focus112.com\\\/#organization\"},\"potentialAction\":[{\"@type\":\"SearchAction\",\"target\":{\"@type\":\"EntryPoint\",\"urlTemplate\":\"https:\\\/\\\/focus112.com\\\/?s={search_term_string}\"},\"query-input\":{\"@type\":\"PropertyValueSpecification\",\"valueRequired\":true,\"valueName\":\"search_term_string\"}}],\"inLanguage\":\"fr-FR\"},{\"@type\":\"Organization\",\"@id\":\"https:\\\/\\\/focus112.com\\\/#organization\",\"name\":\"Focus Data Services Ltd\",\"alternateName\":\"Focus112\",\"url\":\"https:\\\/\\\/focus112.com\\\/\",\"logo\":{\"@type\":\"ImageObject\",\"inLanguage\":\"fr-FR\",\"@id\":\"https:\\\/\\\/focus112.com\\\/#\\\/schema\\\/logo\\\/image\\\/\",\"url\":\"https:\\\/\\\/focus112.com\\\/wp-content\\\/uploads\\\/2024\\\/11\\\/FocusDataLogo-180w.png\",\"contentUrl\":\"https:\\\/\\\/focus112.com\\\/wp-content\\\/uploads\\\/2024\\\/11\\\/FocusDataLogo-180w.png\",\"width\":180,\"height\":74,\"caption\":\"Focus Data Services Ltd\"},\"image\":{\"@id\":\"https:\\\/\\\/focus112.com\\\/#\\\/schema\\\/logo\\\/image\\\/\"}}]}<\/script>\n<!-- \/ Yoast SEO plugin. -->","yoast_head_json":{"title":"A propos de nous - FOCUS112 - Managing Subpoenas and Court orders from Police","robots":{"index":"index","follow":"follow","max-snippet":"max-snippet:-1","max-image-preview":"max-image-preview:large","max-video-preview":"max-video-preview:-1"},"canonical":"https:\/\/focus112.com\/about-us\/","og_locale":"fr_FR","og_type":"article","og_title":"A propos de nous - FOCUS112 - Managing Subpoenas and Court orders from Police","og_description":"FOCUS DATA Fond\u00e9e en 2004, Focus Data a obtenu des r\u00e9sultats exceptionnels avec sa suite modulaire de gestion des demandes dans le monde entier. Ayant obtenu la certification ISO 27001, Focus Data s&rsquo;engage \u00e0 maintenir les normes les plus \u00e9lev\u00e9es en mati\u00e8re de s\u00e9curit\u00e9 de...","og_url":"https:\/\/focus112.com\/about-us\/","og_site_name":"FOCUS112 - Managing Subpoenas and Court orders from Police","article_modified_time":"2025-05-12T13:40:47+00:00","og_image":[{"width":950,"height":831,"url":"https:\/\/focus112.com\/wp-content\/uploads\/2024\/11\/about-us-raygreen.jpg","type":"image\/jpeg"}],"twitter_card":"summary_large_image","twitter_misc":{"Dur\u00e9e de lecture estim\u00e9e":"2 minutes"},"schema":{"@context":"https:\/\/schema.org","@graph":[{"@type":"WebPage","@id":"https:\/\/focus112.com\/about-us\/","url":"https:\/\/focus112.com\/about-us\/","name":"A propos de nous - FOCUS112 - Managing Subpoenas and Court orders from Police","isPartOf":{"@id":"https:\/\/focus112.com\/#website"},"primaryImageOfPage":{"@id":"https:\/\/focus112.com\/about-us\/#primaryimage"},"image":{"@id":"https:\/\/focus112.com\/about-us\/#primaryimage"},"thumbnailUrl":"https:\/\/focus112.com\/wp-content\/uploads\/2024\/11\/about-us-raygreen.jpg","datePublished":"2020-06-29T12:41:46+00:00","dateModified":"2025-05-12T13:40:47+00:00","breadcrumb":{"@id":"https:\/\/focus112.com\/about-us\/#breadcrumb"},"inLanguage":"fr-FR","potentialAction":[{"@type":"ReadAction","target":["https:\/\/focus112.com\/about-us\/"]}]},{"@type":"ImageObject","inLanguage":"fr-FR","@id":"https:\/\/focus112.com\/about-us\/#primaryimage","url":"https:\/\/focus112.com\/wp-content\/uploads\/2024\/11\/about-us-raygreen.jpg","contentUrl":"https:\/\/focus112.com\/wp-content\/uploads\/2024\/11\/about-us-raygreen.jpg"},{"@type":"BreadcrumbList","@id":"https:\/\/focus112.com\/about-us\/#breadcrumb","itemListElement":[{"@type":"ListItem","position":1,"name":"Home","item":"https:\/\/focus112.com\/fr\/"},{"@type":"ListItem","position":2,"name":"A propos de nous"}]},{"@type":"WebSite","@id":"https:\/\/focus112.com\/#website","url":"https:\/\/focus112.com\/","name":"FOCUS112 - Managing Subpoenas and Court orders from Police","description":"Legal Compliance Management Software","publisher":{"@id":"https:\/\/focus112.com\/#organization"},"potentialAction":[{"@type":"SearchAction","target":{"@type":"EntryPoint","urlTemplate":"https:\/\/focus112.com\/?s={search_term_string}"},"query-input":{"@type":"PropertyValueSpecification","valueRequired":true,"valueName":"search_term_string"}}],"inLanguage":"fr-FR"},{"@type":"Organization","@id":"https:\/\/focus112.com\/#organization","name":"Focus Data Services Ltd","alternateName":"Focus112","url":"https:\/\/focus112.com\/","logo":{"@type":"ImageObject","inLanguage":"fr-FR","@id":"https:\/\/focus112.com\/#\/schema\/logo\/image\/","url":"https:\/\/focus112.com\/wp-content\/uploads\/2024\/11\/FocusDataLogo-180w.png","contentUrl":"https:\/\/focus112.com\/wp-content\/uploads\/2024\/11\/FocusDataLogo-180w.png","width":180,"height":74,"caption":"Focus Data Services Ltd"},"image":{"@id":"https:\/\/focus112.com\/#\/schema\/logo\/image\/"}}]}},"_links":{"self":[{"href":"https:\/\/focus112.com\/fr\/wp-json\/wp\/v2\/pages\/1117","targetHints":{"allow":["GET"]}}],"collection":[{"href":"https:\/\/focus112.com\/fr\/wp-json\/wp\/v2\/pages"}],"about":[{"href":"https:\/\/focus112.com\/fr\/wp-json\/wp\/v2\/types\/page"}],"author":[{"embeddable":true,"href":"https:\/\/focus112.com\/fr\/wp-json\/wp\/v2\/users\/1"}],"replies":[{"embeddable":true,"href":"https:\/\/focus112.com\/fr\/wp-json\/wp\/v2\/comments?post=1117"}],"version-history":[{"count":1,"href":"https:\/\/focus112.com\/fr\/wp-json\/wp\/v2\/pages\/1117\/revisions"}],"predecessor-version":[{"id":1118,"href":"https:\/\/focus112.com\/fr\/wp-json\/wp\/v2\/pages\/1117\/revisions\/1118"}],"wp:attachment":[{"href":"https:\/\/focus112.com\/fr\/wp-json\/wp\/v2\/media?parent=1117"}],"curies":[{"name":"wp","href":"https:\/\/api.w.org\/{rel}","templated":true}]}}