{"id":1125,"date":"2024-11-08T17:16:08","date_gmt":"2024-11-08T17:16:08","guid":{"rendered":"https:\/\/focus112.com\/politique-de-confidentialite\/"},"modified":"2025-05-12T13:52:07","modified_gmt":"2025-05-12T13:52:07","slug":"politique-de-confidentialite","status":"publish","type":"page","link":"https:\/\/focus112.com\/fr\/politique-de-confidentialite\/","title":{"rendered":"Politique de confidentialit\u00e9"},"content":{"rendered":"\t\t<div data-elementor-type=\"wp-page\" data-elementor-id=\"1125\" class=\"elementor elementor-1125 elementor-3\">\n\t\t\t\t<div class=\"elementor-element elementor-element-3b927d3d e-flex e-con-boxed parallax_section_no qode_elementor_container_no e-con e-parent\" data-id=\"3b927d3d\" data-element_type=\"container\" data-e-type=\"container\">\n\t\t\t\t\t<div class=\"e-con-inner\">\n\t\t\t\t<div class=\"elementor-element elementor-element-1d46648c elementor-widget elementor-widget-text-editor\" data-id=\"1d46648c\" data-element_type=\"widget\" data-e-type=\"widget\" data-widget_type=\"text-editor.default\">\n\t\t\t\t<div class=\"elementor-widget-container\">\n\t\t\t\t\t\t\t\t\t\n<h4>1. Introduction<\/h4>\n<p>Bienvenue sur le site de Focus Data Services. Cette politique de confidentialit\u00e9 et d&rsquo;utilisation d\u00e9crit comment nous recueillons, utilisons, stockons et prot\u00e9geons vos informations personnelles lorsque vous visitez notre site Web. Nous nous engageons \u00e0 assurer la confidentialit\u00e9 et la s\u00e9curit\u00e9 de vos donn\u00e9es et \u00e0 nous conformer aux lois britanniques applicables, y compris le R\u00e8glement g\u00e9n\u00e9ral sur la protection des donn\u00e9es (RGPD) et la Loi sur la protection des donn\u00e9es 2018.  <\/p>\n<p> <\/p>\n<h4>2. Avis et politique en mati\u00e8re de cookies<\/h4>\n<p>Notre site web utilise des cookies pour am\u00e9liorer l&rsquo;exp\u00e9rience de l&rsquo;utilisateur et analyser le trafic du site web. Un cookie est un petit fichier plac\u00e9 sur votre appareil lorsque vous visitez notre site. Nous utilisons des cookies pour m\u00e9moriser vos pr\u00e9f\u00e9rences, fournir des fonctionnalit\u00e9s et analyser l&rsquo;utilisation de notre site. Lors de votre premi\u00e8re visite, vous verrez un avis de cookie qui vous permettra d&rsquo;accepter ou de g\u00e9rer vos pr\u00e9f\u00e9rences en mati\u00e8re de cookies. Pour obtenir des informations d\u00e9taill\u00e9es sur les cookies que nous utilisons et sur la mani\u00e8re de les contr\u00f4ler, veuillez consulter notre Politique en mati\u00e8re de cookies.    <\/p>\n<p> <\/p>\n<h4>3. Liens vers des sites web ou des applications de tiers<\/h4>\n<p>Notre site web peut contenir des liens vers des sites web ou des applications de tiers. Ces liens sont fournis pour votre commodit\u00e9 et pour vous donner des informations suppl\u00e9mentaires. Sachez que nous ne sommes pas responsables des pratiques de confidentialit\u00e9 ou du contenu de ces sites tiers. Nous vous encourageons \u00e0 consulter leurs politiques de confidentialit\u00e9 avant de fournir des informations personnelles.   <\/p>\n<p> <\/p>\n<h4>4. Comment nous collectons et utilisons vos informations personnelles<\/h4>\n<p>Nous recueillons les informations personnelles que vous nous fournissez volontairement, par exemple lorsque vous remplissez un formulaire de contact, que vous vous abonnez \u00e0 notre bulletin d&rsquo;information ou que vous posez des questions. Les types d&rsquo;informations personnelles que nous pouvons recueillir comprennent votre nom, votre adresse \u00e9lectronique, votre num\u00e9ro de t\u00e9l\u00e9phone et d&rsquo;autres d\u00e9tails pertinents. Nous utilisons ces informations pour r\u00e9pondre \u00e0 vos demandes, vous fournir des informations sur nos services et am\u00e9liorer notre site web et nos services.  <\/p>\n<p> <\/p>\n<h4>5. Vos droits et vos choix<\/h4>\n<p>En vertu des lois britanniques sur la protection des donn\u00e9es, vous disposez de certains droits concernant vos informations personnelles. Ces droits sont les suivants <\/p>\n<ul class=\"defaultList bullet\">\n<li>Le droit d&rsquo;acc\u00e8s : Le droit de demander une copie des informations personnelles que nous d\u00e9tenons \u00e0 votre sujet.<\/li>\n<li>Rectification : Le droit de demander que nous corrigions toute information inexacte ou incompl\u00e8te.<\/li>\n<li>Effacement : le droit de demander l&rsquo;effacement de vos informations personnelles dans certaines circonstances.<\/li>\n<li>Restriction : Le droit de demander que nous limitions le traitement de vos informations personnelles.<\/li>\n<li>Objection : Le droit de s&rsquo;opposer au traitement de vos informations personnelles sur la base d&rsquo;int\u00e9r\u00eats l\u00e9gitimes ou \u00e0 des fins de marketing direct.<\/li>\n<li>Portabilit\u00e9 : Le droit de demander le transfert de vos informations personnelles \u00e0 une autre organisation, le cas \u00e9ch\u00e9ant.<\/li>\n<\/ul>\n<p>Pour exercer l&rsquo;un de ces droits, veuillez nous contacter en utilisant les coordonn\u00e9es ci-dessous.<\/p>\n<p> <\/p>\n<h4>6. S\u00e9curit\u00e9 de vos informations<\/h4>\n<p>Nous mettons en \u0153uvre des mesures techniques et organisationnelles appropri\u00e9es pour prot\u00e9ger vos informations personnelles contre l&rsquo;acc\u00e8s non autoris\u00e9, la perte, la destruction ou l&rsquo;alt\u00e9ration. Ces mesures comprennent l&rsquo;utilisation du cryptage pour les donn\u00e9es en transit et au repos et la garantie que nos syst\u00e8mes sont r\u00e9guli\u00e8rement mis \u00e0 jour et test\u00e9s pour d\u00e9tecter les vuln\u00e9rabilit\u00e9s en mati\u00e8re de s\u00e9curit\u00e9. <\/p>\n<p> <\/p>\n<h4>7. Stockage et conservation des donn\u00e9es<\/h4>\n<p>Vos informations personnelles seront stock\u00e9es en toute s\u00e9curit\u00e9 et uniquement pendant la dur\u00e9e n\u00e9cessaire \u00e0 la r\u00e9alisation des objectifs pour lesquels elles ont \u00e9t\u00e9 collect\u00e9es ou comme l&rsquo;exige la loi. Une fois que les informations ne sont plus n\u00e9cessaires, nous les supprimons ou les rendons anonymes en toute s\u00e9curit\u00e9. <\/p>\n<p> <\/p>\n<h4>8. Consentement au traitement et au transfert des informations vous concernant<\/h4>\n<p>En utilisant notre site web, vous acceptez le traitement et le transfert de vos informations personnelles tels que d\u00e9crits dans la pr\u00e9sente politique de confidentialit\u00e9 et d&rsquo;utilisation. Cela peut inclure le transfert de donn\u00e9es \u00e0 des tiers qui nous aident \u00e0 fournir des services et, dans ce cas, nous veillons \u00e0 ce que des garanties appropri\u00e9es soient mises en place pour prot\u00e9ger vos informations. <\/p>\n<p> <\/p>\n<h4>9. Protection des donn\u00e9es<\/h4>\n<p>Nous nous engageons \u00e0 respecter les lois sur la protection des donn\u00e9es et \u00e0 veiller \u00e0 ce que vos informations personnelles soient trait\u00e9es avec soin. Notre d\u00e9l\u00e9gu\u00e9 \u00e0 la protection des donn\u00e9es (DPD) veille au respect de la r\u00e9glementation en mati\u00e8re de protection des donn\u00e9es et se tient \u00e0 votre disposition pour r\u00e9pondre \u00e0 toute pr\u00e9occupation ou question que vous pourriez avoir concernant la gestion de vos informations. <\/p>\n<p> <\/p>\n<h4>10. Droits d&rsquo;auteur<\/h4>\n<p>Le contenu de notre site web, y compris les textes, les graphiques, les logos et les images, est prot\u00e9g\u00e9 par des droits d&rsquo;auteur et appartient \u00e0 Focus Data Services ou \u00e0 ses conc\u00e9dants de licence. Vous n&rsquo;\u00eates pas autoris\u00e9 \u00e0 reproduire, distribuer ou utiliser de quelque mani\u00e8re que ce soit le contenu de notre site web sans notre accord \u00e9crit pr\u00e9alable. <\/p>\n<p> <\/p>\n<h4>11. Acceptation des conditions de la politique de confidentialit\u00e9<\/h4>\n<p>En utilisant notre site web, vous reconnaissez avoir lu et compris la pr\u00e9sente politique de confidentialit\u00e9 et d&rsquo;utilisation et en accepter les termes et conditions. Nous pouvons mettre \u00e0 jour cette politique de temps \u00e0 autre, et toute modification sera publi\u00e9e sur cette page. En continuant \u00e0 utiliser le site web apr\u00e8s une mise \u00e0 jour, vous acceptez la politique r\u00e9vis\u00e9e.  <\/p>\n<p> <\/p>\n<h4>Contactez nous<\/h4>\n<p>Si vous avez des questions ou des pr\u00e9occupations concernant la pr\u00e9sente politique de confidentialit\u00e9 et d&rsquo;utilisation, ou si vous souhaitez exercer vos droits en vertu des lois sur la protection des donn\u00e9es, veuillez nous contacter \u00e0 l&rsquo;adresse suivante :<\/p>\n<p> <\/p>\n<h4>Focus Data Services  <\/h4>\n<p>Cette politique est revue et mise \u00e0 jour r\u00e9guli\u00e8rement afin de garantir la conformit\u00e9 avec les lois applicables et de refl\u00e9ter tout changement dans nos pratiques.<\/p>\t\t\t\t\t\t\t\t<\/div>\n\t\t\t\t<\/div>\n\t\t\t\t\t<\/div>\n\t\t\t\t<\/div>\n\t\t\t\t<\/div>\n\t\t","protected":false},"excerpt":{"rendered":"<p>1. Introduction Bienvenue sur le site de Focus Data Services. Cette politique de confidentialit\u00e9 et d&rsquo;utilisation d\u00e9crit comment nous recueillons, utilisons, stockons et prot\u00e9geons vos informations personnelles lorsque vous visitez notre site Web. Nous nous engageons \u00e0 assurer la confidentialit\u00e9 et la s\u00e9curit\u00e9 de vos&#8230;<\/p>\n","protected":false},"author":1,"featured_media":0,"parent":0,"menu_order":0,"comment_status":"closed","ping_status":"open","template":"","meta":{"_monsterinsights_skip_tracking":false,"_monsterinsights_sitenote_active":false,"_monsterinsights_sitenote_note":"","_monsterinsights_sitenote_category":0,"footnotes":""},"class_list":["post-1125","page","type-page","status-publish","hentry"],"yoast_head":"<!-- This site is optimized with the Yoast SEO plugin v27.3 - https:\/\/yoast.com\/product\/yoast-seo-wordpress\/ -->\n<title>Politique de confidentialit\u00e9 - FOCUS112 - Managing Subpoenas and Court orders from Police<\/title>\n<meta name=\"robots\" content=\"index, follow, max-snippet:-1, max-image-preview:large, max-video-preview:-1\" \/>\n<link rel=\"canonical\" href=\"https:\/\/focus112.com\/privacy-policy\/\" \/>\n<meta property=\"og:locale\" content=\"fr_FR\" \/>\n<meta property=\"og:type\" content=\"article\" \/>\n<meta property=\"og:title\" content=\"Politique de confidentialit\u00e9 - FOCUS112 - Managing Subpoenas and Court orders from Police\" \/>\n<meta property=\"og:description\" content=\"1. Introduction Bienvenue sur le site de Focus Data Services. Cette politique de confidentialit\u00e9 et d&rsquo;utilisation d\u00e9crit comment nous recueillons, utilisons, stockons et prot\u00e9geons vos informations personnelles lorsque vous visitez notre site Web. Nous nous engageons \u00e0 assurer la confidentialit\u00e9 et la s\u00e9curit\u00e9 de vos...\" \/>\n<meta property=\"og:url\" content=\"https:\/\/focus112.com\/privacy-policy\/\" \/>\n<meta property=\"og:site_name\" content=\"FOCUS112 - Managing Subpoenas and Court orders from Police\" \/>\n<meta property=\"article:modified_time\" content=\"2025-05-12T13:52:07+00:00\" \/>\n<meta name=\"twitter:card\" content=\"summary_large_image\" \/>\n<meta name=\"twitter:label1\" content=\"Dur\u00e9e de lecture estim\u00e9e\" \/>\n\t<meta name=\"twitter:data1\" content=\"5 minutes\" \/>\n<script type=\"application\/ld+json\" class=\"yoast-schema-graph\">{\"@context\":\"https:\\\/\\\/schema.org\",\"@graph\":[{\"@type\":\"WebPage\",\"@id\":\"https:\\\/\\\/focus112.com\\\/privacy-policy\\\/\",\"url\":\"https:\\\/\\\/focus112.com\\\/privacy-policy\\\/\",\"name\":\"Politique de confidentialit\u00e9 - FOCUS112 - Managing Subpoenas and Court orders from Police\",\"isPartOf\":{\"@id\":\"https:\\\/\\\/focus112.com\\\/#website\"},\"datePublished\":\"2024-11-08T17:16:08+00:00\",\"dateModified\":\"2025-05-12T13:52:07+00:00\",\"breadcrumb\":{\"@id\":\"https:\\\/\\\/focus112.com\\\/privacy-policy\\\/#breadcrumb\"},\"inLanguage\":\"fr-FR\",\"potentialAction\":[{\"@type\":\"ReadAction\",\"target\":[\"https:\\\/\\\/focus112.com\\\/privacy-policy\\\/\"]}]},{\"@type\":\"BreadcrumbList\",\"@id\":\"https:\\\/\\\/focus112.com\\\/privacy-policy\\\/#breadcrumb\",\"itemListElement\":[{\"@type\":\"ListItem\",\"position\":1,\"name\":\"Home\",\"item\":\"https:\\\/\\\/focus112.com\\\/fr\\\/\"},{\"@type\":\"ListItem\",\"position\":2,\"name\":\"Politique de confidentialit\u00e9\"}]},{\"@type\":\"WebSite\",\"@id\":\"https:\\\/\\\/focus112.com\\\/#website\",\"url\":\"https:\\\/\\\/focus112.com\\\/\",\"name\":\"FOCUS112 - Managing Subpoenas and Court orders from Police\",\"description\":\"Legal Compliance Management Software\",\"publisher\":{\"@id\":\"https:\\\/\\\/focus112.com\\\/#organization\"},\"potentialAction\":[{\"@type\":\"SearchAction\",\"target\":{\"@type\":\"EntryPoint\",\"urlTemplate\":\"https:\\\/\\\/focus112.com\\\/?s={search_term_string}\"},\"query-input\":{\"@type\":\"PropertyValueSpecification\",\"valueRequired\":true,\"valueName\":\"search_term_string\"}}],\"inLanguage\":\"fr-FR\"},{\"@type\":\"Organization\",\"@id\":\"https:\\\/\\\/focus112.com\\\/#organization\",\"name\":\"Focus Data Services Ltd\",\"alternateName\":\"Focus112\",\"url\":\"https:\\\/\\\/focus112.com\\\/\",\"logo\":{\"@type\":\"ImageObject\",\"inLanguage\":\"fr-FR\",\"@id\":\"https:\\\/\\\/focus112.com\\\/#\\\/schema\\\/logo\\\/image\\\/\",\"url\":\"https:\\\/\\\/focus112.com\\\/wp-content\\\/uploads\\\/2024\\\/11\\\/FocusDataLogo-180w.png\",\"contentUrl\":\"https:\\\/\\\/focus112.com\\\/wp-content\\\/uploads\\\/2024\\\/11\\\/FocusDataLogo-180w.png\",\"width\":180,\"height\":74,\"caption\":\"Focus Data Services Ltd\"},\"image\":{\"@id\":\"https:\\\/\\\/focus112.com\\\/#\\\/schema\\\/logo\\\/image\\\/\"}}]}<\/script>\n<!-- \/ Yoast SEO plugin. -->","yoast_head_json":{"title":"Politique de confidentialit\u00e9 - FOCUS112 - Managing Subpoenas and Court orders from Police","robots":{"index":"index","follow":"follow","max-snippet":"max-snippet:-1","max-image-preview":"max-image-preview:large","max-video-preview":"max-video-preview:-1"},"canonical":"https:\/\/focus112.com\/privacy-policy\/","og_locale":"fr_FR","og_type":"article","og_title":"Politique de confidentialit\u00e9 - FOCUS112 - Managing Subpoenas and Court orders from Police","og_description":"1. Introduction Bienvenue sur le site de Focus Data Services. Cette politique de confidentialit\u00e9 et d&rsquo;utilisation d\u00e9crit comment nous recueillons, utilisons, stockons et prot\u00e9geons vos informations personnelles lorsque vous visitez notre site Web. Nous nous engageons \u00e0 assurer la confidentialit\u00e9 et la s\u00e9curit\u00e9 de vos...","og_url":"https:\/\/focus112.com\/privacy-policy\/","og_site_name":"FOCUS112 - Managing Subpoenas and Court orders from Police","article_modified_time":"2025-05-12T13:52:07+00:00","twitter_card":"summary_large_image","twitter_misc":{"Dur\u00e9e de lecture estim\u00e9e":"5 minutes"},"schema":{"@context":"https:\/\/schema.org","@graph":[{"@type":"WebPage","@id":"https:\/\/focus112.com\/privacy-policy\/","url":"https:\/\/focus112.com\/privacy-policy\/","name":"Politique de confidentialit\u00e9 - FOCUS112 - Managing Subpoenas and Court orders from Police","isPartOf":{"@id":"https:\/\/focus112.com\/#website"},"datePublished":"2024-11-08T17:16:08+00:00","dateModified":"2025-05-12T13:52:07+00:00","breadcrumb":{"@id":"https:\/\/focus112.com\/privacy-policy\/#breadcrumb"},"inLanguage":"fr-FR","potentialAction":[{"@type":"ReadAction","target":["https:\/\/focus112.com\/privacy-policy\/"]}]},{"@type":"BreadcrumbList","@id":"https:\/\/focus112.com\/privacy-policy\/#breadcrumb","itemListElement":[{"@type":"ListItem","position":1,"name":"Home","item":"https:\/\/focus112.com\/fr\/"},{"@type":"ListItem","position":2,"name":"Politique de confidentialit\u00e9"}]},{"@type":"WebSite","@id":"https:\/\/focus112.com\/#website","url":"https:\/\/focus112.com\/","name":"FOCUS112 - Managing Subpoenas and Court orders from Police","description":"Legal Compliance Management Software","publisher":{"@id":"https:\/\/focus112.com\/#organization"},"potentialAction":[{"@type":"SearchAction","target":{"@type":"EntryPoint","urlTemplate":"https:\/\/focus112.com\/?s={search_term_string}"},"query-input":{"@type":"PropertyValueSpecification","valueRequired":true,"valueName":"search_term_string"}}],"inLanguage":"fr-FR"},{"@type":"Organization","@id":"https:\/\/focus112.com\/#organization","name":"Focus Data Services Ltd","alternateName":"Focus112","url":"https:\/\/focus112.com\/","logo":{"@type":"ImageObject","inLanguage":"fr-FR","@id":"https:\/\/focus112.com\/#\/schema\/logo\/image\/","url":"https:\/\/focus112.com\/wp-content\/uploads\/2024\/11\/FocusDataLogo-180w.png","contentUrl":"https:\/\/focus112.com\/wp-content\/uploads\/2024\/11\/FocusDataLogo-180w.png","width":180,"height":74,"caption":"Focus Data Services Ltd"},"image":{"@id":"https:\/\/focus112.com\/#\/schema\/logo\/image\/"}}]}},"_links":{"self":[{"href":"https:\/\/focus112.com\/fr\/wp-json\/wp\/v2\/pages\/1125","targetHints":{"allow":["GET"]}}],"collection":[{"href":"https:\/\/focus112.com\/fr\/wp-json\/wp\/v2\/pages"}],"about":[{"href":"https:\/\/focus112.com\/fr\/wp-json\/wp\/v2\/types\/page"}],"author":[{"embeddable":true,"href":"https:\/\/focus112.com\/fr\/wp-json\/wp\/v2\/users\/1"}],"replies":[{"embeddable":true,"href":"https:\/\/focus112.com\/fr\/wp-json\/wp\/v2\/comments?post=1125"}],"version-history":[{"count":3,"href":"https:\/\/focus112.com\/fr\/wp-json\/wp\/v2\/pages\/1125\/revisions"}],"predecessor-version":[{"id":1128,"href":"https:\/\/focus112.com\/fr\/wp-json\/wp\/v2\/pages\/1125\/revisions\/1128"}],"wp:attachment":[{"href":"https:\/\/focus112.com\/fr\/wp-json\/wp\/v2\/media?parent=1125"}],"curies":[{"name":"wp","href":"https:\/\/api.w.org\/{rel}","templated":true}]}}