{"id":1130,"date":"2024-12-10T11:19:08","date_gmt":"2024-12-10T11:19:08","guid":{"rendered":"https:\/\/focus112.com\/politique-en-matiere-de-cookies\/"},"modified":"2025-05-12T13:52:54","modified_gmt":"2025-05-12T13:52:54","slug":"politique-en-matiere-de-cookies","status":"publish","type":"page","link":"https:\/\/focus112.com\/fr\/politique-en-matiere-de-cookies\/","title":{"rendered":"Politique en mati\u00e8re de cookies"},"content":{"rendered":"\t\t<div data-elementor-type=\"wp-page\" data-elementor-id=\"1130\" class=\"elementor elementor-1130 elementor-733\">\n\t\t\t\t<div class=\"elementor-element elementor-element-3b927d3d e-flex e-con-boxed parallax_section_no qode_elementor_container_no e-con e-parent\" data-id=\"3b927d3d\" data-element_type=\"container\" data-e-type=\"container\">\n\t\t\t\t\t<div class=\"e-con-inner\">\n\t\t\t\t<div class=\"elementor-element elementor-element-1d46648c elementor-widget elementor-widget-text-editor\" data-id=\"1d46648c\" data-element_type=\"widget\" data-e-type=\"widget\" data-widget_type=\"text-editor.default\">\n\t\t\t\t<div class=\"elementor-widget-container\">\n\t\t\t\t\t\t\t\t\t<h4>Comment les cookies sont utilis\u00e9s par Focus Data Services<\/h4>\n<p>Les cookies ne peuvent pas \u00eatre utilis\u00e9s pour vous identifier personnellement.<\/p>\n<p>Ces informations sont utilis\u00e9es pour am\u00e9liorer les services qui vous sont destin\u00e9s, par exemple :<\/p>\n<ul>\n<li>permettre \u00e0 un service de reconna\u00eetre votre appareil afin que vous n&rsquo;ayez pas \u00e0 fournir plusieurs fois les m\u00eames informations au cours d&rsquo;une m\u00eame t\u00e2che<\/li>\n<li>reconna\u00eetre que vous avez peut-\u00eatre d\u00e9j\u00e0 donn\u00e9 un nom d&rsquo;utilisateur et un mot de passe, de sorte qu&rsquo;il n&rsquo;est pas n\u00e9cessaire de le faire pour chaque page web demand\u00e9e<\/li>\n<li>mesurer le nombre de personnes qui utilisent les services, afin de les rendre plus faciles \u00e0 utiliser et de disposer d&rsquo;une capacit\u00e9 suffisante pour garantir leur rapidit\u00e9.<\/li>\n<li>l&rsquo;analyse des donn\u00e9es pour nous aider \u00e0 comprendre comment vous utilisez nos services afin de les am\u00e9liorer<\/li>\n<\/ul>\n<p>&nbsp;<\/p>\n<p>Les cookies sont stock\u00e9s dans la m\u00e9moire de l&rsquo;ordinateur uniquement pendant votre session de navigation et sont automatiquement supprim\u00e9s de votre ordinateur lorsque le navigateur est ferm\u00e9.<\/p>\n<p>&nbsp;<\/p>\n<p>Ces cookies stockent g\u00e9n\u00e9ralement un identifiant de session qui n&rsquo;est pas personnellement identifiable par les utilisateurs, ce qui vous permet de passer d&rsquo;une page \u00e0 l&rsquo;autre sans avoir \u00e0 vous connecter \u00e0 plusieurs reprises. Les cookies de session ne sont jamais enregistr\u00e9s sur le disque dur et ne collectent aucune information sur votre ordinateur.<\/p>\n<p>&nbsp;<\/p>\n<p>Les cookies de session expirent \u00e0 la fin de la session de votre navigateur et ne sont plus accessibles apr\u00e8s que la session a \u00e9t\u00e9 inactive pendant une dur\u00e9e d\u00e9termin\u00e9e, g\u00e9n\u00e9ralement 20 minutes.<\/p>\n<p>&nbsp;<\/p>\n<h4>Notre utilisation de cookies de tiers<\/h4>\n<p>Nous utilisons le logiciel Google Analytics pour nous aider \u00e0 am\u00e9liorer la convivialit\u00e9 de notre site web. Le type d&rsquo;informations recueillies concerne le temps pass\u00e9 sur le site web et les pages visit\u00e9es. Aucune information personnelle n&rsquo;est conserv\u00e9e.<\/p>\n<p>&nbsp;<\/p>\n<h4>Voici les cookies en direct que nous utilisons actuellement sur votre navigateur<\/h4>\n<p>&nbsp;<\/p>\n<p>&nbsp;<\/p>\n<table class=\"cookies wide-fat\"><thead><tr><td>Cookie Name<\/td><td>Cookie Category<\/td><td>Description<\/td><td>Duration<\/td><\/tr><\/thead><tr><td>wordpress_<\/td><td>2<\/td><td>WordPress cookie for a logged in user.<\/td><td>session<\/td><\/tr><tr><td>wordpress_logged_in_<\/td><td>2<\/td><td>WordPress cookie for a logged in user<\/td><td>session<\/td><\/tr><tr><td>wordpress_test_<\/td><td>2<\/td><td>WordPress cookie for a logged in user<\/td><td>session<\/td><\/tr><tr><td>wordpress_test_cookie<\/td><td>2<\/td><td>WordPress test cookie<\/td><td>session<\/td><\/tr><tr><td>wp-settings-<\/td><td>1<\/td><td>WordPress also sets a few wp-settings-[UID] cookies.\nThe number on the end is your individual user ID from the users database table. \nThis is used to customize your view of admin interface, and possibly also the main site interface. \n<\/td><td>1 year<\/td><\/tr><tr><td>wp-settings-time-<\/td><td>2<\/td><td>WordPress also sets a few wp-settings-{time}-[UID] cookies. The number on the end is your individual user ID from the users database table. This is used to customize your view of admin interface, and possibly also the main site interface.\n<\/td><td>1 year<\/td><\/tr><tr><td>PHPSESSID<\/td><td>1<\/td><td>To identify your unique session on the website<\/td><td>session<\/td><\/tr><tr><td>SESS<\/td><td>1<\/td><td>To ensure that you are recognised when you move from page to page within the site and that any information you have entered is remembered.<\/td><td>session<\/td><\/tr><tr><td>__utma<\/td><td>2<\/td><td>This cookie keeps track of the number of times a visitor has been to the site pertaining to the cookie, when their first visit was, and when their last visit occurred. Google Analytics uses the information from this cookie to calculate things like Days and Visits to purchase.<\/td><td>permanent<\/td><\/tr><tr><td>__utmb<\/td><td>2<\/td><td>__utmb is a Google Analytics cookie. It takes a timestamp of the exact moment in time when a visitor enters a site.<\/td><td>session<\/td><\/tr><tr><td>__utmc<\/td><td>2<\/td><td>__utmc takes a timestamp of the exact moment in time when a visitor leaves a site.<\/td><td>30 mins<\/td><\/tr><tr><td>__utmz<\/td><td>2<\/td><td>Keeps track of where the visitor came from, what search engine you used, what link you clicked on, what keyword you used, and where they were in the world when you accessed a website. This cookie is how Google Analytics knows to whom and to what source \/ medium \/ keyword to assign the credit for a Goal Conversion or an Ecommerce Transaction. \n<\/td><td>6 months<\/td><\/tr><\/table>\t\t\t\t\t\t\t\t<\/div>\n\t\t\t\t<\/div>\n\t\t\t\t\t<\/div>\n\t\t\t\t<\/div>\n\t\t\t\t<\/div>\n\t\t","protected":false},"excerpt":{"rendered":"<p>Comment les cookies sont utilis\u00e9s par Focus Data Services Les cookies ne peuvent pas \u00eatre utilis\u00e9s pour vous identifier personnellement. Ces informations sont utilis\u00e9es pour am\u00e9liorer les services qui vous sont destin\u00e9s, par exemple : permettre \u00e0 un service de reconna\u00eetre votre appareil afin que&#8230;<\/p>\n","protected":false},"author":1,"featured_media":0,"parent":0,"menu_order":0,"comment_status":"closed","ping_status":"closed","template":"","meta":{"_monsterinsights_skip_tracking":false,"_monsterinsights_sitenote_active":false,"_monsterinsights_sitenote_note":"","_monsterinsights_sitenote_category":0,"footnotes":""},"class_list":["post-1130","page","type-page","status-publish","hentry"],"yoast_head":"<!-- This site is optimized with the Yoast SEO plugin v27.4 - https:\/\/yoast.com\/product\/yoast-seo-wordpress\/ -->\n<title>Politique en mati\u00e8re de cookies - FOCUS112 - Managing Subpoenas and Court orders from Police<\/title>\n<meta name=\"robots\" content=\"index, follow, max-snippet:-1, max-image-preview:large, max-video-preview:-1\" \/>\n<link rel=\"canonical\" href=\"https:\/\/focus112.com\/fr\/politique-en-matiere-de-cookies\/\" \/>\n<meta property=\"og:locale\" content=\"fr_FR\" \/>\n<meta property=\"og:type\" content=\"article\" \/>\n<meta property=\"og:title\" content=\"Politique en mati\u00e8re de cookies - FOCUS112 - Managing Subpoenas and Court orders from Police\" \/>\n<meta property=\"og:description\" content=\"Comment les cookies sont utilis\u00e9s par Focus Data Services Les cookies ne peuvent pas \u00eatre utilis\u00e9s pour vous identifier personnellement. Ces informations sont utilis\u00e9es pour am\u00e9liorer les services qui vous sont destin\u00e9s, par exemple : permettre \u00e0 un service de reconna\u00eetre votre appareil afin que...\" \/>\n<meta property=\"og:url\" content=\"https:\/\/focus112.com\/fr\/politique-en-matiere-de-cookies\/\" \/>\n<meta property=\"og:site_name\" content=\"FOCUS112 - Managing Subpoenas and Court orders from Police\" \/>\n<meta property=\"article:modified_time\" content=\"2025-05-12T13:52:54+00:00\" \/>\n<meta name=\"twitter:card\" content=\"summary_large_image\" \/>\n<meta name=\"twitter:label1\" content=\"Dur\u00e9e de lecture estim\u00e9e\" \/>\n\t<meta name=\"twitter:data1\" content=\"2 minutes\" \/>\n<script type=\"application\/ld+json\" class=\"yoast-schema-graph\">{\"@context\":\"https:\\\/\\\/schema.org\",\"@graph\":[{\"@type\":\"WebPage\",\"@id\":\"https:\\\/\\\/focus112.com\\\/fr\\\/politique-en-matiere-de-cookies\\\/\",\"url\":\"https:\\\/\\\/focus112.com\\\/fr\\\/politique-en-matiere-de-cookies\\\/\",\"name\":\"Politique en mati\u00e8re de cookies - FOCUS112 - Managing Subpoenas and Court orders from Police\",\"isPartOf\":{\"@id\":\"https:\\\/\\\/focus112.com\\\/#website\"},\"datePublished\":\"2024-12-10T11:19:08+00:00\",\"dateModified\":\"2025-05-12T13:52:54+00:00\",\"breadcrumb\":{\"@id\":\"https:\\\/\\\/focus112.com\\\/fr\\\/politique-en-matiere-de-cookies\\\/#breadcrumb\"},\"inLanguage\":\"fr-FR\",\"potentialAction\":[{\"@type\":\"ReadAction\",\"target\":[\"https:\\\/\\\/focus112.com\\\/fr\\\/politique-en-matiere-de-cookies\\\/\"]}]},{\"@type\":\"BreadcrumbList\",\"@id\":\"https:\\\/\\\/focus112.com\\\/fr\\\/politique-en-matiere-de-cookies\\\/#breadcrumb\",\"itemListElement\":[{\"@type\":\"ListItem\",\"position\":1,\"name\":\"Home\",\"item\":\"https:\\\/\\\/focus112.com\\\/fr\\\/\"},{\"@type\":\"ListItem\",\"position\":2,\"name\":\"Politique en mati\u00e8re de cookies\"}]},{\"@type\":\"WebSite\",\"@id\":\"https:\\\/\\\/focus112.com\\\/#website\",\"url\":\"https:\\\/\\\/focus112.com\\\/\",\"name\":\"FOCUS112 - Managing Subpoenas and Court orders from Police\",\"description\":\"Legal Compliance Management Software\",\"publisher\":{\"@id\":\"https:\\\/\\\/focus112.com\\\/#organization\"},\"potentialAction\":[{\"@type\":\"SearchAction\",\"target\":{\"@type\":\"EntryPoint\",\"urlTemplate\":\"https:\\\/\\\/focus112.com\\\/?s={search_term_string}\"},\"query-input\":{\"@type\":\"PropertyValueSpecification\",\"valueRequired\":true,\"valueName\":\"search_term_string\"}}],\"inLanguage\":\"fr-FR\"},{\"@type\":\"Organization\",\"@id\":\"https:\\\/\\\/focus112.com\\\/#organization\",\"name\":\"Focus Data Services Ltd\",\"alternateName\":\"Focus112\",\"url\":\"https:\\\/\\\/focus112.com\\\/\",\"logo\":{\"@type\":\"ImageObject\",\"inLanguage\":\"fr-FR\",\"@id\":\"https:\\\/\\\/focus112.com\\\/#\\\/schema\\\/logo\\\/image\\\/\",\"url\":\"https:\\\/\\\/focus112.com\\\/wp-content\\\/uploads\\\/2024\\\/11\\\/FocusDataLogo-180w.png\",\"contentUrl\":\"https:\\\/\\\/focus112.com\\\/wp-content\\\/uploads\\\/2024\\\/11\\\/FocusDataLogo-180w.png\",\"width\":180,\"height\":74,\"caption\":\"Focus Data Services Ltd\"},\"image\":{\"@id\":\"https:\\\/\\\/focus112.com\\\/#\\\/schema\\\/logo\\\/image\\\/\"}}]}<\/script>\n<!-- \/ Yoast SEO plugin. -->","yoast_head_json":{"title":"Politique en mati\u00e8re de cookies - FOCUS112 - Managing Subpoenas and Court orders from Police","robots":{"index":"index","follow":"follow","max-snippet":"max-snippet:-1","max-image-preview":"max-image-preview:large","max-video-preview":"max-video-preview:-1"},"canonical":"https:\/\/focus112.com\/fr\/politique-en-matiere-de-cookies\/","og_locale":"fr_FR","og_type":"article","og_title":"Politique en mati\u00e8re de cookies - FOCUS112 - Managing Subpoenas and Court orders from Police","og_description":"Comment les cookies sont utilis\u00e9s par Focus Data Services Les cookies ne peuvent pas \u00eatre utilis\u00e9s pour vous identifier personnellement. Ces informations sont utilis\u00e9es pour am\u00e9liorer les services qui vous sont destin\u00e9s, par exemple : permettre \u00e0 un service de reconna\u00eetre votre appareil afin que...","og_url":"https:\/\/focus112.com\/fr\/politique-en-matiere-de-cookies\/","og_site_name":"FOCUS112 - Managing Subpoenas and Court orders from Police","article_modified_time":"2025-05-12T13:52:54+00:00","twitter_card":"summary_large_image","twitter_misc":{"Dur\u00e9e de lecture estim\u00e9e":"2 minutes"},"schema":{"@context":"https:\/\/schema.org","@graph":[{"@type":"WebPage","@id":"https:\/\/focus112.com\/fr\/politique-en-matiere-de-cookies\/","url":"https:\/\/focus112.com\/fr\/politique-en-matiere-de-cookies\/","name":"Politique en mati\u00e8re de cookies - FOCUS112 - Managing Subpoenas and Court orders from Police","isPartOf":{"@id":"https:\/\/focus112.com\/#website"},"datePublished":"2024-12-10T11:19:08+00:00","dateModified":"2025-05-12T13:52:54+00:00","breadcrumb":{"@id":"https:\/\/focus112.com\/fr\/politique-en-matiere-de-cookies\/#breadcrumb"},"inLanguage":"fr-FR","potentialAction":[{"@type":"ReadAction","target":["https:\/\/focus112.com\/fr\/politique-en-matiere-de-cookies\/"]}]},{"@type":"BreadcrumbList","@id":"https:\/\/focus112.com\/fr\/politique-en-matiere-de-cookies\/#breadcrumb","itemListElement":[{"@type":"ListItem","position":1,"name":"Home","item":"https:\/\/focus112.com\/fr\/"},{"@type":"ListItem","position":2,"name":"Politique en mati\u00e8re de cookies"}]},{"@type":"WebSite","@id":"https:\/\/focus112.com\/#website","url":"https:\/\/focus112.com\/","name":"FOCUS112 - Managing Subpoenas and Court orders from Police","description":"Legal Compliance Management Software","publisher":{"@id":"https:\/\/focus112.com\/#organization"},"potentialAction":[{"@type":"SearchAction","target":{"@type":"EntryPoint","urlTemplate":"https:\/\/focus112.com\/?s={search_term_string}"},"query-input":{"@type":"PropertyValueSpecification","valueRequired":true,"valueName":"search_term_string"}}],"inLanguage":"fr-FR"},{"@type":"Organization","@id":"https:\/\/focus112.com\/#organization","name":"Focus Data Services Ltd","alternateName":"Focus112","url":"https:\/\/focus112.com\/","logo":{"@type":"ImageObject","inLanguage":"fr-FR","@id":"https:\/\/focus112.com\/#\/schema\/logo\/image\/","url":"https:\/\/focus112.com\/wp-content\/uploads\/2024\/11\/FocusDataLogo-180w.png","contentUrl":"https:\/\/focus112.com\/wp-content\/uploads\/2024\/11\/FocusDataLogo-180w.png","width":180,"height":74,"caption":"Focus Data Services Ltd"},"image":{"@id":"https:\/\/focus112.com\/#\/schema\/logo\/image\/"}}]}},"_links":{"self":[{"href":"https:\/\/focus112.com\/fr\/wp-json\/wp\/v2\/pages\/1130","targetHints":{"allow":["GET"]}}],"collection":[{"href":"https:\/\/focus112.com\/fr\/wp-json\/wp\/v2\/pages"}],"about":[{"href":"https:\/\/focus112.com\/fr\/wp-json\/wp\/v2\/types\/page"}],"author":[{"embeddable":true,"href":"https:\/\/focus112.com\/fr\/wp-json\/wp\/v2\/users\/1"}],"replies":[{"embeddable":true,"href":"https:\/\/focus112.com\/fr\/wp-json\/wp\/v2\/comments?post=1130"}],"version-history":[{"count":1,"href":"https:\/\/focus112.com\/fr\/wp-json\/wp\/v2\/pages\/1130\/revisions"}],"predecessor-version":[{"id":1131,"href":"https:\/\/focus112.com\/fr\/wp-json\/wp\/v2\/pages\/1130\/revisions\/1131"}],"wp:attachment":[{"href":"https:\/\/focus112.com\/fr\/wp-json\/wp\/v2\/media?parent=1130"}],"curies":[{"name":"wp","href":"https:\/\/api.w.org\/{rel}","templated":true}]}}