{"id":1135,"date":"2025-01-08T14:58:01","date_gmt":"2025-01-08T14:58:01","guid":{"rendered":"https:\/\/focus112.com\/nos-clients\/lautomatisation-au-service-de-laspiration-des-entreprises\/"},"modified":"2025-05-13T09:55:27","modified_gmt":"2025-05-13T09:55:27","slug":"lautomatisation-au-service-de-laspiration-des-entreprises","status":"publish","type":"page","link":"https:\/\/focus112.com\/fr\/nos-clients\/lautomatisation-au-service-de-laspiration-des-entreprises\/","title":{"rendered":"L&rsquo;automatisation au service de l&rsquo;aspiration des entreprises"},"content":{"rendered":"\t\t<div data-elementor-type=\"wp-page\" data-elementor-id=\"1135\" class=\"elementor elementor-1135 elementor-958\">\n\t\t\t\t<div class=\"elementor-element elementor-element-4e31af7 e-flex e-con-boxed parallax_section_no qode_elementor_container_no e-con e-parent\" data-id=\"4e31af7\" data-element_type=\"container\" data-e-type=\"container\">\n\t\t\t\t\t<div class=\"e-con-inner\">\n\t\t<div class=\"elementor-element elementor-element-fc2b0bf e-con-full e-flex parallax_section_no qode_elementor_container_no e-con e-child\" data-id=\"fc2b0bf\" data-element_type=\"container\" data-e-type=\"container\">\n\t\t\t\t<div class=\"elementor-element elementor-element-e768b97 elementor-widget elementor-widget-heading\" data-id=\"e768b97\" data-element_type=\"widget\" data-e-type=\"widget\" data-widget_type=\"heading.default\">\n\t\t\t\t<div class=\"elementor-widget-container\">\n\t\t\t\t\t<h2 class=\"elementor-heading-title elementor-size-default\">L'automatis-ation au service de l'aspiration des entrepriseS<\/h2>\t\t\t\t<\/div>\n\t\t\t\t<\/div>\n\t\t\t\t<\/div>\n\t\t<div class=\"elementor-element elementor-element-3cbda91 e-con-full e-flex parallax_section_no qode_elementor_container_no e-con e-child\" data-id=\"3cbda91\" data-element_type=\"container\" data-e-type=\"container\">\n\t\t\t\t<div class=\"elementor-element elementor-element-c77cc48 elementor-widget elementor-widget-image\" data-id=\"c77cc48\" data-element_type=\"widget\" data-e-type=\"widget\" data-widget_type=\"image.default\">\n\t\t\t\t<div class=\"elementor-widget-container\">\n\t\t\t\t\t\t\t\t\t\t\t\t\t\t\t<img fetchpriority=\"high\" decoding=\"async\" width=\"950\" height=\"610\" src=\"https:\/\/focus112.com\/wp-content\/uploads\/2025\/01\/automation.jpg\" class=\"attachment-large size-large wp-image-1100\" alt=\"\" srcset=\"https:\/\/focus112.com\/wp-content\/uploads\/2025\/01\/automation.jpg 950w, https:\/\/focus112.com\/wp-content\/uploads\/2025\/01\/automation-300x193.jpg 300w, https:\/\/focus112.com\/wp-content\/uploads\/2025\/01\/automation-768x493.jpg 768w, https:\/\/focus112.com\/wp-content\/uploads\/2025\/01\/automation-700x449.jpg 700w\" sizes=\"(max-width: 950px) 100vw, 950px\" \/>\t\t\t\t\t\t\t\t\t\t\t\t\t\t\t<\/div>\n\t\t\t\t<\/div>\n\t\t\t\t<\/div>\n\t\t\t\t\t<\/div>\n\t\t\t\t<\/div>\n\t\t\t\t<section class=\"elementor-section elementor-top-section elementor-element elementor-element-bb5a919 qode_elementor_container_inner elementor-section-boxed elementor-section-height-default elementor-section-height-default parallax_section_no\" data-id=\"bb5a919\" data-element_type=\"section\" data-e-type=\"section\">\n\t\t\t\t\t\t<div class=\"elementor-container elementor-column-gap-default\">\n\t\t\t\t\t<div class=\"elementor-column elementor-col-100 elementor-top-column elementor-element elementor-element-b254ed7\" data-id=\"b254ed7\" data-element_type=\"column\" data-e-type=\"column\">\n\t\t\t<div class=\"elementor-widget-wrap elementor-element-populated\">\n\t\t\t\t\t\t<div class=\"elementor-element elementor-element-df594ba elementor-widget elementor-widget-text-editor\" data-id=\"df594ba\" data-element_type=\"widget\" data-e-type=\"widget\" data-widget_type=\"text-editor.default\">\n\t\t\t\t<div class=\"elementor-widget-container\">\n\t\t\t\t\t\t\t\t\t<p>Un fournisseur de services de communication, responsable de la gestion de 100 000 demandes par an, a demand\u00e9 \u00e0 Focus Data de l&rsquo;aider \u00e0 trouver un \u00e9quilibre entre la rapidit\u00e9 de fourniture et la s\u00e9curit\u00e9 des donn\u00e9es.<\/p><p> <\/p><p>L&rsquo;un des facteurs cl\u00e9s de l&rsquo;int\u00e9gration de Focus Release Manager r\u00e9sidait dans sa capacit\u00e9 \u00e0 offrir une flexibilit\u00e9 qui permettrait \u00e0 l&rsquo;organisation de r\u00e9agir :<\/p><p> <\/p><ul><li>Un environnement technique interne en constante \u00e9volution<\/li><li>Un march\u00e9 commercial en plein essor, \u00e0 l&rsquo;origine de nouveaux produits<\/li><li>\u00c9volution des politiques gouvernementales<\/li><li>Exigences quotidiennes des besoins op\u00e9rationnels en mati\u00e8re d&rsquo;application de la loi<\/li><\/ul><p> <\/p><p>Focus Release Manager a \u00e9t\u00e9 int\u00e9gr\u00e9 \u00e0 un logiciel interm\u00e9diaire pour automatiser 90 % des demandes de donn\u00e9es, en utilisant 53 d\u00e9finitions de service diff\u00e9rentes. L&rsquo;objectif \u00e9tait d&rsquo;am\u00e9liorer la productivit\u00e9 et l&rsquo;efficacit\u00e9 et d&rsquo;accro\u00eetre la transparence de la charge de travail et des besoins en ressources.<\/p><p> <\/p><p>\u00c0 la suite de ce d\u00e9ploiement r\u00e9ussi, l&rsquo;entreprise a d\u00e9sormais un co\u00fbt de mise en conformit\u00e9 inf\u00e9rieur de moiti\u00e9 \u00e0 celui d&rsquo;autres r\u00e9seaux locaux.<\/p>\t\t\t\t\t\t\t\t<\/div>\n\t\t\t\t<\/div>\n\t\t\t\t<div class=\"elementor-element elementor-element-8b7aafc elementor-widget elementor-widget-spacer\" data-id=\"8b7aafc\" data-element_type=\"widget\" data-e-type=\"widget\" data-widget_type=\"spacer.default\">\n\t\t\t\t<div class=\"elementor-widget-container\">\n\t\t\t\t\t\t\t<div class=\"elementor-spacer\">\n\t\t\t<div class=\"elementor-spacer-inner\"><\/div>\n\t\t<\/div>\n\t\t\t\t\t\t<\/div>\n\t\t\t\t<\/div>\n\t\t\t\t<div class=\"elementor-element elementor-element-cdce833 elementor-widget elementor-widget-bridge_button_v2\" data-id=\"cdce833\" data-element_type=\"widget\" data-e-type=\"widget\" data-widget_type=\"bridge_button_v2.default\">\n\t\t\t\t<div class=\"elementor-widget-container\">\n\t\t\t\t\t\n\n\t<a href=\"https:\/\/focus112.com\/our-clients\/\" target=\"_self\" style=\"font-family: Inria sans;font-size: 14px;font-weight: 400;text-transform: uppercase;font-style: normal;letter-spacing: 0.5px\" class=\"qode-btn qode-btn-medium qode-btn-simple\"  >\n\t    <span class=\"qode-btn-text\">retour \u00e0 nos clients<\/span>\t<\/a>\n\n\t\t\t\t<\/div>\n\t\t\t\t<\/div>\n\t\t\t\t\t<\/div>\n\t\t<\/div>\n\t\t\t\t\t<\/div>\n\t\t<\/section>\n\t\t\t\t<\/div>\n\t\t","protected":false},"excerpt":{"rendered":"<p>L&rsquo;automatis-ation au service de l&rsquo;aspiration des entrepriseS Un fournisseur de services de communication, responsable de la gestion de 100 000 demandes par an, a demand\u00e9 \u00e0 Focus Data de l&rsquo;aider \u00e0 trouver un \u00e9quilibre entre la rapidit\u00e9 de fourniture et la s\u00e9curit\u00e9 des donn\u00e9es. L&rsquo;un&#8230;<\/p>\n","protected":false},"author":1,"featured_media":0,"parent":1114,"menu_order":0,"comment_status":"closed","ping_status":"closed","template":"","meta":{"_monsterinsights_skip_tracking":false,"_monsterinsights_sitenote_active":false,"_monsterinsights_sitenote_note":"","_monsterinsights_sitenote_category":0,"footnotes":""},"class_list":["post-1135","page","type-page","status-publish","hentry"],"yoast_head":"<!-- This site is optimized with the Yoast SEO plugin v27.4 - https:\/\/yoast.com\/product\/yoast-seo-wordpress\/ -->\n<title>L&#039;automatisation au service de l&#039;aspiration des entreprises - FOCUS112 - Managing Subpoenas and Court orders from Police<\/title>\n<meta name=\"robots\" content=\"index, follow, max-snippet:-1, max-image-preview:large, max-video-preview:-1\" \/>\n<link rel=\"canonical\" href=\"https:\/\/focus112.com\/our-clients\/automation-enables-business-aspiration\/\" \/>\n<meta property=\"og:locale\" content=\"fr_FR\" \/>\n<meta property=\"og:type\" content=\"article\" \/>\n<meta property=\"og:title\" content=\"L&#039;automatisation au service de l&#039;aspiration des entreprises - FOCUS112 - Managing Subpoenas and Court orders from Police\" \/>\n<meta property=\"og:description\" content=\"L&rsquo;automatis-ation au service de l&rsquo;aspiration des entrepriseS Un fournisseur de services de communication, responsable de la gestion de 100 000 demandes par an, a demand\u00e9 \u00e0 Focus Data de l&rsquo;aider \u00e0 trouver un \u00e9quilibre entre la rapidit\u00e9 de fourniture et la s\u00e9curit\u00e9 des donn\u00e9es. L&rsquo;un...\" \/>\n<meta property=\"og:url\" content=\"https:\/\/focus112.com\/our-clients\/automation-enables-business-aspiration\/\" \/>\n<meta property=\"og:site_name\" content=\"FOCUS112 - Managing Subpoenas and Court orders from Police\" \/>\n<meta property=\"article:modified_time\" content=\"2025-05-13T09:55:27+00:00\" \/>\n<meta property=\"og:image\" content=\"https:\/\/focus112.com\/wp-content\/uploads\/2025\/01\/automation.jpg\" \/>\n\t<meta property=\"og:image:width\" content=\"950\" \/>\n\t<meta property=\"og:image:height\" content=\"610\" \/>\n\t<meta property=\"og:image:type\" content=\"image\/jpeg\" \/>\n<meta name=\"twitter:card\" content=\"summary_large_image\" \/>\n<meta name=\"twitter:label1\" content=\"Dur\u00e9e de lecture estim\u00e9e\" \/>\n\t<meta name=\"twitter:data1\" content=\"1 minute\" \/>\n<script type=\"application\/ld+json\" class=\"yoast-schema-graph\">{\"@context\":\"https:\\\/\\\/schema.org\",\"@graph\":[{\"@type\":\"WebPage\",\"@id\":\"https:\\\/\\\/focus112.com\\\/our-clients\\\/automation-enables-business-aspiration\\\/\",\"url\":\"https:\\\/\\\/focus112.com\\\/our-clients\\\/automation-enables-business-aspiration\\\/\",\"name\":\"L'automatisation au service de l'aspiration des entreprises - FOCUS112 - Managing Subpoenas and Court orders from Police\",\"isPartOf\":{\"@id\":\"https:\\\/\\\/focus112.com\\\/#website\"},\"primaryImageOfPage\":{\"@id\":\"https:\\\/\\\/focus112.com\\\/our-clients\\\/automation-enables-business-aspiration\\\/#primaryimage\"},\"image\":{\"@id\":\"https:\\\/\\\/focus112.com\\\/our-clients\\\/automation-enables-business-aspiration\\\/#primaryimage\"},\"thumbnailUrl\":\"https:\\\/\\\/focus112.com\\\/wp-content\\\/uploads\\\/2025\\\/01\\\/automation.jpg\",\"datePublished\":\"2025-01-08T14:58:01+00:00\",\"dateModified\":\"2025-05-13T09:55:27+00:00\",\"breadcrumb\":{\"@id\":\"https:\\\/\\\/focus112.com\\\/our-clients\\\/automation-enables-business-aspiration\\\/#breadcrumb\"},\"inLanguage\":\"fr-FR\",\"potentialAction\":[{\"@type\":\"ReadAction\",\"target\":[\"https:\\\/\\\/focus112.com\\\/our-clients\\\/automation-enables-business-aspiration\\\/\"]}]},{\"@type\":\"ImageObject\",\"inLanguage\":\"fr-FR\",\"@id\":\"https:\\\/\\\/focus112.com\\\/our-clients\\\/automation-enables-business-aspiration\\\/#primaryimage\",\"url\":\"https:\\\/\\\/focus112.com\\\/wp-content\\\/uploads\\\/2025\\\/01\\\/automation.jpg\",\"contentUrl\":\"https:\\\/\\\/focus112.com\\\/wp-content\\\/uploads\\\/2025\\\/01\\\/automation.jpg\"},{\"@type\":\"BreadcrumbList\",\"@id\":\"https:\\\/\\\/focus112.com\\\/our-clients\\\/automation-enables-business-aspiration\\\/#breadcrumb\",\"itemListElement\":[{\"@type\":\"ListItem\",\"position\":1,\"name\":\"Home\",\"item\":\"https:\\\/\\\/focus112.com\\\/fr\\\/\"},{\"@type\":\"ListItem\",\"position\":2,\"name\":\"Nos clients\",\"item\":\"https:\\\/\\\/focus112.com\\\/fr\\\/nos-clients\\\/\"},{\"@type\":\"ListItem\",\"position\":3,\"name\":\"L&#8217;automatisation au service de l&#8217;aspiration des entreprises\"}]},{\"@type\":\"WebSite\",\"@id\":\"https:\\\/\\\/focus112.com\\\/#website\",\"url\":\"https:\\\/\\\/focus112.com\\\/\",\"name\":\"FOCUS112 - Managing Subpoenas and Court orders from Police\",\"description\":\"Legal Compliance Management Software\",\"publisher\":{\"@id\":\"https:\\\/\\\/focus112.com\\\/#organization\"},\"potentialAction\":[{\"@type\":\"SearchAction\",\"target\":{\"@type\":\"EntryPoint\",\"urlTemplate\":\"https:\\\/\\\/focus112.com\\\/?s={search_term_string}\"},\"query-input\":{\"@type\":\"PropertyValueSpecification\",\"valueRequired\":true,\"valueName\":\"search_term_string\"}}],\"inLanguage\":\"fr-FR\"},{\"@type\":\"Organization\",\"@id\":\"https:\\\/\\\/focus112.com\\\/#organization\",\"name\":\"Focus Data Services Ltd\",\"alternateName\":\"Focus112\",\"url\":\"https:\\\/\\\/focus112.com\\\/\",\"logo\":{\"@type\":\"ImageObject\",\"inLanguage\":\"fr-FR\",\"@id\":\"https:\\\/\\\/focus112.com\\\/#\\\/schema\\\/logo\\\/image\\\/\",\"url\":\"https:\\\/\\\/focus112.com\\\/wp-content\\\/uploads\\\/2024\\\/11\\\/FocusDataLogo-180w.png\",\"contentUrl\":\"https:\\\/\\\/focus112.com\\\/wp-content\\\/uploads\\\/2024\\\/11\\\/FocusDataLogo-180w.png\",\"width\":180,\"height\":74,\"caption\":\"Focus Data Services Ltd\"},\"image\":{\"@id\":\"https:\\\/\\\/focus112.com\\\/#\\\/schema\\\/logo\\\/image\\\/\"}}]}<\/script>\n<!-- \/ Yoast SEO plugin. -->","yoast_head_json":{"title":"L'automatisation au service de l'aspiration des entreprises - FOCUS112 - Managing Subpoenas and Court orders from Police","robots":{"index":"index","follow":"follow","max-snippet":"max-snippet:-1","max-image-preview":"max-image-preview:large","max-video-preview":"max-video-preview:-1"},"canonical":"https:\/\/focus112.com\/our-clients\/automation-enables-business-aspiration\/","og_locale":"fr_FR","og_type":"article","og_title":"L'automatisation au service de l'aspiration des entreprises - FOCUS112 - Managing Subpoenas and Court orders from Police","og_description":"L&rsquo;automatis-ation au service de l&rsquo;aspiration des entrepriseS Un fournisseur de services de communication, responsable de la gestion de 100 000 demandes par an, a demand\u00e9 \u00e0 Focus Data de l&rsquo;aider \u00e0 trouver un \u00e9quilibre entre la rapidit\u00e9 de fourniture et la s\u00e9curit\u00e9 des donn\u00e9es. L&rsquo;un...","og_url":"https:\/\/focus112.com\/our-clients\/automation-enables-business-aspiration\/","og_site_name":"FOCUS112 - Managing Subpoenas and Court orders from Police","article_modified_time":"2025-05-13T09:55:27+00:00","og_image":[{"width":950,"height":610,"url":"https:\/\/focus112.com\/wp-content\/uploads\/2025\/01\/automation.jpg","type":"image\/jpeg"}],"twitter_card":"summary_large_image","twitter_misc":{"Dur\u00e9e de lecture estim\u00e9e":"1 minute"},"schema":{"@context":"https:\/\/schema.org","@graph":[{"@type":"WebPage","@id":"https:\/\/focus112.com\/our-clients\/automation-enables-business-aspiration\/","url":"https:\/\/focus112.com\/our-clients\/automation-enables-business-aspiration\/","name":"L'automatisation au service de l'aspiration des entreprises - FOCUS112 - Managing Subpoenas and Court orders from Police","isPartOf":{"@id":"https:\/\/focus112.com\/#website"},"primaryImageOfPage":{"@id":"https:\/\/focus112.com\/our-clients\/automation-enables-business-aspiration\/#primaryimage"},"image":{"@id":"https:\/\/focus112.com\/our-clients\/automation-enables-business-aspiration\/#primaryimage"},"thumbnailUrl":"https:\/\/focus112.com\/wp-content\/uploads\/2025\/01\/automation.jpg","datePublished":"2025-01-08T14:58:01+00:00","dateModified":"2025-05-13T09:55:27+00:00","breadcrumb":{"@id":"https:\/\/focus112.com\/our-clients\/automation-enables-business-aspiration\/#breadcrumb"},"inLanguage":"fr-FR","potentialAction":[{"@type":"ReadAction","target":["https:\/\/focus112.com\/our-clients\/automation-enables-business-aspiration\/"]}]},{"@type":"ImageObject","inLanguage":"fr-FR","@id":"https:\/\/focus112.com\/our-clients\/automation-enables-business-aspiration\/#primaryimage","url":"https:\/\/focus112.com\/wp-content\/uploads\/2025\/01\/automation.jpg","contentUrl":"https:\/\/focus112.com\/wp-content\/uploads\/2025\/01\/automation.jpg"},{"@type":"BreadcrumbList","@id":"https:\/\/focus112.com\/our-clients\/automation-enables-business-aspiration\/#breadcrumb","itemListElement":[{"@type":"ListItem","position":1,"name":"Home","item":"https:\/\/focus112.com\/fr\/"},{"@type":"ListItem","position":2,"name":"Nos clients","item":"https:\/\/focus112.com\/fr\/nos-clients\/"},{"@type":"ListItem","position":3,"name":"L&#8217;automatisation au service de l&#8217;aspiration des entreprises"}]},{"@type":"WebSite","@id":"https:\/\/focus112.com\/#website","url":"https:\/\/focus112.com\/","name":"FOCUS112 - Managing Subpoenas and Court orders from Police","description":"Legal Compliance Management Software","publisher":{"@id":"https:\/\/focus112.com\/#organization"},"potentialAction":[{"@type":"SearchAction","target":{"@type":"EntryPoint","urlTemplate":"https:\/\/focus112.com\/?s={search_term_string}"},"query-input":{"@type":"PropertyValueSpecification","valueRequired":true,"valueName":"search_term_string"}}],"inLanguage":"fr-FR"},{"@type":"Organization","@id":"https:\/\/focus112.com\/#organization","name":"Focus Data Services Ltd","alternateName":"Focus112","url":"https:\/\/focus112.com\/","logo":{"@type":"ImageObject","inLanguage":"fr-FR","@id":"https:\/\/focus112.com\/#\/schema\/logo\/image\/","url":"https:\/\/focus112.com\/wp-content\/uploads\/2024\/11\/FocusDataLogo-180w.png","contentUrl":"https:\/\/focus112.com\/wp-content\/uploads\/2024\/11\/FocusDataLogo-180w.png","width":180,"height":74,"caption":"Focus Data Services Ltd"},"image":{"@id":"https:\/\/focus112.com\/#\/schema\/logo\/image\/"}}]}},"_links":{"self":[{"href":"https:\/\/focus112.com\/fr\/wp-json\/wp\/v2\/pages\/1135","targetHints":{"allow":["GET"]}}],"collection":[{"href":"https:\/\/focus112.com\/fr\/wp-json\/wp\/v2\/pages"}],"about":[{"href":"https:\/\/focus112.com\/fr\/wp-json\/wp\/v2\/types\/page"}],"author":[{"embeddable":true,"href":"https:\/\/focus112.com\/fr\/wp-json\/wp\/v2\/users\/1"}],"replies":[{"embeddable":true,"href":"https:\/\/focus112.com\/fr\/wp-json\/wp\/v2\/comments?post=1135"}],"version-history":[{"count":12,"href":"https:\/\/focus112.com\/fr\/wp-json\/wp\/v2\/pages\/1135\/revisions"}],"predecessor-version":[{"id":1154,"href":"https:\/\/focus112.com\/fr\/wp-json\/wp\/v2\/pages\/1135\/revisions\/1154"}],"up":[{"embeddable":true,"href":"https:\/\/focus112.com\/fr\/wp-json\/wp\/v2\/pages\/1114"}],"wp:attachment":[{"href":"https:\/\/focus112.com\/fr\/wp-json\/wp\/v2\/media?parent=1135"}],"curies":[{"name":"wp","href":"https:\/\/api.w.org\/{rel}","templated":true}]}}