{"id":1137,"date":"2025-01-08T15:08:44","date_gmt":"2025-01-08T15:08:44","guid":{"rendered":"https:\/\/focus112.com\/nos-clients\/gerer-la-complexite-avec-facilite\/"},"modified":"2025-05-13T09:56:42","modified_gmt":"2025-05-13T09:56:42","slug":"gerer-la-complexite-avec-facilite","status":"publish","type":"page","link":"https:\/\/focus112.com\/fr\/nos-clients\/gerer-la-complexite-avec-facilite\/","title":{"rendered":"G\u00e9rer la complexit\u00e9 avec facilit\u00e9"},"content":{"rendered":"\t\t<div data-elementor-type=\"wp-page\" data-elementor-id=\"1137\" class=\"elementor elementor-1137 elementor-997\">\n\t\t\t\t<div class=\"elementor-element elementor-element-4e31af7 e-flex e-con-boxed parallax_section_no qode_elementor_container_no e-con e-parent\" data-id=\"4e31af7\" data-element_type=\"container\" data-e-type=\"container\">\n\t\t\t\t\t<div class=\"e-con-inner\">\n\t\t<div class=\"elementor-element elementor-element-fc2b0bf e-con-full e-flex parallax_section_no qode_elementor_container_no e-con e-child\" data-id=\"fc2b0bf\" data-element_type=\"container\" data-e-type=\"container\">\n\t\t\t\t<div class=\"elementor-element elementor-element-e768b97 elementor-widget elementor-widget-heading\" data-id=\"e768b97\" data-element_type=\"widget\" data-e-type=\"widget\" data-widget_type=\"heading.default\">\n\t\t\t\t<div class=\"elementor-widget-container\">\n\t\t\t\t\t<h2 class=\"elementor-heading-title elementor-size-default\">Traiter<br>Complexit\u00e9<br>avec facilit\u00e9<\/h2>\t\t\t\t<\/div>\n\t\t\t\t<\/div>\n\t\t\t\t<\/div>\n\t\t<div class=\"elementor-element elementor-element-3cbda91 e-con-full e-flex parallax_section_no qode_elementor_container_no e-con e-child\" data-id=\"3cbda91\" data-element_type=\"container\" data-e-type=\"container\">\n\t\t\t\t<div class=\"elementor-element elementor-element-c77cc48 elementor-widget elementor-widget-image\" data-id=\"c77cc48\" data-element_type=\"widget\" data-e-type=\"widget\" data-widget_type=\"image.default\">\n\t\t\t\t<div class=\"elementor-widget-container\">\n\t\t\t\t\t\t\t\t\t\t\t\t\t\t\t<img fetchpriority=\"high\" decoding=\"async\" width=\"950\" height=\"610\" src=\"https:\/\/focus112.com\/wp-content\/uploads\/2025\/01\/handling.jpg\" class=\"attachment-large size-large wp-image-1102\" alt=\"\" srcset=\"https:\/\/focus112.com\/wp-content\/uploads\/2025\/01\/handling.jpg 950w, https:\/\/focus112.com\/wp-content\/uploads\/2025\/01\/handling-300x193.jpg 300w, https:\/\/focus112.com\/wp-content\/uploads\/2025\/01\/handling-768x493.jpg 768w, https:\/\/focus112.com\/wp-content\/uploads\/2025\/01\/handling-700x449.jpg 700w\" sizes=\"(max-width: 950px) 100vw, 950px\" \/>\t\t\t\t\t\t\t\t\t\t\t\t\t\t\t<\/div>\n\t\t\t\t<\/div>\n\t\t\t\t<\/div>\n\t\t\t\t\t<\/div>\n\t\t\t\t<\/div>\n\t\t\t\t<section class=\"elementor-section elementor-top-section elementor-element elementor-element-bb5a919 qode_elementor_container_inner elementor-section-boxed elementor-section-height-default elementor-section-height-default parallax_section_no\" data-id=\"bb5a919\" data-element_type=\"section\" data-e-type=\"section\">\n\t\t\t\t\t\t<div class=\"elementor-container elementor-column-gap-default\">\n\t\t\t\t\t<div class=\"elementor-column elementor-col-100 elementor-top-column elementor-element elementor-element-b254ed7\" data-id=\"b254ed7\" data-element_type=\"column\" data-e-type=\"column\">\n\t\t\t<div class=\"elementor-widget-wrap elementor-element-populated\">\n\t\t\t\t\t\t<div class=\"elementor-element elementor-element-df594ba elementor-widget elementor-widget-text-editor\" data-id=\"df594ba\" data-element_type=\"widget\" data-e-type=\"widget\" data-widget_type=\"text-editor.default\">\n\t\t\t\t<div class=\"elementor-widget-container\">\n\t\t\t\t\t\t\t\t\t<p>Focus Data a \u00e9t\u00e9 engag\u00e9 pour aider cette soci\u00e9t\u00e9 \u00e0 g\u00e9rer un volume croissant de demandes de donn\u00e9es de la part des services de police et pour am\u00e9liorer sa capacit\u00e9 \u00e0 traiter les nombreux formats vari\u00e9s dans lesquels les demandes \u00e9taient formul\u00e9es.<\/p><p> <\/p><p>Le principal d\u00e9fi consistait \u00e0 int\u00e9grer les enregistrements d\u00e9taill\u00e9s des appels provenant de trois r\u00e9seaux diff\u00e9rents, \u00e0 int\u00e9grer le service \u00e0 quatre syst\u00e8mes de gestion des relations avec la client\u00e8le, \u00e0 g\u00e9rer la complexit\u00e9 des fuseaux horaires des donn\u00e9es, \u00e0 garantir la capacit\u00e9 future et \u00e0 assurer la conformit\u00e9 avec un syst\u00e8me l\u00e9gislatif qui repose en grande partie sur des mandats et des citations \u00e0 compara\u00eetre. La s\u00e9curit\u00e9 \u00e9tait \u00e9galement un \u00e9l\u00e9ment cl\u00e9, ce qui signifiait que le cryptage et la mise en place d&rsquo;un espace a\u00e9rien \u00e9taient essentiels.<\/p><p> <\/p><p>Focus Data a \u00e9t\u00e9 choisi pour fournir la solution face \u00e0 une concurrence acharn\u00e9e en raison de la flexibilit\u00e9 de son syst\u00e8me qui permet de recevoir et d&rsquo;enregistrer des demandes via des connexions s\u00e9curis\u00e9es ou un navigateur web. Il est important de noter qu&rsquo;il peut \u00e9galement se connecter \u00e0 de nombreux syst\u00e8mes pour r\u00e9cup\u00e9rer les donn\u00e9es demand\u00e9es.<\/p>\t\t\t\t\t\t\t\t<\/div>\n\t\t\t\t<\/div>\n\t\t\t\t<div class=\"elementor-element elementor-element-8b7aafc elementor-widget elementor-widget-spacer\" data-id=\"8b7aafc\" data-element_type=\"widget\" data-e-type=\"widget\" data-widget_type=\"spacer.default\">\n\t\t\t\t<div class=\"elementor-widget-container\">\n\t\t\t\t\t\t\t<div class=\"elementor-spacer\">\n\t\t\t<div class=\"elementor-spacer-inner\"><\/div>\n\t\t<\/div>\n\t\t\t\t\t\t<\/div>\n\t\t\t\t<\/div>\n\t\t\t\t<div class=\"elementor-element elementor-element-cdce833 elementor-widget elementor-widget-bridge_button_v2\" data-id=\"cdce833\" data-element_type=\"widget\" data-e-type=\"widget\" data-widget_type=\"bridge_button_v2.default\">\n\t\t\t\t<div class=\"elementor-widget-container\">\n\t\t\t\t\t\n\n\t<a href=\"https:\/\/focus112.com\/our-clients\/\" target=\"_self\" style=\"font-family: Inria sans;font-size: 14px;font-weight: 400;text-transform: uppercase;font-style: normal;letter-spacing: 0.5px\" class=\"qode-btn qode-btn-medium qode-btn-simple\"  >\n\t    <span class=\"qode-btn-text\">retour \u00e0 nos clients<\/span>\t<\/a>\n\n\t\t\t\t<\/div>\n\t\t\t\t<\/div>\n\t\t\t\t\t<\/div>\n\t\t<\/div>\n\t\t\t\t\t<\/div>\n\t\t<\/section>\n\t\t\t\t<\/div>\n\t\t","protected":false},"excerpt":{"rendered":"<p>TraiterComplexit\u00e9avec facilit\u00e9 Focus Data a \u00e9t\u00e9 engag\u00e9 pour aider cette soci\u00e9t\u00e9 \u00e0 g\u00e9rer un volume croissant de demandes de donn\u00e9es de la part des services de police et pour am\u00e9liorer sa capacit\u00e9 \u00e0 traiter les nombreux formats vari\u00e9s dans lesquels les demandes \u00e9taient formul\u00e9es. Le&#8230;<\/p>\n","protected":false},"author":1,"featured_media":0,"parent":1114,"menu_order":0,"comment_status":"closed","ping_status":"closed","template":"","meta":{"_monsterinsights_skip_tracking":false,"_monsterinsights_sitenote_active":false,"_monsterinsights_sitenote_note":"","_monsterinsights_sitenote_category":0,"footnotes":""},"class_list":["post-1137","page","type-page","status-publish","hentry"],"yoast_head":"<!-- This site is optimized with the Yoast SEO plugin v27.4 - https:\/\/yoast.com\/product\/yoast-seo-wordpress\/ -->\n<title>G\u00e9rer la complexit\u00e9 avec facilit\u00e9 - FOCUS112 - Managing Subpoenas and Court orders from Police<\/title>\n<meta name=\"robots\" content=\"index, follow, max-snippet:-1, max-image-preview:large, max-video-preview:-1\" \/>\n<link rel=\"canonical\" href=\"https:\/\/focus112.com\/fr\/nos-clients\/gerer-la-complexite-avec-facilite\/\" \/>\n<meta property=\"og:locale\" content=\"fr_FR\" \/>\n<meta property=\"og:type\" content=\"article\" \/>\n<meta property=\"og:title\" content=\"G\u00e9rer la complexit\u00e9 avec facilit\u00e9 - FOCUS112 - Managing Subpoenas and Court orders from Police\" \/>\n<meta property=\"og:description\" content=\"TraiterComplexit\u00e9avec facilit\u00e9 Focus Data a \u00e9t\u00e9 engag\u00e9 pour aider cette soci\u00e9t\u00e9 \u00e0 g\u00e9rer un volume croissant de demandes de donn\u00e9es de la part des services de police et pour am\u00e9liorer sa capacit\u00e9 \u00e0 traiter les nombreux formats vari\u00e9s dans lesquels les demandes \u00e9taient formul\u00e9es. Le...\" \/>\n<meta property=\"og:url\" content=\"https:\/\/focus112.com\/fr\/nos-clients\/gerer-la-complexite-avec-facilite\/\" \/>\n<meta property=\"og:site_name\" content=\"FOCUS112 - Managing Subpoenas and Court orders from Police\" \/>\n<meta property=\"article:modified_time\" content=\"2025-05-13T09:56:42+00:00\" \/>\n<meta property=\"og:image\" content=\"https:\/\/focus112.com\/wp-content\/uploads\/2025\/01\/handling.jpg\" \/>\n\t<meta property=\"og:image:width\" content=\"950\" \/>\n\t<meta property=\"og:image:height\" content=\"610\" \/>\n\t<meta property=\"og:image:type\" content=\"image\/jpeg\" \/>\n<meta name=\"twitter:card\" content=\"summary_large_image\" \/>\n<meta name=\"twitter:label1\" content=\"Dur\u00e9e de lecture estim\u00e9e\" \/>\n\t<meta name=\"twitter:data1\" content=\"1 minute\" \/>\n<script type=\"application\/ld+json\" class=\"yoast-schema-graph\">{\"@context\":\"https:\\\/\\\/schema.org\",\"@graph\":[{\"@type\":\"WebPage\",\"@id\":\"https:\\\/\\\/focus112.com\\\/fr\\\/nos-clients\\\/gerer-la-complexite-avec-facilite\\\/\",\"url\":\"https:\\\/\\\/focus112.com\\\/fr\\\/nos-clients\\\/gerer-la-complexite-avec-facilite\\\/\",\"name\":\"G\u00e9rer la complexit\u00e9 avec facilit\u00e9 - FOCUS112 - Managing Subpoenas and Court orders from Police\",\"isPartOf\":{\"@id\":\"https:\\\/\\\/focus112.com\\\/#website\"},\"primaryImageOfPage\":{\"@id\":\"https:\\\/\\\/focus112.com\\\/fr\\\/nos-clients\\\/gerer-la-complexite-avec-facilite\\\/#primaryimage\"},\"image\":{\"@id\":\"https:\\\/\\\/focus112.com\\\/fr\\\/nos-clients\\\/gerer-la-complexite-avec-facilite\\\/#primaryimage\"},\"thumbnailUrl\":\"https:\\\/\\\/focus112.com\\\/wp-content\\\/uploads\\\/2025\\\/01\\\/handling.jpg\",\"datePublished\":\"2025-01-08T15:08:44+00:00\",\"dateModified\":\"2025-05-13T09:56:42+00:00\",\"breadcrumb\":{\"@id\":\"https:\\\/\\\/focus112.com\\\/fr\\\/nos-clients\\\/gerer-la-complexite-avec-facilite\\\/#breadcrumb\"},\"inLanguage\":\"fr-FR\",\"potentialAction\":[{\"@type\":\"ReadAction\",\"target\":[\"https:\\\/\\\/focus112.com\\\/fr\\\/nos-clients\\\/gerer-la-complexite-avec-facilite\\\/\"]}]},{\"@type\":\"ImageObject\",\"inLanguage\":\"fr-FR\",\"@id\":\"https:\\\/\\\/focus112.com\\\/fr\\\/nos-clients\\\/gerer-la-complexite-avec-facilite\\\/#primaryimage\",\"url\":\"https:\\\/\\\/focus112.com\\\/wp-content\\\/uploads\\\/2025\\\/01\\\/handling.jpg\",\"contentUrl\":\"https:\\\/\\\/focus112.com\\\/wp-content\\\/uploads\\\/2025\\\/01\\\/handling.jpg\"},{\"@type\":\"BreadcrumbList\",\"@id\":\"https:\\\/\\\/focus112.com\\\/fr\\\/nos-clients\\\/gerer-la-complexite-avec-facilite\\\/#breadcrumb\",\"itemListElement\":[{\"@type\":\"ListItem\",\"position\":1,\"name\":\"Home\",\"item\":\"https:\\\/\\\/focus112.com\\\/fr\\\/\"},{\"@type\":\"ListItem\",\"position\":2,\"name\":\"Nos clients\",\"item\":\"https:\\\/\\\/focus112.com\\\/fr\\\/nos-clients\\\/\"},{\"@type\":\"ListItem\",\"position\":3,\"name\":\"G\u00e9rer la complexit\u00e9 avec facilit\u00e9\"}]},{\"@type\":\"WebSite\",\"@id\":\"https:\\\/\\\/focus112.com\\\/#website\",\"url\":\"https:\\\/\\\/focus112.com\\\/\",\"name\":\"FOCUS112 - Managing Subpoenas and Court orders from Police\",\"description\":\"Legal Compliance Management Software\",\"publisher\":{\"@id\":\"https:\\\/\\\/focus112.com\\\/#organization\"},\"potentialAction\":[{\"@type\":\"SearchAction\",\"target\":{\"@type\":\"EntryPoint\",\"urlTemplate\":\"https:\\\/\\\/focus112.com\\\/?s={search_term_string}\"},\"query-input\":{\"@type\":\"PropertyValueSpecification\",\"valueRequired\":true,\"valueName\":\"search_term_string\"}}],\"inLanguage\":\"fr-FR\"},{\"@type\":\"Organization\",\"@id\":\"https:\\\/\\\/focus112.com\\\/#organization\",\"name\":\"Focus Data Services Ltd\",\"alternateName\":\"Focus112\",\"url\":\"https:\\\/\\\/focus112.com\\\/\",\"logo\":{\"@type\":\"ImageObject\",\"inLanguage\":\"fr-FR\",\"@id\":\"https:\\\/\\\/focus112.com\\\/#\\\/schema\\\/logo\\\/image\\\/\",\"url\":\"https:\\\/\\\/focus112.com\\\/wp-content\\\/uploads\\\/2024\\\/11\\\/FocusDataLogo-180w.png\",\"contentUrl\":\"https:\\\/\\\/focus112.com\\\/wp-content\\\/uploads\\\/2024\\\/11\\\/FocusDataLogo-180w.png\",\"width\":180,\"height\":74,\"caption\":\"Focus Data Services Ltd\"},\"image\":{\"@id\":\"https:\\\/\\\/focus112.com\\\/#\\\/schema\\\/logo\\\/image\\\/\"}}]}<\/script>\n<!-- \/ Yoast SEO plugin. -->","yoast_head_json":{"title":"G\u00e9rer la complexit\u00e9 avec facilit\u00e9 - FOCUS112 - Managing Subpoenas and Court orders from Police","robots":{"index":"index","follow":"follow","max-snippet":"max-snippet:-1","max-image-preview":"max-image-preview:large","max-video-preview":"max-video-preview:-1"},"canonical":"https:\/\/focus112.com\/fr\/nos-clients\/gerer-la-complexite-avec-facilite\/","og_locale":"fr_FR","og_type":"article","og_title":"G\u00e9rer la complexit\u00e9 avec facilit\u00e9 - FOCUS112 - Managing Subpoenas and Court orders from Police","og_description":"TraiterComplexit\u00e9avec facilit\u00e9 Focus Data a \u00e9t\u00e9 engag\u00e9 pour aider cette soci\u00e9t\u00e9 \u00e0 g\u00e9rer un volume croissant de demandes de donn\u00e9es de la part des services de police et pour am\u00e9liorer sa capacit\u00e9 \u00e0 traiter les nombreux formats vari\u00e9s dans lesquels les demandes \u00e9taient formul\u00e9es. Le...","og_url":"https:\/\/focus112.com\/fr\/nos-clients\/gerer-la-complexite-avec-facilite\/","og_site_name":"FOCUS112 - Managing Subpoenas and Court orders from Police","article_modified_time":"2025-05-13T09:56:42+00:00","og_image":[{"width":950,"height":610,"url":"https:\/\/focus112.com\/wp-content\/uploads\/2025\/01\/handling.jpg","type":"image\/jpeg"}],"twitter_card":"summary_large_image","twitter_misc":{"Dur\u00e9e de lecture estim\u00e9e":"1 minute"},"schema":{"@context":"https:\/\/schema.org","@graph":[{"@type":"WebPage","@id":"https:\/\/focus112.com\/fr\/nos-clients\/gerer-la-complexite-avec-facilite\/","url":"https:\/\/focus112.com\/fr\/nos-clients\/gerer-la-complexite-avec-facilite\/","name":"G\u00e9rer la complexit\u00e9 avec facilit\u00e9 - FOCUS112 - Managing Subpoenas and Court orders from Police","isPartOf":{"@id":"https:\/\/focus112.com\/#website"},"primaryImageOfPage":{"@id":"https:\/\/focus112.com\/fr\/nos-clients\/gerer-la-complexite-avec-facilite\/#primaryimage"},"image":{"@id":"https:\/\/focus112.com\/fr\/nos-clients\/gerer-la-complexite-avec-facilite\/#primaryimage"},"thumbnailUrl":"https:\/\/focus112.com\/wp-content\/uploads\/2025\/01\/handling.jpg","datePublished":"2025-01-08T15:08:44+00:00","dateModified":"2025-05-13T09:56:42+00:00","breadcrumb":{"@id":"https:\/\/focus112.com\/fr\/nos-clients\/gerer-la-complexite-avec-facilite\/#breadcrumb"},"inLanguage":"fr-FR","potentialAction":[{"@type":"ReadAction","target":["https:\/\/focus112.com\/fr\/nos-clients\/gerer-la-complexite-avec-facilite\/"]}]},{"@type":"ImageObject","inLanguage":"fr-FR","@id":"https:\/\/focus112.com\/fr\/nos-clients\/gerer-la-complexite-avec-facilite\/#primaryimage","url":"https:\/\/focus112.com\/wp-content\/uploads\/2025\/01\/handling.jpg","contentUrl":"https:\/\/focus112.com\/wp-content\/uploads\/2025\/01\/handling.jpg"},{"@type":"BreadcrumbList","@id":"https:\/\/focus112.com\/fr\/nos-clients\/gerer-la-complexite-avec-facilite\/#breadcrumb","itemListElement":[{"@type":"ListItem","position":1,"name":"Home","item":"https:\/\/focus112.com\/fr\/"},{"@type":"ListItem","position":2,"name":"Nos clients","item":"https:\/\/focus112.com\/fr\/nos-clients\/"},{"@type":"ListItem","position":3,"name":"G\u00e9rer la complexit\u00e9 avec facilit\u00e9"}]},{"@type":"WebSite","@id":"https:\/\/focus112.com\/#website","url":"https:\/\/focus112.com\/","name":"FOCUS112 - Managing Subpoenas and Court orders from Police","description":"Legal Compliance Management Software","publisher":{"@id":"https:\/\/focus112.com\/#organization"},"potentialAction":[{"@type":"SearchAction","target":{"@type":"EntryPoint","urlTemplate":"https:\/\/focus112.com\/?s={search_term_string}"},"query-input":{"@type":"PropertyValueSpecification","valueRequired":true,"valueName":"search_term_string"}}],"inLanguage":"fr-FR"},{"@type":"Organization","@id":"https:\/\/focus112.com\/#organization","name":"Focus Data Services Ltd","alternateName":"Focus112","url":"https:\/\/focus112.com\/","logo":{"@type":"ImageObject","inLanguage":"fr-FR","@id":"https:\/\/focus112.com\/#\/schema\/logo\/image\/","url":"https:\/\/focus112.com\/wp-content\/uploads\/2024\/11\/FocusDataLogo-180w.png","contentUrl":"https:\/\/focus112.com\/wp-content\/uploads\/2024\/11\/FocusDataLogo-180w.png","width":180,"height":74,"caption":"Focus Data Services Ltd"},"image":{"@id":"https:\/\/focus112.com\/#\/schema\/logo\/image\/"}}]}},"_links":{"self":[{"href":"https:\/\/focus112.com\/fr\/wp-json\/wp\/v2\/pages\/1137","targetHints":{"allow":["GET"]}}],"collection":[{"href":"https:\/\/focus112.com\/fr\/wp-json\/wp\/v2\/pages"}],"about":[{"href":"https:\/\/focus112.com\/fr\/wp-json\/wp\/v2\/types\/page"}],"author":[{"embeddable":true,"href":"https:\/\/focus112.com\/fr\/wp-json\/wp\/v2\/users\/1"}],"replies":[{"embeddable":true,"href":"https:\/\/focus112.com\/fr\/wp-json\/wp\/v2\/comments?post=1137"}],"version-history":[{"count":4,"href":"https:\/\/focus112.com\/fr\/wp-json\/wp\/v2\/pages\/1137\/revisions"}],"predecessor-version":[{"id":1160,"href":"https:\/\/focus112.com\/fr\/wp-json\/wp\/v2\/pages\/1137\/revisions\/1160"}],"up":[{"embeddable":true,"href":"https:\/\/focus112.com\/fr\/wp-json\/wp\/v2\/pages\/1114"}],"wp:attachment":[{"href":"https:\/\/focus112.com\/fr\/wp-json\/wp\/v2\/media?parent=1137"}],"curies":[{"name":"wp","href":"https:\/\/api.w.org\/{rel}","templated":true}]}}