{"id":1588,"date":"2025-07-14T08:18:12","date_gmt":"2025-07-14T08:18:12","guid":{"rendered":"https:\/\/focus112.com\/supprimer-le-compte\/"},"modified":"2025-07-29T07:54:17","modified_gmt":"2025-07-29T07:54:17","slug":"supprimer-le-compte","status":"publish","type":"page","link":"https:\/\/focus112.com\/fr\/supprimer-le-compte\/","title":{"rendered":"Supprimer le compte"},"content":{"rendered":"\t\t<div data-elementor-type=\"wp-page\" data-elementor-id=\"1588\" class=\"elementor elementor-1588 elementor-1291\">\n\t\t\t\t<div class=\"elementor-element elementor-element-3b927d3d e-flex e-con-boxed parallax_section_no qode_elementor_container_no e-con e-parent\" data-id=\"3b927d3d\" data-element_type=\"container\" data-e-type=\"container\">\n\t\t\t\t\t<div class=\"e-con-inner\">\n\t\t\t\t<div class=\"elementor-element elementor-element-1d46648c elementor-widget elementor-widget-text-editor\" data-id=\"1d46648c\" data-element_type=\"widget\" data-e-type=\"widget\" data-widget_type=\"text-editor.default\">\n\t\t\t\t<div class=\"elementor-widget-container\">\n\t\t\t\t\t\t\t\t\t<h4>Supprimer les informations du compte pour Cellsite Forensics, d\u00e9velopp\u00e9 par Focus Data Services.<span style=\"color: #7a7a7a; font-family: Roboto, sans-serif; font-size: 16px;\">&nbsp;<\/span><\/h4><div><span style=\"color: #7a7a7a; font-family: Roboto, sans-serif; font-size: 16px;\"><br><\/span><\/div>\n<div><\/div>\n<h4 class=\"wp-block-heading\">Comment demander la suppression de votre compte Cellsite Forensics ?<\/h4>\n<ul>\n<li>Pour demander la suppression de votre compte et des donn\u00e9es associ\u00e9es, veuillez contacter notre \u00e9quipe d&rsquo;assistance par courrier \u00e9lectronique.&lt;.li&gt;\n<\/li><li>Nous traiterons votre demande conform\u00e9ment aux lois applicables en mati\u00e8re de protection de la vie priv\u00e9e et \u00e0 notre politique de protection de la vie priv\u00e9e.<\/li>\n<li>Vous pouvez contacter le service d&rsquo;assistance \u00e0 l&rsquo;adresse suivante AppSupport@Focus112.com, qui vous r\u00e9pondra dans les 96 heures<\/li>\n<\/ul>\n<p>&nbsp;<\/p>\n<p>&nbsp;<\/p>\n<h4>Que se passe-t-il lorsque vous supprimez votre compte ?<\/h4>\n<ul>\n<li>Vos informations personnelles (nom, adresse \u00e9lectronique) et toutes les donn\u00e9es de compte associ\u00e9es (enqu\u00eates) seront d\u00e9finitivement supprim\u00e9es.<\/li>\n<li>Vous ne pourrez plus acc\u00e9der \u00e0 votre compte ou utiliser les fonctionnalit\u00e9s de l&rsquo;application.<\/li>\n<li>Nous vous confirmerons l&rsquo;ach\u00e8vement de la proc\u00e9dure de suppression par courrier \u00e9lectronique.<\/li>\n<li>Cette action ne peut \u00eatre annul\u00e9e.<\/li>\n<\/ul>\t\t\t\t\t\t\t\t<\/div>\n\t\t\t\t<\/div>\n\t\t\t\t\t<\/div>\n\t\t\t\t<\/div>\n\t\t\t\t<\/div>\n\t\t","protected":false},"excerpt":{"rendered":"<p>Supprimer les informations du compte pour Cellsite Forensics, d\u00e9velopp\u00e9 par Focus Data Services.&nbsp; Comment demander la suppression de votre compte Cellsite Forensics ? Pour demander la suppression de votre compte et des donn\u00e9es associ\u00e9es, veuillez contacter notre \u00e9quipe d&rsquo;assistance par courrier \u00e9lectronique.&lt;.li&gt; Nous traiterons votre&#8230;<\/p>\n","protected":false},"author":1,"featured_media":0,"parent":0,"menu_order":0,"comment_status":"closed","ping_status":"closed","template":"","meta":{"_monsterinsights_skip_tracking":false,"_monsterinsights_sitenote_active":false,"_monsterinsights_sitenote_note":"","_monsterinsights_sitenote_category":0,"footnotes":""},"class_list":["post-1588","page","type-page","status-publish","hentry"],"yoast_head":"<!-- This site is optimized with the Yoast SEO plugin v27.4 - https:\/\/yoast.com\/product\/yoast-seo-wordpress\/ -->\n<title>Supprimer le compte - FOCUS112 - Managing Subpoenas and Court orders from Police<\/title>\n<meta name=\"robots\" content=\"index, follow, max-snippet:-1, max-image-preview:large, max-video-preview:-1\" \/>\n<link rel=\"canonical\" href=\"https:\/\/focus112.com\/delete-account\/\" \/>\n<meta property=\"og:locale\" content=\"fr_FR\" \/>\n<meta property=\"og:type\" content=\"article\" \/>\n<meta property=\"og:title\" content=\"Supprimer le compte - FOCUS112 - Managing Subpoenas and Court orders from Police\" \/>\n<meta property=\"og:description\" content=\"Supprimer les informations du compte pour Cellsite Forensics, d\u00e9velopp\u00e9 par Focus Data Services.&nbsp; Comment demander la suppression de votre compte Cellsite Forensics ? Pour demander la suppression de votre compte et des donn\u00e9es associ\u00e9es, veuillez contacter notre \u00e9quipe d&rsquo;assistance par courrier \u00e9lectronique.&lt;.li&gt; Nous traiterons votre...\" \/>\n<meta property=\"og:url\" content=\"https:\/\/focus112.com\/delete-account\/\" \/>\n<meta property=\"og:site_name\" content=\"FOCUS112 - Managing Subpoenas and Court orders from Police\" \/>\n<meta property=\"article:modified_time\" content=\"2025-07-29T07:54:17+00:00\" \/>\n<meta name=\"twitter:card\" content=\"summary_large_image\" \/>\n<meta name=\"twitter:label1\" content=\"Dur\u00e9e de lecture estim\u00e9e\" \/>\n\t<meta name=\"twitter:data1\" content=\"1 minute\" \/>\n<script type=\"application\/ld+json\" class=\"yoast-schema-graph\">{\"@context\":\"https:\\\/\\\/schema.org\",\"@graph\":[{\"@type\":\"WebPage\",\"@id\":\"https:\\\/\\\/focus112.com\\\/delete-account\\\/\",\"url\":\"https:\\\/\\\/focus112.com\\\/delete-account\\\/\",\"name\":\"Supprimer le compte - FOCUS112 - Managing Subpoenas and Court orders from Police\",\"isPartOf\":{\"@id\":\"https:\\\/\\\/focus112.com\\\/#website\"},\"datePublished\":\"2025-07-14T08:18:12+00:00\",\"dateModified\":\"2025-07-29T07:54:17+00:00\",\"breadcrumb\":{\"@id\":\"https:\\\/\\\/focus112.com\\\/delete-account\\\/#breadcrumb\"},\"inLanguage\":\"fr-FR\",\"potentialAction\":[{\"@type\":\"ReadAction\",\"target\":[\"https:\\\/\\\/focus112.com\\\/delete-account\\\/\"]}]},{\"@type\":\"BreadcrumbList\",\"@id\":\"https:\\\/\\\/focus112.com\\\/delete-account\\\/#breadcrumb\",\"itemListElement\":[{\"@type\":\"ListItem\",\"position\":1,\"name\":\"Home\",\"item\":\"https:\\\/\\\/focus112.com\\\/fr\\\/\"},{\"@type\":\"ListItem\",\"position\":2,\"name\":\"Supprimer le compte\"}]},{\"@type\":\"WebSite\",\"@id\":\"https:\\\/\\\/focus112.com\\\/#website\",\"url\":\"https:\\\/\\\/focus112.com\\\/\",\"name\":\"FOCUS112 - Managing Subpoenas and Court orders from Police\",\"description\":\"Legal Compliance Management Software\",\"publisher\":{\"@id\":\"https:\\\/\\\/focus112.com\\\/#organization\"},\"potentialAction\":[{\"@type\":\"SearchAction\",\"target\":{\"@type\":\"EntryPoint\",\"urlTemplate\":\"https:\\\/\\\/focus112.com\\\/?s={search_term_string}\"},\"query-input\":{\"@type\":\"PropertyValueSpecification\",\"valueRequired\":true,\"valueName\":\"search_term_string\"}}],\"inLanguage\":\"fr-FR\"},{\"@type\":\"Organization\",\"@id\":\"https:\\\/\\\/focus112.com\\\/#organization\",\"name\":\"Focus Data Services Ltd\",\"alternateName\":\"Focus112\",\"url\":\"https:\\\/\\\/focus112.com\\\/\",\"logo\":{\"@type\":\"ImageObject\",\"inLanguage\":\"fr-FR\",\"@id\":\"https:\\\/\\\/focus112.com\\\/#\\\/schema\\\/logo\\\/image\\\/\",\"url\":\"https:\\\/\\\/focus112.com\\\/wp-content\\\/uploads\\\/2024\\\/11\\\/FocusDataLogo-180w.png\",\"contentUrl\":\"https:\\\/\\\/focus112.com\\\/wp-content\\\/uploads\\\/2024\\\/11\\\/FocusDataLogo-180w.png\",\"width\":180,\"height\":74,\"caption\":\"Focus Data Services Ltd\"},\"image\":{\"@id\":\"https:\\\/\\\/focus112.com\\\/#\\\/schema\\\/logo\\\/image\\\/\"}}]}<\/script>\n<!-- \/ Yoast SEO plugin. -->","yoast_head_json":{"title":"Supprimer le compte - FOCUS112 - Managing Subpoenas and Court orders from Police","robots":{"index":"index","follow":"follow","max-snippet":"max-snippet:-1","max-image-preview":"max-image-preview:large","max-video-preview":"max-video-preview:-1"},"canonical":"https:\/\/focus112.com\/delete-account\/","og_locale":"fr_FR","og_type":"article","og_title":"Supprimer le compte - FOCUS112 - Managing Subpoenas and Court orders from Police","og_description":"Supprimer les informations du compte pour Cellsite Forensics, d\u00e9velopp\u00e9 par Focus Data Services.&nbsp; Comment demander la suppression de votre compte Cellsite Forensics ? Pour demander la suppression de votre compte et des donn\u00e9es associ\u00e9es, veuillez contacter notre \u00e9quipe d&rsquo;assistance par courrier \u00e9lectronique.&lt;.li&gt; Nous traiterons votre...","og_url":"https:\/\/focus112.com\/delete-account\/","og_site_name":"FOCUS112 - Managing Subpoenas and Court orders from Police","article_modified_time":"2025-07-29T07:54:17+00:00","twitter_card":"summary_large_image","twitter_misc":{"Dur\u00e9e de lecture estim\u00e9e":"1 minute"},"schema":{"@context":"https:\/\/schema.org","@graph":[{"@type":"WebPage","@id":"https:\/\/focus112.com\/delete-account\/","url":"https:\/\/focus112.com\/delete-account\/","name":"Supprimer le compte - FOCUS112 - Managing Subpoenas and Court orders from Police","isPartOf":{"@id":"https:\/\/focus112.com\/#website"},"datePublished":"2025-07-14T08:18:12+00:00","dateModified":"2025-07-29T07:54:17+00:00","breadcrumb":{"@id":"https:\/\/focus112.com\/delete-account\/#breadcrumb"},"inLanguage":"fr-FR","potentialAction":[{"@type":"ReadAction","target":["https:\/\/focus112.com\/delete-account\/"]}]},{"@type":"BreadcrumbList","@id":"https:\/\/focus112.com\/delete-account\/#breadcrumb","itemListElement":[{"@type":"ListItem","position":1,"name":"Home","item":"https:\/\/focus112.com\/fr\/"},{"@type":"ListItem","position":2,"name":"Supprimer le compte"}]},{"@type":"WebSite","@id":"https:\/\/focus112.com\/#website","url":"https:\/\/focus112.com\/","name":"FOCUS112 - Managing Subpoenas and Court orders from Police","description":"Legal Compliance Management Software","publisher":{"@id":"https:\/\/focus112.com\/#organization"},"potentialAction":[{"@type":"SearchAction","target":{"@type":"EntryPoint","urlTemplate":"https:\/\/focus112.com\/?s={search_term_string}"},"query-input":{"@type":"PropertyValueSpecification","valueRequired":true,"valueName":"search_term_string"}}],"inLanguage":"fr-FR"},{"@type":"Organization","@id":"https:\/\/focus112.com\/#organization","name":"Focus Data Services Ltd","alternateName":"Focus112","url":"https:\/\/focus112.com\/","logo":{"@type":"ImageObject","inLanguage":"fr-FR","@id":"https:\/\/focus112.com\/#\/schema\/logo\/image\/","url":"https:\/\/focus112.com\/wp-content\/uploads\/2024\/11\/FocusDataLogo-180w.png","contentUrl":"https:\/\/focus112.com\/wp-content\/uploads\/2024\/11\/FocusDataLogo-180w.png","width":180,"height":74,"caption":"Focus Data Services Ltd"},"image":{"@id":"https:\/\/focus112.com\/#\/schema\/logo\/image\/"}}]}},"_links":{"self":[{"href":"https:\/\/focus112.com\/fr\/wp-json\/wp\/v2\/pages\/1588","targetHints":{"allow":["GET"]}}],"collection":[{"href":"https:\/\/focus112.com\/fr\/wp-json\/wp\/v2\/pages"}],"about":[{"href":"https:\/\/focus112.com\/fr\/wp-json\/wp\/v2\/types\/page"}],"author":[{"embeddable":true,"href":"https:\/\/focus112.com\/fr\/wp-json\/wp\/v2\/users\/1"}],"replies":[{"embeddable":true,"href":"https:\/\/focus112.com\/fr\/wp-json\/wp\/v2\/comments?post=1588"}],"version-history":[{"count":1,"href":"https:\/\/focus112.com\/fr\/wp-json\/wp\/v2\/pages\/1588\/revisions"}],"predecessor-version":[{"id":1589,"href":"https:\/\/focus112.com\/fr\/wp-json\/wp\/v2\/pages\/1588\/revisions\/1589"}],"wp:attachment":[{"href":"https:\/\/focus112.com\/fr\/wp-json\/wp\/v2\/media?parent=1588"}],"curies":[{"name":"wp","href":"https:\/\/api.w.org\/{rel}","templated":true}]}}