{"id":1594,"date":"2025-07-29T07:56:15","date_gmt":"2025-07-29T07:56:15","guid":{"rendered":"https:\/\/focus112.com\/debarquement-4-francais\/"},"modified":"2026-01-16T14:56:33","modified_gmt":"2026-01-16T14:56:33","slug":"debarquement-4-francais","status":"publish","type":"page","link":"https:\/\/focus112.com\/fr\/debarquement-4-francais\/","title":{"rendered":"D\u00e9barquement 4 Fran\u00e7ais"},"content":{"rendered":"\t\t<div data-elementor-type=\"wp-page\" data-elementor-id=\"1594\" class=\"elementor elementor-1594 elementor-1592\">\n\t\t\t\t\t\t<section class=\"elementor-section elementor-top-section elementor-element elementor-element-26ea532 elementor-section-full_width elementor-section-height-default elementor-section-height-default parallax_section_no qode_elementor_container_no\" data-id=\"26ea532\" data-element_type=\"section\" data-e-type=\"section\">\n\t\t\t\t\t\t<div class=\"elementor-container elementor-column-gap-default\">\n\t\t\t\t\t<div class=\"elementor-column elementor-col-100 elementor-top-column elementor-element elementor-element-02ed651\" data-id=\"02ed651\" data-element_type=\"column\" data-e-type=\"column\">\n\t\t\t<div class=\"elementor-widget-wrap elementor-element-populated\">\n\t\t\t\t\t\t<div class=\"elementor-element elementor-element-4e180ed elementor-widget elementor-widget-wp-widget-rev-slider-widget\" data-id=\"4e180ed\" data-element_type=\"widget\" data-e-type=\"widget\" data-widget_type=\"wp-widget-rev-slider-widget.default\">\n\t\t\t\t<div class=\"elementor-widget-container\">\n\t\t\t\t\t\n\t\t\t\t<p class=\"rs-p-wp-fix\"><\/p>\n\t\t\t\t<sr7-module data-alias=\"slider-landing-2-13\" data-id=\"15\" id=\"SR7_15_1\" class=\"rs-ov-hidden\" data-version=\"6.7.21\">\n\t\t\t\t\t<sr7-adjuster><\/sr7-adjuster>\n\t\t\t\t\t<sr7-content>\n\t\t\t\t\t\t<sr7-slide id=\"SR7_15_1-30\" data-key=\"30\">\n\t\t\t\t\t\t\t<h2 id=\"SR7_15_1-30-0\" class=\"sr7-layer\">Gestion de la conformit\u00e9 juridique<\/h2>\n\t\t\t\t\t\t\t<sr7-txt id=\"SR7_15_1-30-1\" class=\"sr7-layer\"><h3 style=\"color:#FFFFFF;\">Aider \u00e0 la d\u00e9couverte de la v\u00e9rit\u00e9<\/h3>Gestion du traitement de la conformit\u00e9 et automatisation de la r\u00e9cup\u00e9ration des donn\u00e9es entre les organismes charg\u00e9s de l'application de la loi et les op\u00e9rateurs de r\u00e9seaux mobiles.<br \/>\n<br \/>\nNotre plateforme logicielle permet aux op\u00e9rateurs de r\u00e9seaux de se conformer aux d\u00e9cisions de justice et aux assignations \u00e0 compara\u00eetre de la police. Nous contribuons \u00e0 arr\u00eater les criminels et \u00e0 sauver des vies.<br \/>\n<\/sr7-txt>\n\t\t\t\t\t\t\t<a id=\"SR7_15_1-30-3\" class=\"sr7-layer\" href=\"https:\/\/focus-in.tel\/login\/\" target=\"_self\">Login<\/a>\n\t\t\t\t\t\t\t<a id=\"SR7_15_1-30-5\" class=\"sr7-layer\" href=\"https:\/\/focus112.com\/cell-phone-forensics\/\" target=\"_blank\" rel=\"noopener\"><h3 style=\"color:#FFFFFF;\">Cell Phone Forensics:<\/h3> Retrieving and Interpreting Mobile Device Location Data.<\/a>\n\t\t\t\t\t\t\t<a id=\"SR7_15_1-30-6\" class=\"sr7-layer\" href=\"https:\/\/focus112.com\/cell-phone-forensics\/\" target=\"_blank\" rel=\"noopener\">VIEW WHITEPAPER<\/a>\n\t\t\t\t\t\t<\/sr7-slide>\n\t\t\t\t\t\t<sr7-slide id=\"SR7_15_1-31\" data-key=\"31\">\n\t\t\t\t\t\t<\/sr7-slide>\n\t\t\t\t\t<\/sr7-content>\n\t\t\t\t\t<image_lists style=\"display:none\">\n\t\t\t\t\t\t<img data-src=\"\/\/focus112.com\/wp-content\/uploads\/2024\/12\/slider-dec24-01.jpg\" width=\"0\" height=\"0\" data-dbsrc=\"Ly9mb2N1czExMi5jb20vd3AtY29udGVudC91cGxvYWRzLzIwMjQvMTIvc2xpZGVyLWRlYzI0LTAxLmpwZw==\"\/>\n\t\t\t\t\t\t<img data-src=\"\/\/focus112.com\/wp-content\/uploads\/2025\/07\/white-paper.png\" data-libid=\"1328\" data-lib=\"medialibrary\" title=\"white-paper\" width=\"0\" height=\"0\" data-dbsrc=\"Ly9mb2N1czExMi5jb20vd3AtY29udGVudC91cGxvYWRzLzIwMjUvMDcvd2hpdGUtcGFwZXIucG5n\"\/>\n\t\t\t\t\t<\/image_lists>\n\t\t\t\t<\/sr7-module>\n\t\t\t\t<script>\n\t\t\t\t\tSR7.PMH ??={}; SR7.PMH[\"SR7_15_1\"] = {cn:0,state:false,fn: function() { if (_tpt!==undefined && _tpt.prepareModuleHeight !== undefined) {  _tpt.prepareModuleHeight({id:\"SR7_15_1\",el:[730,730,800,600,800],type:'standard',shdw:'0',gh:[730,730,800,600,800],gw:[1400,1400,1023,700,480],vpt:['-100px&#039;,&#039;-100px&#039;,&#039;-100px&#039;,&#039;-100px&#039;,&#039;-100px'],size:{fullWidth:true, fullHeight:false},mh:'0',onh:0,onw:0,bg:{color:'{\"orig\":\"transparent\",\"type\":\"solid\",\"string\":\"transparent\"}',image:{src:'https:\/\/focus112.com\/wp-content\/uploads\/2024\/12\/slider-dec24-01.jpg',size:'',position:'center center',repeat:''}}});   SR7.PMH[\"SR7_15_1\"].state=true;} else if((SR7.PMH[\"SR7_15_1\"].cn++)<100)\tsetTimeout( SR7.PMH[\"SR7_15_1\"].fn,19);}};SR7.PMH[\"SR7_15_1\" ].fn();\n\t\t\t\t<\/script>\n\t\t\t\t<\/div>\n\t\t\t\t<\/div>\n\t\t\t\t\t<\/div>\n\t\t<\/div>\n\t\t\t\t\t<\/div>\n\t\t<\/section>\n\t\t\t\t<section class=\"elementor-section elementor-top-section elementor-element elementor-element-471c12a elementor-section-full_width qode_elementor_container_inner elementor-section-height-default elementor-section-height-default parallax_section_no\" data-id=\"471c12a\" data-element_type=\"section\" data-e-type=\"section\">\n\t\t\t\t\t\t<div class=\"elementor-container elementor-column-gap-default\">\n\t\t\t\t\t<div class=\"elementor-column elementor-col-50 elementor-top-column elementor-element elementor-element-ac971cb\" data-id=\"ac971cb\" data-element_type=\"column\" data-e-type=\"column\">\n\t\t\t<div class=\"elementor-widget-wrap elementor-element-populated\">\n\t\t\t\t\t\t<div class=\"elementor-element elementor-element-02bf26f elementor-widget elementor-widget-spacer\" data-id=\"02bf26f\" data-element_type=\"widget\" data-e-type=\"widget\" data-widget_type=\"spacer.default\">\n\t\t\t\t<div class=\"elementor-widget-container\">\n\t\t\t\t\t\t\t<div class=\"elementor-spacer\">\n\t\t\t<div class=\"elementor-spacer-inner\"><\/div>\n\t\t<\/div>\n\t\t\t\t\t\t<\/div>\n\t\t\t\t<\/div>\n\t\t\t\t<div class=\"elementor-element elementor-element-0222142 elementor-widget elementor-widget-heading\" data-id=\"0222142\" data-element_type=\"widget\" data-e-type=\"widget\" data-widget_type=\"heading.default\">\n\t\t\t\t<div class=\"elementor-widget-container\">\n\t\t\t\t\t<h3 class=\"elementor-heading-title elementor-size-default\">Application d'enqu\u00eate sur les sites cellulaires  <\/h3>\t\t\t\t<\/div>\n\t\t\t\t<\/div>\n\t\t\t\t<div class=\"elementor-element elementor-element-a1f7598 elementor-widget elementor-widget-spacer\" data-id=\"a1f7598\" data-element_type=\"widget\" data-e-type=\"widget\" data-widget_type=\"spacer.default\">\n\t\t\t\t<div class=\"elementor-widget-container\">\n\t\t\t\t\t\t\t<div class=\"elementor-spacer\">\n\t\t\t<div class=\"elementor-spacer-inner\"><\/div>\n\t\t<\/div>\n\t\t\t\t\t\t<\/div>\n\t\t\t\t<\/div>\n\t\t\t\t<div class=\"elementor-element elementor-element-c049587 elementor-widget elementor-widget-text-editor\" data-id=\"c049587\" data-element_type=\"widget\" data-e-type=\"widget\" data-widget_type=\"text-editor.default\">\n\t\t\t\t<div class=\"elementor-widget-container\">\n\t\t\t\t\t\t\t\t\t<p>L&rsquo;application Cell-site Survey permet d&rsquo;effectuer des enqu\u00eates m\u00e9dico-l\u00e9gales sur les sites cellulaires qui assurent la couverture d&rsquo;une sc\u00e8ne de crime.<\/p><p><br>Il enregistre l&rsquo;identit\u00e9 de la cellule, les fr\u00e9quences et la force du signal par rapport \u00e0 la position GPS. Les lieux d&rsquo;int\u00e9r\u00eat peuvent \u00eatre marqu\u00e9s et l&rsquo;agent peut suivre leur progression au cours de l&rsquo;enqu\u00eate. Une copie de travail peut \u00eatre t\u00e9l\u00e9charg\u00e9e sur le t\u00e9l\u00e9phone. Les r\u00e9sultats de l&rsquo;enqu\u00eate sont sauvegard\u00e9s sous forme de copie hach\u00e9e (Gold) sur un serveur de confiance en vue d&rsquo;une r\u00e9cup\u00e9ration ult\u00e9rieure.   <\/p>\t\t\t\t\t\t\t\t<\/div>\n\t\t\t\t<\/div>\n\t\t\t\t<div class=\"elementor-element elementor-element-4642f84 elementor-widget elementor-widget-image\" data-id=\"4642f84\" data-element_type=\"widget\" data-e-type=\"widget\" data-widget_type=\"image.default\">\n\t\t\t\t<div class=\"elementor-widget-container\">\n\t\t\t\t\t\t\t\t\t\t\t\t\t\t\t<img fetchpriority=\"high\" decoding=\"async\" width=\"600\" height=\"660\" src=\"https:\/\/focus112.com\/wp-content\/uploads\/2025\/07\/forensic-cell-site.jpg\" class=\"attachment-large size-large wp-image-1605\" alt=\"\" srcset=\"https:\/\/focus112.com\/wp-content\/uploads\/2025\/07\/forensic-cell-site.jpg 600w, https:\/\/focus112.com\/wp-content\/uploads\/2025\/07\/forensic-cell-site-273x300.jpg 273w\" sizes=\"(max-width: 600px) 100vw, 600px\" \/>\t\t\t\t\t\t\t\t\t\t\t\t\t\t\t<\/div>\n\t\t\t\t<\/div>\n\t\t\t\t\t<\/div>\n\t\t<\/div>\n\t\t\t\t<div class=\"elementor-column elementor-col-50 elementor-top-column elementor-element elementor-element-3b5c409\" data-id=\"3b5c409\" data-element_type=\"column\" data-e-type=\"column\">\n\t\t\t<div class=\"elementor-widget-wrap elementor-element-populated\">\n\t\t\t\t\t\t<div class=\"elementor-element elementor-element-1615478 elementor-widget elementor-widget-spacer\" data-id=\"1615478\" data-element_type=\"widget\" data-e-type=\"widget\" data-widget_type=\"spacer.default\">\n\t\t\t\t<div class=\"elementor-widget-container\">\n\t\t\t\t\t\t\t<div class=\"elementor-spacer\">\n\t\t\t<div class=\"elementor-spacer-inner\"><\/div>\n\t\t<\/div>\n\t\t\t\t\t\t<\/div>\n\t\t\t\t<\/div>\n\t\t\t\t<div class=\"elementor-element elementor-element-19a76a0 elementor-widget elementor-widget-heading\" data-id=\"19a76a0\" data-element_type=\"widget\" data-e-type=\"widget\" data-widget_type=\"heading.default\">\n\t\t\t\t<div class=\"elementor-widget-container\">\n\t\t\t\t\t<h3 class=\"elementor-heading-title elementor-size-default\">Caract\u00e9ristiques :<\/h3>\t\t\t\t<\/div>\n\t\t\t\t<\/div>\n\t\t\t\t<div class=\"elementor-element elementor-element-c39f7f8 elementor-widget elementor-widget-spacer\" data-id=\"c39f7f8\" data-element_type=\"widget\" data-e-type=\"widget\" data-widget_type=\"spacer.default\">\n\t\t\t\t<div class=\"elementor-widget-container\">\n\t\t\t\t\t\t\t<div class=\"elementor-spacer\">\n\t\t\t<div class=\"elementor-spacer-inner\"><\/div>\n\t\t<\/div>\n\t\t\t\t\t\t<\/div>\n\t\t\t\t<\/div>\n\t\t\t\t<div class=\"elementor-element elementor-element-162e6f9 elementor-widget elementor-widget-text-editor\" data-id=\"162e6f9\" data-element_type=\"widget\" data-e-type=\"widget\" data-widget_type=\"text-editor.default\">\n\t\t\t\t<div class=\"elementor-widget-container\">\n\t\t\t\t\t\t\t\t\t<ul><li>Fournit une \u00e9tude m\u00e9dico-l\u00e9gale de la couverture des sites cellulaires d&rsquo;un lieu.<\/li><li>Une enqu\u00eate peut \u00eatre cr\u00e9\u00e9e et des donn\u00e9es cl\u00e9s peuvent \u00eatre saisies. (R\u00e9f\u00e9rence de l&rsquo;agence, etc.) <\/li><li>Une carte du lieu s&rsquo;affiche, permettant \u00e0 l&rsquo;agent de suivre la progression de l&rsquo;enqu\u00eate.<\/li><li>Les endroits cl\u00e9s peuvent \u00eatre marqu\u00e9s et \u00e9tiquet\u00e9s avec la position GPS.<\/li><li>L&#8217;emplacement et les d\u00e9tails de la cellule de service sont enregistr\u00e9s avec la position GPS toutes les x secondes et affich\u00e9s sur la carte. Les sites cellulaires sont cod\u00e9s par couleur. <\/li><li>L&rsquo;enqu\u00eate peut \u00eatre interrompue et relanc\u00e9e.<\/li><li>Une copie de travail peut \u00eatre t\u00e9l\u00e9charg\u00e9e sur le t\u00e9l\u00e9phone \u00e0 la fin de l&rsquo;enqu\u00eate.<\/li><li>Une copie probante hach\u00e9e (Gold) est transmise \u00e0 <a href=\"http:\/\/www.focus-in.tel\/\">focus-in.tel o\u00f9<\/a>l&rsquo;agent peut se connecter \u00e0 son compte et t\u00e9l\u00e9charger. Il s&rsquo;agit d&rsquo;un service premium. <\/li><li>Une piste d&rsquo;audit compl\u00e8te est conserv\u00e9e pour la cha\u00eene de preuves et peut \u00eatre t\u00e9l\u00e9charg\u00e9e.<\/li><\/ul><p>L&rsquo;application Focus112 Cell-site Survey fonctionne sur les tablettes et les t\u00e9l\u00e9phones fonctionnant sous Android et plus.<\/p>\t\t\t\t\t\t\t\t<\/div>\n\t\t\t\t<\/div>\n\t\t\t\t<div class=\"elementor-element elementor-element-1fc1c1f elementor-widget elementor-widget-spacer\" data-id=\"1fc1c1f\" data-element_type=\"widget\" data-e-type=\"widget\" data-widget_type=\"spacer.default\">\n\t\t\t\t<div class=\"elementor-widget-container\">\n\t\t\t\t\t\t\t<div class=\"elementor-spacer\">\n\t\t\t<div class=\"elementor-spacer-inner\"><\/div>\n\t\t<\/div>\n\t\t\t\t\t\t<\/div>\n\t\t\t\t<\/div>\n\t\t\t\t<div class=\"elementor-element elementor-element-3a038f8 elementor-widget elementor-widget-heading\" data-id=\"3a038f8\" data-element_type=\"widget\" data-e-type=\"widget\" data-widget_type=\"heading.default\">\n\t\t\t\t<div class=\"elementor-widget-container\">\n\t\t\t\t\t<h3 class=\"elementor-heading-title elementor-size-default\">R\u00e9seaux pris en charge<\/h3>\t\t\t\t<\/div>\n\t\t\t\t<\/div>\n\t\t\t\t<div class=\"elementor-element elementor-element-1a1b192 elementor-widget elementor-widget-spacer\" data-id=\"1a1b192\" data-element_type=\"widget\" data-e-type=\"widget\" data-widget_type=\"spacer.default\">\n\t\t\t\t<div class=\"elementor-widget-container\">\n\t\t\t\t\t\t\t<div class=\"elementor-spacer\">\n\t\t\t<div class=\"elementor-spacer-inner\"><\/div>\n\t\t<\/div>\n\t\t\t\t\t\t<\/div>\n\t\t\t\t<\/div>\n\t\t\t\t<div class=\"elementor-element elementor-element-4454fcf elementor-widget elementor-widget-text-editor\" data-id=\"4454fcf\" data-element_type=\"widget\" data-e-type=\"widget\" data-widget_type=\"text-editor.default\">\n\t\t\t\t<div class=\"elementor-widget-container\">\n\t\t\t\t\t\t\t\t\t<ul><li>GSMU<\/li><li>MTS<\/li><li>CDMA<\/li><li>LTE<\/li><li>NR<\/li><\/ul><p> <\/p><p>L&rsquo;application Focus112 Cell-site Survey fonctionne sur les tablettes et les t\u00e9l\u00e9phones fonctionnant sous Android et plus.<\/p>\t\t\t\t\t\t\t\t<\/div>\n\t\t\t\t<\/div>\n\t\t\t\t\t<\/div>\n\t\t<\/div>\n\t\t\t\t\t<\/div>\n\t\t<\/section>\n\t\t\t\t<\/div>\n\t\t","protected":false},"excerpt":{"rendered":"<p>Application d&rsquo;enqu\u00eate sur les sites cellulaires L&rsquo;application Cell-site Survey permet d&rsquo;effectuer des enqu\u00eates m\u00e9dico-l\u00e9gales sur les sites cellulaires qui assurent la couverture d&rsquo;une sc\u00e8ne de crime. Il enregistre l&rsquo;identit\u00e9 de la cellule, les fr\u00e9quences et la force du signal par rapport \u00e0 la position GPS&#8230;.<\/p>\n","protected":false},"author":1,"featured_media":0,"parent":0,"menu_order":0,"comment_status":"closed","ping_status":"closed","template":"full_width.php","meta":{"_monsterinsights_skip_tracking":false,"_monsterinsights_sitenote_active":false,"_monsterinsights_sitenote_note":"","_monsterinsights_sitenote_category":0,"footnotes":""},"class_list":["post-1594","page","type-page","status-publish","hentry"],"yoast_head":"<!-- This site is optimized with the Yoast SEO plugin v27.3 - https:\/\/yoast.com\/product\/yoast-seo-wordpress\/ -->\n<title>D\u00e9barquement 4 Fran\u00e7ais - FOCUS112 - Managing Subpoenas and Court orders from Police<\/title>\n<meta name=\"robots\" content=\"index, follow, max-snippet:-1, max-image-preview:large, max-video-preview:-1\" \/>\n<link rel=\"canonical\" href=\"https:\/\/focus112.com\/landing4-french\/\" \/>\n<meta property=\"og:locale\" content=\"fr_FR\" \/>\n<meta property=\"og:type\" content=\"article\" \/>\n<meta property=\"og:title\" content=\"D\u00e9barquement 4 Fran\u00e7ais - FOCUS112 - Managing Subpoenas and Court orders from Police\" \/>\n<meta property=\"og:description\" content=\"Application d&rsquo;enqu\u00eate sur les sites cellulaires L&rsquo;application Cell-site Survey permet d&rsquo;effectuer des enqu\u00eates m\u00e9dico-l\u00e9gales sur les sites cellulaires qui assurent la couverture d&rsquo;une sc\u00e8ne de crime. Il enregistre l&rsquo;identit\u00e9 de la cellule, les fr\u00e9quences et la force du signal par rapport \u00e0 la position GPS....\" \/>\n<meta property=\"og:url\" content=\"https:\/\/focus112.com\/landing4-french\/\" \/>\n<meta property=\"og:site_name\" content=\"FOCUS112 - Managing Subpoenas and Court orders from Police\" \/>\n<meta property=\"article:modified_time\" content=\"2026-01-16T14:56:33+00:00\" \/>\n<meta property=\"og:image\" content=\"https:\/\/focus112.com\/wp-content\/uploads\/2025\/07\/forensic-cell-site.jpg\" \/>\n\t<meta property=\"og:image:width\" content=\"600\" \/>\n\t<meta property=\"og:image:height\" content=\"660\" \/>\n\t<meta property=\"og:image:type\" content=\"image\/jpeg\" \/>\n<meta name=\"twitter:card\" content=\"summary_large_image\" \/>\n<meta name=\"twitter:label1\" content=\"Dur\u00e9e de lecture estim\u00e9e\" \/>\n\t<meta name=\"twitter:data1\" content=\"3 minutes\" \/>\n<script type=\"application\/ld+json\" class=\"yoast-schema-graph\">{\"@context\":\"https:\\\/\\\/schema.org\",\"@graph\":[{\"@type\":\"WebPage\",\"@id\":\"https:\\\/\\\/focus112.com\\\/landing4-french\\\/\",\"url\":\"https:\\\/\\\/focus112.com\\\/landing4-french\\\/\",\"name\":\"D\u00e9barquement 4 Fran\u00e7ais - FOCUS112 - Managing Subpoenas and Court orders from Police\",\"isPartOf\":{\"@id\":\"https:\\\/\\\/focus112.com\\\/#website\"},\"primaryImageOfPage\":{\"@id\":\"https:\\\/\\\/focus112.com\\\/landing4-french\\\/#primaryimage\"},\"image\":{\"@id\":\"https:\\\/\\\/focus112.com\\\/landing4-french\\\/#primaryimage\"},\"thumbnailUrl\":\"https:\\\/\\\/focus112.com\\\/wp-content\\\/uploads\\\/2025\\\/07\\\/forensic-cell-site.jpg\",\"datePublished\":\"2025-07-29T07:56:15+00:00\",\"dateModified\":\"2026-01-16T14:56:33+00:00\",\"breadcrumb\":{\"@id\":\"https:\\\/\\\/focus112.com\\\/landing4-french\\\/#breadcrumb\"},\"inLanguage\":\"fr-FR\",\"potentialAction\":[{\"@type\":\"ReadAction\",\"target\":[\"https:\\\/\\\/focus112.com\\\/landing4-french\\\/\"]}]},{\"@type\":\"ImageObject\",\"inLanguage\":\"fr-FR\",\"@id\":\"https:\\\/\\\/focus112.com\\\/landing4-french\\\/#primaryimage\",\"url\":\"https:\\\/\\\/focus112.com\\\/wp-content\\\/uploads\\\/2025\\\/07\\\/forensic-cell-site.jpg\",\"contentUrl\":\"https:\\\/\\\/focus112.com\\\/wp-content\\\/uploads\\\/2025\\\/07\\\/forensic-cell-site.jpg\"},{\"@type\":\"BreadcrumbList\",\"@id\":\"https:\\\/\\\/focus112.com\\\/landing4-french\\\/#breadcrumb\",\"itemListElement\":[{\"@type\":\"ListItem\",\"position\":1,\"name\":\"Home\",\"item\":\"https:\\\/\\\/focus112.com\\\/fr\\\/\"},{\"@type\":\"ListItem\",\"position\":2,\"name\":\"D\u00e9barquement 4 Fran\u00e7ais\"}]},{\"@type\":\"WebSite\",\"@id\":\"https:\\\/\\\/focus112.com\\\/#website\",\"url\":\"https:\\\/\\\/focus112.com\\\/\",\"name\":\"FOCUS112 - Managing Subpoenas and Court orders from Police\",\"description\":\"Legal Compliance Management Software\",\"publisher\":{\"@id\":\"https:\\\/\\\/focus112.com\\\/#organization\"},\"potentialAction\":[{\"@type\":\"SearchAction\",\"target\":{\"@type\":\"EntryPoint\",\"urlTemplate\":\"https:\\\/\\\/focus112.com\\\/?s={search_term_string}\"},\"query-input\":{\"@type\":\"PropertyValueSpecification\",\"valueRequired\":true,\"valueName\":\"search_term_string\"}}],\"inLanguage\":\"fr-FR\"},{\"@type\":\"Organization\",\"@id\":\"https:\\\/\\\/focus112.com\\\/#organization\",\"name\":\"Focus Data Services Ltd\",\"alternateName\":\"Focus112\",\"url\":\"https:\\\/\\\/focus112.com\\\/\",\"logo\":{\"@type\":\"ImageObject\",\"inLanguage\":\"fr-FR\",\"@id\":\"https:\\\/\\\/focus112.com\\\/#\\\/schema\\\/logo\\\/image\\\/\",\"url\":\"https:\\\/\\\/focus112.com\\\/wp-content\\\/uploads\\\/2024\\\/11\\\/FocusDataLogo-180w.png\",\"contentUrl\":\"https:\\\/\\\/focus112.com\\\/wp-content\\\/uploads\\\/2024\\\/11\\\/FocusDataLogo-180w.png\",\"width\":180,\"height\":74,\"caption\":\"Focus Data Services Ltd\"},\"image\":{\"@id\":\"https:\\\/\\\/focus112.com\\\/#\\\/schema\\\/logo\\\/image\\\/\"}}]}<\/script>\n<!-- \/ Yoast SEO plugin. -->","yoast_head_json":{"title":"D\u00e9barquement 4 Fran\u00e7ais - FOCUS112 - Managing Subpoenas and Court orders from Police","robots":{"index":"index","follow":"follow","max-snippet":"max-snippet:-1","max-image-preview":"max-image-preview:large","max-video-preview":"max-video-preview:-1"},"canonical":"https:\/\/focus112.com\/landing4-french\/","og_locale":"fr_FR","og_type":"article","og_title":"D\u00e9barquement 4 Fran\u00e7ais - FOCUS112 - Managing Subpoenas and Court orders from Police","og_description":"Application d&rsquo;enqu\u00eate sur les sites cellulaires L&rsquo;application Cell-site Survey permet d&rsquo;effectuer des enqu\u00eates m\u00e9dico-l\u00e9gales sur les sites cellulaires qui assurent la couverture d&rsquo;une sc\u00e8ne de crime. Il enregistre l&rsquo;identit\u00e9 de la cellule, les fr\u00e9quences et la force du signal par rapport \u00e0 la position GPS....","og_url":"https:\/\/focus112.com\/landing4-french\/","og_site_name":"FOCUS112 - Managing Subpoenas and Court orders from Police","article_modified_time":"2026-01-16T14:56:33+00:00","og_image":[{"width":600,"height":660,"url":"https:\/\/focus112.com\/wp-content\/uploads\/2025\/07\/forensic-cell-site.jpg","type":"image\/jpeg"}],"twitter_card":"summary_large_image","twitter_misc":{"Dur\u00e9e de lecture estim\u00e9e":"3 minutes"},"schema":{"@context":"https:\/\/schema.org","@graph":[{"@type":"WebPage","@id":"https:\/\/focus112.com\/landing4-french\/","url":"https:\/\/focus112.com\/landing4-french\/","name":"D\u00e9barquement 4 Fran\u00e7ais - FOCUS112 - Managing Subpoenas and Court orders from Police","isPartOf":{"@id":"https:\/\/focus112.com\/#website"},"primaryImageOfPage":{"@id":"https:\/\/focus112.com\/landing4-french\/#primaryimage"},"image":{"@id":"https:\/\/focus112.com\/landing4-french\/#primaryimage"},"thumbnailUrl":"https:\/\/focus112.com\/wp-content\/uploads\/2025\/07\/forensic-cell-site.jpg","datePublished":"2025-07-29T07:56:15+00:00","dateModified":"2026-01-16T14:56:33+00:00","breadcrumb":{"@id":"https:\/\/focus112.com\/landing4-french\/#breadcrumb"},"inLanguage":"fr-FR","potentialAction":[{"@type":"ReadAction","target":["https:\/\/focus112.com\/landing4-french\/"]}]},{"@type":"ImageObject","inLanguage":"fr-FR","@id":"https:\/\/focus112.com\/landing4-french\/#primaryimage","url":"https:\/\/focus112.com\/wp-content\/uploads\/2025\/07\/forensic-cell-site.jpg","contentUrl":"https:\/\/focus112.com\/wp-content\/uploads\/2025\/07\/forensic-cell-site.jpg"},{"@type":"BreadcrumbList","@id":"https:\/\/focus112.com\/landing4-french\/#breadcrumb","itemListElement":[{"@type":"ListItem","position":1,"name":"Home","item":"https:\/\/focus112.com\/fr\/"},{"@type":"ListItem","position":2,"name":"D\u00e9barquement 4 Fran\u00e7ais"}]},{"@type":"WebSite","@id":"https:\/\/focus112.com\/#website","url":"https:\/\/focus112.com\/","name":"FOCUS112 - Managing Subpoenas and Court orders from Police","description":"Legal Compliance Management Software","publisher":{"@id":"https:\/\/focus112.com\/#organization"},"potentialAction":[{"@type":"SearchAction","target":{"@type":"EntryPoint","urlTemplate":"https:\/\/focus112.com\/?s={search_term_string}"},"query-input":{"@type":"PropertyValueSpecification","valueRequired":true,"valueName":"search_term_string"}}],"inLanguage":"fr-FR"},{"@type":"Organization","@id":"https:\/\/focus112.com\/#organization","name":"Focus Data Services Ltd","alternateName":"Focus112","url":"https:\/\/focus112.com\/","logo":{"@type":"ImageObject","inLanguage":"fr-FR","@id":"https:\/\/focus112.com\/#\/schema\/logo\/image\/","url":"https:\/\/focus112.com\/wp-content\/uploads\/2024\/11\/FocusDataLogo-180w.png","contentUrl":"https:\/\/focus112.com\/wp-content\/uploads\/2024\/11\/FocusDataLogo-180w.png","width":180,"height":74,"caption":"Focus Data Services Ltd"},"image":{"@id":"https:\/\/focus112.com\/#\/schema\/logo\/image\/"}}]}},"_links":{"self":[{"href":"https:\/\/focus112.com\/fr\/wp-json\/wp\/v2\/pages\/1594","targetHints":{"allow":["GET"]}}],"collection":[{"href":"https:\/\/focus112.com\/fr\/wp-json\/wp\/v2\/pages"}],"about":[{"href":"https:\/\/focus112.com\/fr\/wp-json\/wp\/v2\/types\/page"}],"author":[{"embeddable":true,"href":"https:\/\/focus112.com\/fr\/wp-json\/wp\/v2\/users\/1"}],"replies":[{"embeddable":true,"href":"https:\/\/focus112.com\/fr\/wp-json\/wp\/v2\/comments?post=1594"}],"version-history":[{"count":5,"href":"https:\/\/focus112.com\/fr\/wp-json\/wp\/v2\/pages\/1594\/revisions"}],"predecessor-version":[{"id":1781,"href":"https:\/\/focus112.com\/fr\/wp-json\/wp\/v2\/pages\/1594\/revisions\/1781"}],"wp:attachment":[{"href":"https:\/\/focus112.com\/fr\/wp-json\/wp\/v2\/media?parent=1594"}],"curies":[{"name":"wp","href":"https:\/\/api.w.org\/{rel}","templated":true}]}}